{"id":1588,"date":"2024-12-09T17:10:42","date_gmt":"2024-12-09T17:10:42","guid":{"rendered":"https:\/\/nkcosmeticmaroc.com\/?page_id=1588"},"modified":"2024-12-09T17:11:47","modified_gmt":"2024-12-09T17:11:47","slug":"cheveux-4","status":"publish","type":"page","link":"https:\/\/nkcosmeticmaroc.com\/ar\/cheveux-4\/","title":{"rendered":"Thermom\u00e9tre"},"content":{"rendered":"<div data-elementor-type=\"wp-page\" data-elementor-id=\"1588\" class=\"elementor elementor-1588\">\n\t\t\t\t<div class=\"elementor-element elementor-element-7fe36b7 e-flex e-con-boxed e-con e-parent\" data-id=\"7fe36b7\" data-element_type=\"container\" data-e-type=\"container\">\n\t\t\t\t\t<div class=\"e-con-inner\">\n\t\t\t\t<div class=\"elementor-element elementor-element-b0706e6 elementor-widget-divider--view-line_text elementor-widget-divider--element-align-center elementor-widget elementor-widget-divider\" data-id=\"b0706e6\" data-element_type=\"widget\" data-e-type=\"widget\" data-widget_type=\"divider.default\">\n\t\t\t\t<div class=\"elementor-widget-container\">\n\t\t\t\t\t\t\t<div class=\"elementor-divider\">\n\t\t\t<span class=\"elementor-divider-separator\">\n\t\t\t\t\t\t\t<span class=\"elementor-divider__text elementor-divider__element\">\n\t\t\t\tThermom\u00e9tre\t\t\t\t<\/span>\n\t\t\t\t\t\t<\/span>\n\t\t<\/div>\n\t\t\t\t\t\t<\/div>\n\t\t\t\t<\/div>\n\t\t\t\t\t<\/div>\n\t\t\t\t<\/div>\n\t\t<div class=\"elementor-element elementor-element-dd617cd e-flex e-con-boxed e-con e-parent\" data-id=\"dd617cd\" data-element_type=\"container\" data-e-type=\"container\">\n\t\t\t\t\t<div class=\"e-con-inner\">\n\t\t\t\t<div class=\"elementor-element elementor-element-0aa7fe4 elementor-widget elementor-widget-shortcode\" data-id=\"0aa7fe4\" data-element_type=\"widget\" data-e-type=\"widget\" data-widget_type=\"shortcode.default\">\n\t\t\t\t<div class=\"elementor-widget-container\">\n\t\t\t\t\t\t\t<div class=\"elementor-shortcode\"><div class=\"woocommerce columns-4\"><ul class=\"products columns-4\">\n<li class=\"desktop-align-center tablet-align-center mobile-align-center product type-product post-1387 status-publish first instock product_cat-materiel-de-labo product_cat-thermometre has-post-thumbnail shipping-taxable purchasable product-type-simple\">\n\t<a href=\"https:\/\/nkcosmeticmaroc.com\/ar\/product\/thermometre-infrarouge-numerique-de-temperature-sans-contact\/\" class=\"woocommerce-LoopProduct-link woocommerce-loop-product__link\"><img fetchpriority=\"high\" decoding=\"async\" width=\"300\" height=\"300\" src=\"https:\/\/nkcosmeticmaroc.com\/wp-content\/uploads\/2024\/11\/2357-23-300x300.jpg\" class=\"attachment-woocommerce_thumbnail size-woocommerce_thumbnail\" alt=\"Thermom\u00e8tre infrarouge num\u00e9rique de temp\u00e9rature sans contact\" srcset=\"https:\/\/nkcosmeticmaroc.com\/wp-content\/uploads\/2024\/11\/2357-23-300x300.jpg 300w, https:\/\/nkcosmeticmaroc.com\/wp-content\/uploads\/2024\/11\/2357-23-1024x1024.jpg 1024w, https:\/\/nkcosmeticmaroc.com\/wp-content\/uploads\/2024\/11\/2357-23-150x150.jpg 150w, https:\/\/nkcosmeticmaroc.com\/wp-content\/uploads\/2024\/11\/2357-23-768x768.jpg 768w, https:\/\/nkcosmeticmaroc.com\/wp-content\/uploads\/2024\/11\/2357-23-1536x1536.jpg 1536w, https:\/\/nkcosmeticmaroc.com\/wp-content\/uploads\/2024\/11\/2357-23-2048x2048.jpg 2048w, https:\/\/nkcosmeticmaroc.com\/wp-content\/uploads\/2024\/11\/2357-23-12x12.jpg 12w, https:\/\/nkcosmeticmaroc.com\/wp-content\/uploads\/2024\/11\/2357-23-500x500.jpg 500w, https:\/\/nkcosmeticmaroc.com\/wp-content\/uploads\/2024\/11\/2357-23-100x100.jpg 100w\" sizes=\"(max-width: 300px) 100vw, 300px\" \/><h2 class=\"woocommerce-loop-product__title\">Thermom\u00e8tre infrarouge num\u00e9rique de temp\u00e9rature sans contact<\/h2>\n\t<span class=\"price\"><span class=\"woocommerce-Price-amount amount\"><bdi><span class=\"woocommerce-Price-currencySymbol\">&#x62f;.&#x645;.<\/span>&nbsp;599,00<\/bdi><\/span><\/span>\n<\/a><a href=\"\/ar\/wp-json\/wp\/v2\/pages\/1588?add-to-cart=1387\" aria-describedby=\"woocommerce_loop_add_to_cart_link_describedby_1387\" data-quantity=\"1\" class=\"button product_type_simple add_to_cart_button ajax_add_to_cart\" data-product_id=\"1387\" data-product_sku=\"\" aria-label=\"Ajouter au panier\u00a0: \u201cThermom\u00e8tre infrarouge num\u00e9rique de temp\u00e9rature sans contact\u201d\" rel=\"nofollow\" data-success_message=\"\u201cThermom\u00e8tre infrarouge num\u00e9rique de temp\u00e9rature sans contact\u201d has been added to your cart\" role=\"button\" data-no-translation=\"\" data-trp-gettext=\"\" data-no-translation-aria-label=\"\" data-no-translation-data-success_message=\"\">\u0623\u0637\u0644\u0628 \u0627\u0644\u0622\u0646<\/a>\t<span id=\"woocommerce_loop_add_to_cart_link_describedby_1387\" class=\"screen-reader-text\">\n\t\t\t<\/span>\n<\/li>\n<li class=\"desktop-align-center tablet-align-center mobile-align-center product type-product post-1189 status-publish instock product_cat-materiel-de-labo product_cat-thermometre has-post-thumbnail shipping-taxable purchasable product-type-simple\">\n\t<a href=\"https:\/\/nkcosmeticmaroc.com\/ar\/product\/thermometre\/\" class=\"woocommerce-LoopProduct-link woocommerce-loop-product__link\"><img decoding=\"async\" width=\"300\" height=\"300\" src=\"https:\/\/nkcosmeticmaroc.com\/wp-content\/uploads\/2024\/11\/MATERIEL-LABO-NK-70-300x300.jpg\" class=\"attachment-woocommerce_thumbnail size-woocommerce_thumbnail\" alt=\"Thermom\u00e8tre mercure\" srcset=\"https:\/\/nkcosmeticmaroc.com\/wp-content\/uploads\/2024\/11\/MATERIEL-LABO-NK-70-300x300.jpg 300w, https:\/\/nkcosmeticmaroc.com\/wp-content\/uploads\/2024\/11\/MATERIEL-LABO-NK-70-1024x1024.jpg 1024w, https:\/\/nkcosmeticmaroc.com\/wp-content\/uploads\/2024\/11\/MATERIEL-LABO-NK-70-150x150.jpg 150w, https:\/\/nkcosmeticmaroc.com\/wp-content\/uploads\/2024\/11\/MATERIEL-LABO-NK-70-768x768.jpg 768w, https:\/\/nkcosmeticmaroc.com\/wp-content\/uploads\/2024\/11\/MATERIEL-LABO-NK-70-1536x1536.jpg 1536w, https:\/\/nkcosmeticmaroc.com\/wp-content\/uploads\/2024\/11\/MATERIEL-LABO-NK-70-2048x2048.jpg 2048w, https:\/\/nkcosmeticmaroc.com\/wp-content\/uploads\/2024\/11\/MATERIEL-LABO-NK-70-12x12.jpg 12w, https:\/\/nkcosmeticmaroc.com\/wp-content\/uploads\/2024\/11\/MATERIEL-LABO-NK-70-500x500.jpg 500w, https:\/\/nkcosmeticmaroc.com\/wp-content\/uploads\/2024\/11\/MATERIEL-LABO-NK-70-100x100.jpg 100w\" sizes=\"(max-width: 300px) 100vw, 300px\" \/><h2 class=\"woocommerce-loop-product__title\">Thermom\u00e8tre mercure<\/h2>\n\t<span class=\"price\"><span class=\"woocommerce-Price-amount amount\"><bdi><span class=\"woocommerce-Price-currencySymbol\">&#x62f;.&#x645;.<\/span>&nbsp;99,00<\/bdi><\/span><\/span>\n<\/a><a href=\"\/ar\/wp-json\/wp\/v2\/pages\/1588?add-to-cart=1189\" aria-describedby=\"woocommerce_loop_add_to_cart_link_describedby_1189\" data-quantity=\"1\" class=\"button product_type_simple add_to_cart_button ajax_add_to_cart\" data-product_id=\"1189\" data-product_sku=\"\" aria-label=\"Ajouter au panier\u00a0: \u201cThermom\u00e8tre mercure\u201d\" rel=\"nofollow\" data-success_message=\"\u201cThermom\u00e8tre mercure\u201d has been added to your cart\" role=\"button\" data-no-translation=\"\" data-trp-gettext=\"\" data-no-translation-aria-label=\"\" data-no-translation-data-success_message=\"\">\u0623\u0637\u0644\u0628 \u0627\u0644\u0622\u0646<\/a>\t<span id=\"woocommerce_loop_add_to_cart_link_describedby_1189\" class=\"screen-reader-text\">\n\t\t\t<\/span>\n<\/li>\n<\/ul>\n<\/div><\/div>\n\t\t\t\t\t\t<\/div>\n\t\t\t\t<\/div>\n\t\t\t\t\t<\/div>\n\t\t\t\t<\/div>\n\t\t\t\t<\/div>","protected":false},"excerpt":{"rendered":"<p>Thermom\u00e9tre<\/p>","protected":false},"author":6,"featured_media":0,"parent":0,"menu_order":0,"comment_status":"closed","ping_status":"closed","template":"","meta":{"site-sidebar-layout":"no-sidebar","site-content-layout":"","ast-site-content-layout":"full-width-container","site-content-style":"default","site-sidebar-style":"default","ast-global-header-display":"","ast-banner-title-visibility":"","ast-main-header-display":"","ast-hfb-above-header-display":"","ast-hfb-below-header-display":"","ast-hfb-mobile-header-display":"","site-post-title":"disabled","ast-breadcrumbs-content":"","ast-featured-img":"disabled","footer-sml-layout":"","ast-disable-related-posts":"","theme-transparent-header-meta":"","adv-header-id-meta":"","stick-header-meta":"","header-above-stick-meta":"","header-main-stick-meta":"","header-below-stick-meta":"","astra-migrate-meta-layouts":"default","ast-page-background-enabled":"default","ast-page-background-meta":{"desktop":{"background-color":"var(--ast-global-color-4)","background-image":"","background-repeat":"repeat","background-position":"center center","background-size":"auto","background-attachment":"scroll","background-type":"","background-media":"","overlay-type":"","overlay-color":"","overlay-opacity":"","overlay-gradient":""},"tablet":{"background-color":"","background-image":"","background-repeat":"repeat","background-position":"center center","background-size":"auto","background-attachment":"scroll","background-type":"","background-media":"","overlay-type":"","overlay-color":"","overlay-opacity":"","overlay-gradient":""},"mobile":{"background-color":"","background-image":"","background-repeat":"repeat","background-position":"center center","background-size":"auto","background-attachment":"scroll","background-type":"","background-media":"","overlay-type":"","overlay-color":"","overlay-opacity":"","overlay-gradient":""}},"ast-content-background-meta":{"desktop":{"background-color":"var(--ast-global-color-5)","background-image":"","background-repeat":"repeat","background-position":"center center","background-size":"auto","background-attachment":"scroll","background-type":"","background-media":"","overlay-type":"","overlay-color":"","overlay-opacity":"","overlay-gradient":""},"tablet":{"background-color":"var(--ast-global-color-5)","background-image":"","background-repeat":"repeat","background-position":"center center","background-size":"auto","background-attachment":"scroll","background-type":"","background-media":"","overlay-type":"","overlay-color":"","overlay-opacity":"","overlay-gradient":""},"mobile":{"background-color":"var(--ast-global-color-5)","background-image":"","background-repeat":"repeat","background-position":"center center","background-size":"auto","background-attachment":"scroll","background-type":"","background-media":"","overlay-type":"","overlay-color":"","overlay-opacity":"","overlay-gradient":""}},"footnotes":""},"class_list":["post-1588","page","type-page","status-publish","hentry"],"yoast_head":"<!-- This site is optimized with the Yoast SEO plugin v27.4 - https:\/\/yoast.com\/product\/yoast-seo-wordpress\/ -->\n<title>Thermom\u00e9tre -<\/title>\n<meta name=\"robots\" content=\"index, follow, max-snippet:-1, max-image-preview:large, max-video-preview:-1\" \/>\n<link rel=\"canonical\" href=\"https:\/\/nkcosmeticmaroc.com\/ar\/cheveux-4\/\" \/>\n<meta property=\"og:locale\" content=\"ar_AR\" \/>\n<meta property=\"og:type\" content=\"article\" \/>\n<meta property=\"og:title\" content=\"Thermom\u00e9tre -\" \/>\n<meta property=\"og:description\" content=\"Thermom\u00e9tre\" \/>\n<meta property=\"og:url\" content=\"https:\/\/nkcosmeticmaroc.com\/ar\/cheveux-4\/\" \/>\n<meta property=\"article:modified_time\" content=\"2024-12-09T17:11:47+00:00\" \/>\n<meta name=\"twitter:card\" content=\"summary_large_image\" \/>\n<script type=\"application\/ld+json\" class=\"yoast-schema-graph\">{\"@context\":\"https:\\\/\\\/schema.org\",\"@graph\":[{\"@type\":\"WebPage\",\"@id\":\"https:\\\/\\\/nkcosmeticmaroc.com\\\/cheveux-4\\\/\",\"url\":\"https:\\\/\\\/nkcosmeticmaroc.com\\\/cheveux-4\\\/\",\"name\":\"Thermom\u00e9tre -\",\"isPartOf\":{\"@id\":\"https:\\\/\\\/nkcosmeticmaroc.com\\\/#website\"},\"datePublished\":\"2024-12-09T17:10:42+00:00\",\"dateModified\":\"2024-12-09T17:11:47+00:00\",\"breadcrumb\":{\"@id\":\"https:\\\/\\\/nkcosmeticmaroc.com\\\/cheveux-4\\\/#breadcrumb\"},\"inLanguage\":\"ary\",\"potentialAction\":[{\"@type\":\"ReadAction\",\"target\":[\"https:\\\/\\\/nkcosmeticmaroc.com\\\/cheveux-4\\\/\"]}]},{\"@type\":\"BreadcrumbList\",\"@id\":\"https:\\\/\\\/nkcosmeticmaroc.com\\\/cheveux-4\\\/#breadcrumb\",\"itemListElement\":[{\"@type\":\"ListItem\",\"position\":1,\"name\":\"Home\",\"item\":\"https:\\\/\\\/nkcosmeticmaroc.com\\\/\"},{\"@type\":\"ListItem\",\"position\":2,\"name\":\"Thermom\u00e9tre\"}]},{\"@type\":\"WebSite\",\"@id\":\"https:\\\/\\\/nkcosmeticmaroc.com\\\/#website\",\"url\":\"https:\\\/\\\/nkcosmeticmaroc.com\\\/\",\"name\":\"nkcosmeticmaroc\",\"description\":\"D\u00e9couvrez des Soins de la Peau Uniques Con\u00e7us Juste pour Vous\",\"potentialAction\":[{\"@type\":\"SearchAction\",\"target\":{\"@type\":\"EntryPoint\",\"urlTemplate\":\"https:\\\/\\\/nkcosmeticmaroc.com\\\/?s={search_term_string}\"},\"query-input\":{\"@type\":\"PropertyValueSpecification\",\"valueRequired\":true,\"valueName\":\"search_term_string\"}}],\"inLanguage\":\"ary\"}]}<\/script>\n<!-- \/ Yoast SEO plugin. -->","yoast_head_json":{"title":"Thermom\u00e9tre -","robots":{"index":"index","follow":"follow","max-snippet":"max-snippet:-1","max-image-preview":"max-image-preview:large","max-video-preview":"max-video-preview:-1"},"canonical":"https:\/\/nkcosmeticmaroc.com\/ar\/cheveux-4\/","og_locale":"ar_AR","og_type":"article","og_title":"Thermom\u00e9tre -","og_description":"Thermom\u00e9tre","og_url":"https:\/\/nkcosmeticmaroc.com\/ar\/cheveux-4\/","article_modified_time":"2024-12-09T17:11:47+00:00","twitter_card":"summary_large_image","schema":{"@context":"https:\/\/schema.org","@graph":[{"@type":"WebPage","@id":"https:\/\/nkcosmeticmaroc.com\/cheveux-4\/","url":"https:\/\/nkcosmeticmaroc.com\/cheveux-4\/","name":"Thermom\u00e9tre -","isPartOf":{"@id":"https:\/\/nkcosmeticmaroc.com\/#website"},"datePublished":"2024-12-09T17:10:42+00:00","dateModified":"2024-12-09T17:11:47+00:00","breadcrumb":{"@id":"https:\/\/nkcosmeticmaroc.com\/cheveux-4\/#breadcrumb"},"inLanguage":"ary","potentialAction":[{"@type":"ReadAction","target":["https:\/\/nkcosmeticmaroc.com\/cheveux-4\/"]}]},{"@type":"BreadcrumbList","@id":"https:\/\/nkcosmeticmaroc.com\/cheveux-4\/#breadcrumb","itemListElement":[{"@type":"ListItem","position":1,"name":"Home","item":"https:\/\/nkcosmeticmaroc.com\/"},{"@type":"ListItem","position":2,"name":"Thermom\u00e9tre"}]},{"@type":"WebSite","@id":"https:\/\/nkcosmeticmaroc.com\/#website","url":"https:\/\/nkcosmeticmaroc.com\/","name":"nkcosmeticmaroc","description":"\u0627\u0643\u062a\u0634\u0641\u0648\u0627 \u0623\u0633\u0631\u0627\u0631 \u0627\u0644\u0639\u0646\u0627\u064a\u0629 \u0628\u0627\u0644\u0628\u0634\u0631\u0629 \u0627\u0644\u0645\u0635\u0645\u0645\u0629 \u062e\u0635\u064a\u0635\u064b\u0627 \u0644\u062c\u0645\u0627\u0644\u0643\u0645 \u0627\u0644\u0637\u0628\u064a\u0639\u064a.","potentialAction":[{"@type":"SearchAction","target":{"@type":"EntryPoint","urlTemplate":"https:\/\/nkcosmeticmaroc.com\/?s={search_term_string}"},"query-input":{"@type":"PropertyValueSpecification","valueRequired":true,"valueName":"search_term_string"}}],"inLanguage":"ary"}]}},"_links":{"self":[{"href":"https:\/\/nkcosmeticmaroc.com\/ar\/wp-json\/wp\/v2\/pages\/1588","targetHints":{"allow":["GET"]}}],"collection":[{"href":"https:\/\/nkcosmeticmaroc.com\/ar\/wp-json\/wp\/v2\/pages"}],"about":[{"href":"https:\/\/nkcosmeticmaroc.com\/ar\/wp-json\/wp\/v2\/types\/page"}],"author":[{"embeddable":true,"href":"https:\/\/nkcosmeticmaroc.com\/ar\/wp-json\/wp\/v2\/users\/6"}],"replies":[{"embeddable":true,"href":"https:\/\/nkcosmeticmaroc.com\/ar\/wp-json\/wp\/v2\/comments?post=1588"}],"version-history":[{"count":7,"href":"https:\/\/nkcosmeticmaroc.com\/ar\/wp-json\/wp\/v2\/pages\/1588\/revisions"}],"predecessor-version":[{"id":1595,"href":"https:\/\/nkcosmeticmaroc.com\/ar\/wp-json\/wp\/v2\/pages\/1588\/revisions\/1595"}],"wp:attachment":[{"href":"https:\/\/nkcosmeticmaroc.com\/ar\/wp-json\/wp\/v2\/media?parent=1588"}],"curies":[{"name":"wp","href":"https:\/\/api.w.org\/{rel}","templated":true}]}}