{"id":946,"date":"2024-11-05T16:34:03","date_gmt":"2024-11-05T16:34:03","guid":{"rendered":"https:\/\/nkcosmeticmaroc.com\/?page_id=946"},"modified":"2024-11-23T20:27:43","modified_gmt":"2024-11-23T20:27:43","slug":"maman-bebe","status":"publish","type":"page","link":"https:\/\/nkcosmeticmaroc.com\/ar\/maman-bebe\/","title":{"rendered":"\u0627\u0644\u0623\u0645\u0647\u0627\u062a \u0648 \u0627\u0644\u0623\u0637\u0641\u0627\u0644"},"content":{"rendered":"<div data-elementor-type=\"wp-page\" data-elementor-id=\"946\" class=\"elementor elementor-946\">\n\t\t\t\t<div class=\"elementor-element elementor-element-0fe393b e-flex e-con-boxed e-con e-parent\" data-id=\"0fe393b\" data-element_type=\"container\" data-e-type=\"container\">\n\t\t\t\t\t<div class=\"e-con-inner\">\n\t\t\t\t<div class=\"elementor-element elementor-element-3b6d128 elementor-widget-divider--view-line_text elementor-widget-divider--element-align-center elementor-widget elementor-widget-divider\" data-id=\"3b6d128\" data-element_type=\"widget\" data-e-type=\"widget\" data-widget_type=\"divider.default\">\n\t\t\t\t<div class=\"elementor-widget-container\">\n\t\t\t\t\t\t\t<div class=\"elementor-divider\">\n\t\t\t<span class=\"elementor-divider-separator\">\n\t\t\t\t\t\t\t<span class=\"elementor-divider__text elementor-divider__element\">\n\t\t\t\t\u0627\u0644\u0623\u0645\u0647\u0627\u062a \u0648\u0627\u0644\u0623\u0637\u0641\u0627\u0644\t\t\t\t<\/span>\n\t\t\t\t\t\t<\/span>\n\t\t<\/div>\n\t\t\t\t\t\t<\/div>\n\t\t\t\t<\/div>\n\t\t\t\t\t<\/div>\n\t\t\t\t<\/div>\n\t\t<div class=\"elementor-element elementor-element-e9b628d e-flex e-con-boxed e-con e-parent\" data-id=\"e9b628d\" data-element_type=\"container\" data-e-type=\"container\">\n\t\t\t\t\t<div class=\"e-con-inner\">\n\t\t\t\t<div class=\"elementor-element elementor-element-33f7fbc elementor-widget elementor-widget-shortcode\" data-id=\"33f7fbc\" data-element_type=\"widget\" data-e-type=\"widget\" data-widget_type=\"shortcode.default\">\n\t\t\t\t<div class=\"elementor-widget-container\">\n\t\t\t\t\t\t\t<div class=\"elementor-shortcode\"><div class=\"woocommerce columns-4\"><ul class=\"products columns-4\">\n<li class=\"desktop-align-center tablet-align-center mobile-align-center product type-product post-212 status-publish first instock product_cat-cheveux product_cat-maman-et-bebe has-post-thumbnail sale featured shipping-taxable purchasable product-type-simple\">\n\t<a href=\"https:\/\/nkcosmeticmaroc.com\/ar\/product\/kids-sawalif\/\" class=\"woocommerce-LoopProduct-link woocommerce-loop-product__link\">\n\t<span  class=\"onsale\" data-notification=\"default\">Sale!<\/span>\n\t<img fetchpriority=\"high\" decoding=\"async\" width=\"300\" height=\"300\" src=\"https:\/\/nkcosmeticmaroc.com\/wp-content\/uploads\/2024\/09\/IMG_BC71F81320EE-11-300x300.jpeg\" class=\"attachment-woocommerce_thumbnail size-woocommerce_thumbnail\" alt=\"Kids Sawalif\" srcset=\"https:\/\/nkcosmeticmaroc.com\/wp-content\/uploads\/2024\/09\/IMG_BC71F81320EE-11-300x300.jpeg 300w, https:\/\/nkcosmeticmaroc.com\/wp-content\/uploads\/2024\/09\/IMG_BC71F81320EE-11-1024x1024.jpeg 1024w, https:\/\/nkcosmeticmaroc.com\/wp-content\/uploads\/2024\/09\/IMG_BC71F81320EE-11-150x150.jpeg 150w, https:\/\/nkcosmeticmaroc.com\/wp-content\/uploads\/2024\/09\/IMG_BC71F81320EE-11-768x769.jpeg 768w, https:\/\/nkcosmeticmaroc.com\/wp-content\/uploads\/2024\/09\/IMG_BC71F81320EE-11-12x12.jpeg 12w, https:\/\/nkcosmeticmaroc.com\/wp-content\/uploads\/2024\/09\/IMG_BC71F81320EE-11-500x500.jpeg 500w, https:\/\/nkcosmeticmaroc.com\/wp-content\/uploads\/2024\/09\/IMG_BC71F81320EE-11-100x100.jpeg 100w, https:\/\/nkcosmeticmaroc.com\/wp-content\/uploads\/2024\/09\/IMG_BC71F81320EE-11.jpeg 1279w\" sizes=\"(max-width: 300px) 100vw, 300px\" \/><h2 class=\"woocommerce-loop-product__title\">\u0633\u0648\u0627\u0644\u0641 \u0627\u0644\u0623\u0637\u0641\u0627\u0644<\/h2>\n\t<span class=\"price\"><del aria-hidden=\"true\"><span class=\"woocommerce-Price-amount amount\"><bdi><span class=\"woocommerce-Price-currencySymbol\">&#x62f;.&#x645;.<\/span>&nbsp;249,00<\/bdi><\/span><\/del> <span class=\"screen-reader-text\" data-no-translation=\"\" data-trp-gettext=\"\">Le prix initial \u00e9tait\u00a0: &#x62f;.&#x645;.&nbsp;249,00.<\/span><ins aria-hidden=\"true\"><span class=\"woocommerce-Price-amount amount\"><bdi><span class=\"woocommerce-Price-currencySymbol\">&#x62f;.&#x645;.<\/span>&nbsp;199,00<\/bdi><\/span><\/ins><span class=\"screen-reader-text\" data-no-translation=\"\" data-trp-gettext=\"\">Le prix actuel est\u00a0: &#x62f;.&#x645;.&nbsp;199,00.<\/span><\/span>\n<\/a><a href=\"\/ar\/wp-json\/wp\/v2\/pages\/946?add-to-cart=212\" aria-describedby=\"woocommerce_loop_add_to_cart_link_describedby_212\" data-quantity=\"1\" class=\"button product_type_simple add_to_cart_button ajax_add_to_cart\" data-product_id=\"212\" data-product_sku=\"\" aria-label=\"Ajouter au panier\u00a0: \u201cKids Sawalif\u201d\" rel=\"nofollow\" data-success_message=\"\u201cKids Sawalif\u201d has been added to your cart\" role=\"button\" data-no-translation=\"\" data-trp-gettext=\"\" data-no-translation-aria-label=\"\" data-no-translation-data-success_message=\"\">\u0623\u0637\u0644\u0628 \u0627\u0644\u0622\u0646<\/a>\t<span id=\"woocommerce_loop_add_to_cart_link_describedby_212\" class=\"screen-reader-text\">\n\t\t\t<\/span>\n<\/li>\n<li class=\"desktop-align-center tablet-align-center mobile-align-center product type-product post-499 status-publish instock product_cat-cheveux product_cat-maman-et-bebe has-post-thumbnail sale featured shipping-taxable purchasable product-type-simple\">\n\t<a href=\"https:\/\/nkcosmeticmaroc.com\/ar\/product\/mums-sawalif\/\" class=\"woocommerce-LoopProduct-link woocommerce-loop-product__link\">\n\t<span  class=\"onsale\" data-notification=\"default\">Sale!<\/span>\n\t<img decoding=\"async\" width=\"300\" height=\"300\" src=\"https:\/\/nkcosmeticmaroc.com\/wp-content\/uploads\/2024\/09\/IMG_BC71F81320EE-12-300x300.jpeg\" class=\"attachment-woocommerce_thumbnail size-woocommerce_thumbnail\" alt=\"Mums Sawalif\" srcset=\"https:\/\/nkcosmeticmaroc.com\/wp-content\/uploads\/2024\/09\/IMG_BC71F81320EE-12-300x300.jpeg 300w, https:\/\/nkcosmeticmaroc.com\/wp-content\/uploads\/2024\/09\/IMG_BC71F81320EE-12-1024x1024.jpeg 1024w, https:\/\/nkcosmeticmaroc.com\/wp-content\/uploads\/2024\/09\/IMG_BC71F81320EE-12-150x150.jpeg 150w, https:\/\/nkcosmeticmaroc.com\/wp-content\/uploads\/2024\/09\/IMG_BC71F81320EE-12-768x769.jpeg 768w, https:\/\/nkcosmeticmaroc.com\/wp-content\/uploads\/2024\/09\/IMG_BC71F81320EE-12-12x12.jpeg 12w, https:\/\/nkcosmeticmaroc.com\/wp-content\/uploads\/2024\/09\/IMG_BC71F81320EE-12-500x500.jpeg 500w, https:\/\/nkcosmeticmaroc.com\/wp-content\/uploads\/2024\/09\/IMG_BC71F81320EE-12-100x100.jpeg 100w, https:\/\/nkcosmeticmaroc.com\/wp-content\/uploads\/2024\/09\/IMG_BC71F81320EE-12.jpeg 1279w\" sizes=\"(max-width: 300px) 100vw, 300px\" \/><h2 class=\"woocommerce-loop-product__title\">\u0633\u0648\u0627\u0644\u0641 \u0627\u0644\u0623\u0645\u0647\u0627\u062a<\/h2>\n\t<span class=\"price\"><del aria-hidden=\"true\"><span class=\"woocommerce-Price-amount amount\"><bdi><span class=\"woocommerce-Price-currencySymbol\">&#x62f;.&#x645;.<\/span>&nbsp;249,00<\/bdi><\/span><\/del> <span class=\"screen-reader-text\" data-no-translation=\"\" data-trp-gettext=\"\">Le prix initial \u00e9tait\u00a0: &#x62f;.&#x645;.&nbsp;249,00.<\/span><ins aria-hidden=\"true\"><span class=\"woocommerce-Price-amount amount\"><bdi><span class=\"woocommerce-Price-currencySymbol\">&#x62f;.&#x645;.<\/span>&nbsp;199,00<\/bdi><\/span><\/ins><span class=\"screen-reader-text\" data-no-translation=\"\" data-trp-gettext=\"\">Le prix actuel est\u00a0: &#x62f;.&#x645;.&nbsp;199,00.<\/span><\/span>\n<\/a><a href=\"\/ar\/wp-json\/wp\/v2\/pages\/946?add-to-cart=499\" aria-describedby=\"woocommerce_loop_add_to_cart_link_describedby_499\" data-quantity=\"1\" class=\"button product_type_simple add_to_cart_button ajax_add_to_cart\" data-product_id=\"499\" data-product_sku=\"\" aria-label=\"Ajouter au panier\u00a0: \u201cMums Sawalif\u201d\" rel=\"nofollow\" data-success_message=\"\u201cMums Sawalif\u201d has been added to your cart\" role=\"button\" data-no-translation=\"\" data-trp-gettext=\"\" data-no-translation-aria-label=\"\" data-no-translation-data-success_message=\"\">\u0623\u0637\u0644\u0628 \u0627\u0644\u0622\u0646<\/a>\t<span id=\"woocommerce_loop_add_to_cart_link_describedby_499\" class=\"screen-reader-text\">\n\t\t\t<\/span>\n<\/li>\n<\/ul>\n<\/div><\/div>\n\t\t\t\t\t\t<\/div>\n\t\t\t\t<\/div>\n\t\t\t\t\t<\/div>\n\t\t\t\t<\/div>\n\t\t\t\t<\/div>","protected":false},"excerpt":{"rendered":"<p>Maman &#038; B\u00e9b\u00e9<\/p>","protected":false},"author":6,"featured_media":0,"parent":0,"menu_order":0,"comment_status":"closed","ping_status":"closed","template":"","meta":{"site-sidebar-layout":"no-sidebar","site-content-layout":"","ast-site-content-layout":"full-width-container","site-content-style":"default","site-sidebar-style":"default","ast-global-header-display":"","ast-banner-title-visibility":"","ast-main-header-display":"","ast-hfb-above-header-display":"","ast-hfb-below-header-display":"","ast-hfb-mobile-header-display":"","site-post-title":"disabled","ast-breadcrumbs-content":"","ast-featured-img":"disabled","footer-sml-layout":"","ast-disable-related-posts":"","theme-transparent-header-meta":"","adv-header-id-meta":"","stick-header-meta":"","header-above-stick-meta":"","header-main-stick-meta":"","header-below-stick-meta":"","astra-migrate-meta-layouts":"default","ast-page-background-enabled":"default","ast-page-background-meta":{"desktop":{"background-color":"var(--ast-global-color-4)","background-image":"","background-repeat":"repeat","background-position":"center center","background-size":"auto","background-attachment":"scroll","background-type":"","background-media":"","overlay-type":"","overlay-color":"","overlay-opacity":"","overlay-gradient":""},"tablet":{"background-color":"","background-image":"","background-repeat":"repeat","background-position":"center center","background-size":"auto","background-attachment":"scroll","background-type":"","background-media":"","overlay-type":"","overlay-color":"","overlay-opacity":"","overlay-gradient":""},"mobile":{"background-color":"","background-image":"","background-repeat":"repeat","background-position":"center center","background-size":"auto","background-attachment":"scroll","background-type":"","background-media":"","overlay-type":"","overlay-color":"","overlay-opacity":"","overlay-gradient":""}},"ast-content-background-meta":{"desktop":{"background-color":"var(--ast-global-color-5)","background-image":"","background-repeat":"repeat","background-position":"center center","background-size":"auto","background-attachment":"scroll","background-type":"","background-media":"","overlay-type":"","overlay-color":"","overlay-opacity":"","overlay-gradient":""},"tablet":{"background-color":"var(--ast-global-color-5)","background-image":"","background-repeat":"repeat","background-position":"center center","background-size":"auto","background-attachment":"scroll","background-type":"","background-media":"","overlay-type":"","overlay-color":"","overlay-opacity":"","overlay-gradient":""},"mobile":{"background-color":"var(--ast-global-color-5)","background-image":"","background-repeat":"repeat","background-position":"center center","background-size":"auto","background-attachment":"scroll","background-type":"","background-media":"","overlay-type":"","overlay-color":"","overlay-opacity":"","overlay-gradient":""}},"footnotes":""},"class_list":["post-946","page","type-page","status-publish","hentry"],"yoast_head":"<!-- This site is optimized with the Yoast SEO plugin v27.4 - https:\/\/yoast.com\/product\/yoast-seo-wordpress\/ -->\n<title>Maman &amp; B\u00e9b\u00e9 -<\/title>\n<meta name=\"robots\" content=\"index, follow, max-snippet:-1, max-image-preview:large, max-video-preview:-1\" \/>\n<link rel=\"canonical\" href=\"https:\/\/nkcosmeticmaroc.com\/ar\/maman-bebe\/\" \/>\n<meta property=\"og:locale\" content=\"ar_AR\" \/>\n<meta property=\"og:type\" content=\"article\" \/>\n<meta property=\"og:title\" content=\"Maman &amp; B\u00e9b\u00e9 -\" \/>\n<meta property=\"og:description\" content=\"Maman &#038; B\u00e9b\u00e9\" \/>\n<meta property=\"og:url\" content=\"https:\/\/nkcosmeticmaroc.com\/ar\/maman-bebe\/\" \/>\n<meta property=\"article:modified_time\" content=\"2024-11-23T20:27:43+00:00\" \/>\n<meta name=\"twitter:card\" content=\"summary_large_image\" \/>\n<script type=\"application\/ld+json\" class=\"yoast-schema-graph\">{\"@context\":\"https:\\\/\\\/schema.org\",\"@graph\":[{\"@type\":\"WebPage\",\"@id\":\"https:\\\/\\\/nkcosmeticmaroc.com\\\/maman-bebe\\\/\",\"url\":\"https:\\\/\\\/nkcosmeticmaroc.com\\\/maman-bebe\\\/\",\"name\":\"Maman &amp; B\u00e9b\u00e9 -\",\"isPartOf\":{\"@id\":\"https:\\\/\\\/nkcosmeticmaroc.com\\\/#website\"},\"datePublished\":\"2024-11-05T16:34:03+00:00\",\"dateModified\":\"2024-11-23T20:27:43+00:00\",\"breadcrumb\":{\"@id\":\"https:\\\/\\\/nkcosmeticmaroc.com\\\/maman-bebe\\\/#breadcrumb\"},\"inLanguage\":\"ary\",\"potentialAction\":[{\"@type\":\"ReadAction\",\"target\":[\"https:\\\/\\\/nkcosmeticmaroc.com\\\/maman-bebe\\\/\"]}]},{\"@type\":\"BreadcrumbList\",\"@id\":\"https:\\\/\\\/nkcosmeticmaroc.com\\\/maman-bebe\\\/#breadcrumb\",\"itemListElement\":[{\"@type\":\"ListItem\",\"position\":1,\"name\":\"Home\",\"item\":\"https:\\\/\\\/nkcosmeticmaroc.com\\\/\"},{\"@type\":\"ListItem\",\"position\":2,\"name\":\"Maman &amp; B\u00e9b\u00e9\"}]},{\"@type\":\"WebSite\",\"@id\":\"https:\\\/\\\/nkcosmeticmaroc.com\\\/#website\",\"url\":\"https:\\\/\\\/nkcosmeticmaroc.com\\\/\",\"name\":\"nkcosmeticmaroc\",\"description\":\"D\u00e9couvrez des Soins de la Peau Uniques Con\u00e7us Juste pour Vous\",\"potentialAction\":[{\"@type\":\"SearchAction\",\"target\":{\"@type\":\"EntryPoint\",\"urlTemplate\":\"https:\\\/\\\/nkcosmeticmaroc.com\\\/?s={search_term_string}\"},\"query-input\":{\"@type\":\"PropertyValueSpecification\",\"valueRequired\":true,\"valueName\":\"search_term_string\"}}],\"inLanguage\":\"ary\"}]}<\/script>\n<!-- \/ Yoast SEO plugin. -->","yoast_head_json":{"title":"Maman &amp; B\u00e9b\u00e9 -","robots":{"index":"index","follow":"follow","max-snippet":"max-snippet:-1","max-image-preview":"max-image-preview:large","max-video-preview":"max-video-preview:-1"},"canonical":"https:\/\/nkcosmeticmaroc.com\/ar\/maman-bebe\/","og_locale":"ar_AR","og_type":"article","og_title":"Maman &amp; B\u00e9b\u00e9 -","og_description":"Maman &#038; B\u00e9b\u00e9","og_url":"https:\/\/nkcosmeticmaroc.com\/ar\/maman-bebe\/","article_modified_time":"2024-11-23T20:27:43+00:00","twitter_card":"summary_large_image","schema":{"@context":"https:\/\/schema.org","@graph":[{"@type":"WebPage","@id":"https:\/\/nkcosmeticmaroc.com\/maman-bebe\/","url":"https:\/\/nkcosmeticmaroc.com\/maman-bebe\/","name":"Maman &amp; B\u00e9b\u00e9 -","isPartOf":{"@id":"https:\/\/nkcosmeticmaroc.com\/#website"},"datePublished":"2024-11-05T16:34:03+00:00","dateModified":"2024-11-23T20:27:43+00:00","breadcrumb":{"@id":"https:\/\/nkcosmeticmaroc.com\/maman-bebe\/#breadcrumb"},"inLanguage":"ary","potentialAction":[{"@type":"ReadAction","target":["https:\/\/nkcosmeticmaroc.com\/maman-bebe\/"]}]},{"@type":"BreadcrumbList","@id":"https:\/\/nkcosmeticmaroc.com\/maman-bebe\/#breadcrumb","itemListElement":[{"@type":"ListItem","position":1,"name":"Home","item":"https:\/\/nkcosmeticmaroc.com\/"},{"@type":"ListItem","position":2,"name":"Maman &amp; B\u00e9b\u00e9"}]},{"@type":"WebSite","@id":"https:\/\/nkcosmeticmaroc.com\/#website","url":"https:\/\/nkcosmeticmaroc.com\/","name":"nkcosmeticmaroc","description":"\u0627\u0643\u062a\u0634\u0641\u0648\u0627 \u0623\u0633\u0631\u0627\u0631 \u0627\u0644\u0639\u0646\u0627\u064a\u0629 \u0628\u0627\u0644\u0628\u0634\u0631\u0629 \u0627\u0644\u0645\u0635\u0645\u0645\u0629 \u062e\u0635\u064a\u0635\u064b\u0627 \u0644\u062c\u0645\u0627\u0644\u0643\u0645 \u0627\u0644\u0637\u0628\u064a\u0639\u064a.","potentialAction":[{"@type":"SearchAction","target":{"@type":"EntryPoint","urlTemplate":"https:\/\/nkcosmeticmaroc.com\/?s={search_term_string}"},"query-input":{"@type":"PropertyValueSpecification","valueRequired":true,"valueName":"search_term_string"}}],"inLanguage":"ary"}]}},"_links":{"self":[{"href":"https:\/\/nkcosmeticmaroc.com\/ar\/wp-json\/wp\/v2\/pages\/946","targetHints":{"allow":["GET"]}}],"collection":[{"href":"https:\/\/nkcosmeticmaroc.com\/ar\/wp-json\/wp\/v2\/pages"}],"about":[{"href":"https:\/\/nkcosmeticmaroc.com\/ar\/wp-json\/wp\/v2\/types\/page"}],"author":[{"embeddable":true,"href":"https:\/\/nkcosmeticmaroc.com\/ar\/wp-json\/wp\/v2\/users\/6"}],"replies":[{"embeddable":true,"href":"https:\/\/nkcosmeticmaroc.com\/ar\/wp-json\/wp\/v2\/comments?post=946"}],"version-history":[{"count":13,"href":"https:\/\/nkcosmeticmaroc.com\/ar\/wp-json\/wp\/v2\/pages\/946\/revisions"}],"predecessor-version":[{"id":1343,"href":"https:\/\/nkcosmeticmaroc.com\/ar\/wp-json\/wp\/v2\/pages\/946\/revisions\/1343"}],"wp:attachment":[{"href":"https:\/\/nkcosmeticmaroc.com\/ar\/wp-json\/wp\/v2\/media?parent=946"}],"curies":[{"name":"wp","href":"https:\/\/api.w.org\/{rel}","templated":true}]}}