{"id":1019,"date":"2024-11-11T15:59:51","date_gmt":"2024-11-11T15:59:51","guid":{"rendered":"https:\/\/nkcosmeticmaroc.com\/?post_type=product&#038;p=1019"},"modified":"2026-05-03T07:16:18","modified_gmt":"2026-05-03T07:16:18","slug":"formation-100-pratique-sur-les-ventouses-techniques-et-applications","status":"publish","type":"product","link":"https:\/\/nkcosmeticmaroc.com\/ar\/product\/formation-100-pratique-sur-les-ventouses-techniques-et-applications\/","title":{"rendered":"Formation 100% Pratique sur les Ventouses(hijama) : Techniques et Applications"},"content":{"rendered":"<p>&nbsp;<\/p>\n<p>Apprenez \u00e0 ma\u00eetriser les techniques de la th\u00e9rapie par ventouses gr\u00e2ce \u00e0 une formation enti\u00e8rement pratique. Cette formation est con\u00e7ue pour vous offrir une immersion directe dans l\u2019art des ventouses, avec des sessions guid\u00e9es et des exercices pratiques qui vous permettront de d\u00e9velopper imm\u00e9diatement vos comp\u00e9tences.<\/p>\n<p><strong>Ce que vous allez pratiquer :<\/strong><\/p>\n<ul>\n<li><strong>Apprentissage Par la Pratique<\/strong> : D\u00e8s le premier jour, vous apprendrez \u00e0 manipuler les ventouses dans des situations r\u00e9elles, guid\u00e9 par des experts.<\/li>\n<li><strong>Techniques de Pose et Manipulation<\/strong> : Exercez-vous aux diff\u00e9rentes m\u00e9thodes de pose (s\u00e8che, humide, mobile) pour adapter la technique aux besoins vari\u00e9s de chaque client.<\/li>\n<li><strong>Applications Cibl\u00e9es<\/strong> : Travaillez sur des zones sp\u00e9cifiques du corps et comprenez comment soulager efficacement douleurs musculaires, tensions et blocages.<\/li>\n<li><strong>Protocole de S\u00e9curit\u00e9 et Soins Professionnels<\/strong> : Apprenez \u00e0 \u00e9valuer chaque situation et \u00e0 respecter les pr\u00e9cautions essentielles pour un traitement s\u00fbr et professionnel.<\/li>\n<li><strong>Int\u00e9gration dans des Protocoles de Soins Complets<\/strong> : D\u00e9couvrez comment combiner les ventouses avec d\u2019autres techniques de soins pour offrir une exp\u00e9rience compl\u00e8te et optimis\u00e9e.<\/li>\n<\/ul>\n<p><strong>R\u00e9sultats de la formation<\/strong> : \u00c0 la fin de ce programme, vous serez pr\u00eat \u00e0 utiliser la th\u00e9rapie par ventouses dans un cadre professionnel, avec une ma\u00eetrise des gestes et une confiance solide pour offrir des soins efficaces et personnalis\u00e9s.<\/p>","protected":false},"excerpt":{"rendered":"<p>&nbsp; Apprenez \u00e0 ma\u00eetriser les techniques de la th\u00e9rapie par ventouses gr\u00e2ce \u00e0 une formation enti\u00e8rement pratique. Cette formation est [&hellip;]<\/p>\n","protected":false},"featured_media":1146,"comment_status":"open","ping_status":"closed","template":"","meta":{"site-sidebar-layout":"default","site-content-layout":"","ast-site-content-layout":"default","site-content-style":"default","site-sidebar-style":"default","ast-global-header-display":"","ast-banner-title-visibility":"","ast-main-header-display":"","ast-hfb-above-header-display":"","ast-hfb-below-header-display":"","ast-hfb-mobile-header-display":"","site-post-title":"","ast-breadcrumbs-content":"","ast-featured-img":"","footer-sml-layout":"","ast-disable-related-posts":"","theme-transparent-header-meta":"default","adv-header-id-meta":"","stick-header-meta":"","header-above-stick-meta":"","header-main-stick-meta":"","header-below-stick-meta":"","astra-migrate-meta-layouts":"set","ast-page-background-enabled":"default","ast-page-background-meta":{"desktop":{"background-color":"var(--ast-global-color-4)","background-image":"","background-repeat":"repeat","background-position":"center center","background-size":"auto","background-attachment":"scroll","background-type":"","background-media":"","overlay-type":"","overlay-color":"","overlay-opacity":"","overlay-gradient":""},"tablet":{"background-color":"","background-image":"","background-repeat":"repeat","background-position":"center center","background-size":"auto","background-attachment":"scroll","background-type":"","background-media":"","overlay-type":"","overlay-color":"","overlay-opacity":"","overlay-gradient":""},"mobile":{"background-color":"","background-image":"","background-repeat":"repeat","background-position":"center center","background-size":"auto","background-attachment":"scroll","background-type":"","background-media":"","overlay-type":"","overlay-color":"","overlay-opacity":"","overlay-gradient":""}},"ast-content-background-meta":{"desktop":{"background-color":"var(--ast-global-color-5)","background-image":"","background-repeat":"repeat","background-position":"center center","background-size":"auto","background-attachment":"scroll","background-type":"","background-media":"","overlay-type":"","overlay-color":"","overlay-opacity":"","overlay-gradient":""},"tablet":{"background-color":"var(--ast-global-color-5)","background-image":"","background-repeat":"repeat","background-position":"center center","background-size":"auto","background-attachment":"scroll","background-type":"","background-media":"","overlay-type":"","overlay-color":"","overlay-opacity":"","overlay-gradient":""},"mobile":{"background-color":"var(--ast-global-color-5)","background-image":"","background-repeat":"repeat","background-position":"center center","background-size":"auto","background-attachment":"scroll","background-type":"","background-media":"","overlay-type":"","overlay-color":"","overlay-opacity":"","overlay-gradient":""}}},"product_brand":[],"product_cat":[50],"product_tag":[],"class_list":{"0":"post-1019","1":"product","2":"type-product","3":"status-publish","4":"has-post-thumbnail","6":"product_cat-formation","7":"desktop-align-center","8":"tablet-align-center","9":"mobile-align-center","11":"first","12":"instock","13":"sale","14":"shipping-taxable","15":"purchasable","16":"product-type-simple"},"yoast_head":"<!-- This site is optimized with the Yoast SEO plugin v27.4 - https:\/\/yoast.com\/product\/yoast-seo-wordpress\/ -->\n<title>Formation 100% Pratique sur les Ventouses(hijama) : Techniques et Applications -<\/title>\n<meta name=\"robots\" content=\"index, follow, max-snippet:-1, max-image-preview:large, max-video-preview:-1\" \/>\n<link rel=\"canonical\" href=\"https:\/\/nkcosmeticmaroc.com\/ar\/product\/formation-100-pratique-sur-les-ventouses-techniques-et-applications\/\" \/>\n<meta property=\"og:locale\" content=\"ar_AR\" \/>\n<meta property=\"og:type\" content=\"article\" \/>\n<meta property=\"og:title\" content=\"Formation 100% Pratique sur les Ventouses(hijama) : Techniques et Applications -\" \/>\n<meta property=\"og:description\" content=\"&nbsp; Apprenez \u00e0 ma\u00eetriser les techniques de la th\u00e9rapie par ventouses gr\u00e2ce \u00e0 une formation enti\u00e8rement pratique. Cette formation est [&hellip;]\" \/>\n<meta property=\"og:url\" content=\"https:\/\/nkcosmeticmaroc.com\/ar\/product\/formation-100-pratique-sur-les-ventouses-techniques-et-applications\/\" \/>\n<meta property=\"article:modified_time\" content=\"2026-05-03T07:16:18+00:00\" \/>\n<meta property=\"og:image\" content=\"https:\/\/nkcosmeticmaroc.com\/wp-content\/uploads\/2024\/11\/IMAGE-2024-11-16-190831.jpg\" \/>\n\t<meta property=\"og:image:width\" content=\"1280\" \/>\n\t<meta property=\"og:image:height\" content=\"1280\" \/>\n\t<meta property=\"og:image:type\" content=\"image\/jpeg\" \/>\n<meta name=\"twitter:card\" content=\"summary_large_image\" \/>\n<meta name=\"twitter:label1\" content=\"Est. reading time\" \/>\n\t<meta name=\"twitter:data1\" content=\"1 minute\" \/>\n<script type=\"application\/ld+json\" class=\"yoast-schema-graph\">{\"@context\":\"https:\\\/\\\/schema.org\",\"@graph\":[{\"@type\":\"WebPage\",\"@id\":\"https:\\\/\\\/nkcosmeticmaroc.com\\\/product\\\/formation-100-pratique-sur-les-ventouses-techniques-et-applications\\\/\",\"url\":\"https:\\\/\\\/nkcosmeticmaroc.com\\\/product\\\/formation-100-pratique-sur-les-ventouses-techniques-et-applications\\\/\",\"name\":\"Formation 100% Pratique sur les Ventouses(hijama) : Techniques et Applications -\",\"isPartOf\":{\"@id\":\"https:\\\/\\\/nkcosmeticmaroc.com\\\/#website\"},\"primaryImageOfPage\":{\"@id\":\"https:\\\/\\\/nkcosmeticmaroc.com\\\/product\\\/formation-100-pratique-sur-les-ventouses-techniques-et-applications\\\/#primaryimage\"},\"image\":{\"@id\":\"https:\\\/\\\/nkcosmeticmaroc.com\\\/product\\\/formation-100-pratique-sur-les-ventouses-techniques-et-applications\\\/#primaryimage\"},\"thumbnailUrl\":\"https:\\\/\\\/nkcosmeticmaroc.com\\\/wp-content\\\/uploads\\\/2024\\\/11\\\/IMAGE-2024-11-16-190831.jpg\",\"datePublished\":\"2024-11-11T15:59:51+00:00\",\"dateModified\":\"2026-05-03T07:16:18+00:00\",\"breadcrumb\":{\"@id\":\"https:\\\/\\\/nkcosmeticmaroc.com\\\/product\\\/formation-100-pratique-sur-les-ventouses-techniques-et-applications\\\/#breadcrumb\"},\"inLanguage\":\"ary\",\"potentialAction\":[{\"@type\":\"ReadAction\",\"target\":[\"https:\\\/\\\/nkcosmeticmaroc.com\\\/product\\\/formation-100-pratique-sur-les-ventouses-techniques-et-applications\\\/\"]}]},{\"@type\":\"ImageObject\",\"inLanguage\":\"ary\",\"@id\":\"https:\\\/\\\/nkcosmeticmaroc.com\\\/product\\\/formation-100-pratique-sur-les-ventouses-techniques-et-applications\\\/#primaryimage\",\"url\":\"https:\\\/\\\/nkcosmeticmaroc.com\\\/wp-content\\\/uploads\\\/2024\\\/11\\\/IMAGE-2024-11-16-190831.jpg\",\"contentUrl\":\"https:\\\/\\\/nkcosmeticmaroc.com\\\/wp-content\\\/uploads\\\/2024\\\/11\\\/IMAGE-2024-11-16-190831.jpg\",\"width\":1280,\"height\":1280},{\"@type\":\"BreadcrumbList\",\"@id\":\"https:\\\/\\\/nkcosmeticmaroc.com\\\/product\\\/formation-100-pratique-sur-les-ventouses-techniques-et-applications\\\/#breadcrumb\",\"itemListElement\":[{\"@type\":\"ListItem\",\"position\":1,\"name\":\"Home\",\"item\":\"https:\\\/\\\/nkcosmeticmaroc.com\\\/\"},{\"@type\":\"ListItem\",\"position\":2,\"name\":\"Boutique\",\"item\":\"https:\\\/\\\/nkcosmeticmaroc.com\\\/ar\\\/shop\\\/\"},{\"@type\":\"ListItem\",\"position\":3,\"name\":\"Formation 100% Pratique sur les Ventouses(hijama) : Techniques et Applications\"}]},{\"@type\":\"WebSite\",\"@id\":\"https:\\\/\\\/nkcosmeticmaroc.com\\\/#website\",\"url\":\"https:\\\/\\\/nkcosmeticmaroc.com\\\/\",\"name\":\"nkcosmeticmaroc\",\"description\":\"D\u00e9couvrez des Soins de la Peau Uniques Con\u00e7us Juste pour Vous\",\"potentialAction\":[{\"@type\":\"SearchAction\",\"target\":{\"@type\":\"EntryPoint\",\"urlTemplate\":\"https:\\\/\\\/nkcosmeticmaroc.com\\\/?s={search_term_string}\"},\"query-input\":{\"@type\":\"PropertyValueSpecification\",\"valueRequired\":true,\"valueName\":\"search_term_string\"}}],\"inLanguage\":\"ary\"}]}<\/script>\n<!-- \/ Yoast SEO plugin. -->","yoast_head_json":{"title":"Formation 100% Pratique sur les Ventouses(hijama) : Techniques et Applications -","robots":{"index":"index","follow":"follow","max-snippet":"max-snippet:-1","max-image-preview":"max-image-preview:large","max-video-preview":"max-video-preview:-1"},"canonical":"https:\/\/nkcosmeticmaroc.com\/ar\/product\/formation-100-pratique-sur-les-ventouses-techniques-et-applications\/","og_locale":"ar_AR","og_type":"article","og_title":"Formation 100% Pratique sur les Ventouses(hijama) : Techniques et Applications -","og_description":"&nbsp; Apprenez \u00e0 ma\u00eetriser les techniques de la th\u00e9rapie par ventouses gr\u00e2ce \u00e0 une formation enti\u00e8rement pratique. Cette formation est [&hellip;]","og_url":"https:\/\/nkcosmeticmaroc.com\/ar\/product\/formation-100-pratique-sur-les-ventouses-techniques-et-applications\/","article_modified_time":"2026-05-03T07:16:18+00:00","og_image":[{"width":1280,"height":1280,"url":"https:\/\/nkcosmeticmaroc.com\/wp-content\/uploads\/2024\/11\/IMAGE-2024-11-16-190831.jpg","type":"image\/jpeg"}],"twitter_card":"summary_large_image","twitter_misc":{"Est. reading time":"1 minute"},"schema":{"@context":"https:\/\/schema.org","@graph":[{"@type":"WebPage","@id":"https:\/\/nkcosmeticmaroc.com\/product\/formation-100-pratique-sur-les-ventouses-techniques-et-applications\/","url":"https:\/\/nkcosmeticmaroc.com\/product\/formation-100-pratique-sur-les-ventouses-techniques-et-applications\/","name":"Formation 100% Pratique sur les Ventouses(hijama) : Techniques et Applications -","isPartOf":{"@id":"https:\/\/nkcosmeticmaroc.com\/#website"},"primaryImageOfPage":{"@id":"https:\/\/nkcosmeticmaroc.com\/product\/formation-100-pratique-sur-les-ventouses-techniques-et-applications\/#primaryimage"},"image":{"@id":"https:\/\/nkcosmeticmaroc.com\/product\/formation-100-pratique-sur-les-ventouses-techniques-et-applications\/#primaryimage"},"thumbnailUrl":"https:\/\/nkcosmeticmaroc.com\/wp-content\/uploads\/2024\/11\/IMAGE-2024-11-16-190831.jpg","datePublished":"2024-11-11T15:59:51+00:00","dateModified":"2026-05-03T07:16:18+00:00","breadcrumb":{"@id":"https:\/\/nkcosmeticmaroc.com\/product\/formation-100-pratique-sur-les-ventouses-techniques-et-applications\/#breadcrumb"},"inLanguage":"ary","potentialAction":[{"@type":"ReadAction","target":["https:\/\/nkcosmeticmaroc.com\/product\/formation-100-pratique-sur-les-ventouses-techniques-et-applications\/"]}]},{"@type":"ImageObject","inLanguage":"ary","@id":"https:\/\/nkcosmeticmaroc.com\/product\/formation-100-pratique-sur-les-ventouses-techniques-et-applications\/#primaryimage","url":"https:\/\/nkcosmeticmaroc.com\/wp-content\/uploads\/2024\/11\/IMAGE-2024-11-16-190831.jpg","contentUrl":"https:\/\/nkcosmeticmaroc.com\/wp-content\/uploads\/2024\/11\/IMAGE-2024-11-16-190831.jpg","width":1280,"height":1280},{"@type":"BreadcrumbList","@id":"https:\/\/nkcosmeticmaroc.com\/product\/formation-100-pratique-sur-les-ventouses-techniques-et-applications\/#breadcrumb","itemListElement":[{"@type":"ListItem","position":1,"name":"Home","item":"https:\/\/nkcosmeticmaroc.com\/"},{"@type":"ListItem","position":2,"name":"Boutique","item":"https:\/\/nkcosmeticmaroc.com\/ar\/shop\/"},{"@type":"ListItem","position":3,"name":"Formation 100% Pratique sur les Ventouses(hijama) : Techniques et Applications"}]},{"@type":"WebSite","@id":"https:\/\/nkcosmeticmaroc.com\/#website","url":"https:\/\/nkcosmeticmaroc.com\/","name":"nkcosmeticmaroc","description":"\u0627\u0643\u062a\u0634\u0641\u0648\u0627 \u0623\u0633\u0631\u0627\u0631 \u0627\u0644\u0639\u0646\u0627\u064a\u0629 \u0628\u0627\u0644\u0628\u0634\u0631\u0629 \u0627\u0644\u0645\u0635\u0645\u0645\u0629 \u062e\u0635\u064a\u0635\u064b\u0627 \u0644\u062c\u0645\u0627\u0644\u0643\u0645 \u0627\u0644\u0637\u0628\u064a\u0639\u064a.","potentialAction":[{"@type":"SearchAction","target":{"@type":"EntryPoint","urlTemplate":"https:\/\/nkcosmeticmaroc.com\/?s={search_term_string}"},"query-input":{"@type":"PropertyValueSpecification","valueRequired":true,"valueName":"search_term_string"}}],"inLanguage":"ary"}]}},"_links":{"self":[{"href":"https:\/\/nkcosmeticmaroc.com\/ar\/wp-json\/wp\/v2\/product\/1019","targetHints":{"allow":["GET"]}}],"collection":[{"href":"https:\/\/nkcosmeticmaroc.com\/ar\/wp-json\/wp\/v2\/product"}],"about":[{"href":"https:\/\/nkcosmeticmaroc.com\/ar\/wp-json\/wp\/v2\/types\/product"}],"replies":[{"embeddable":true,"href":"https:\/\/nkcosmeticmaroc.com\/ar\/wp-json\/wp\/v2\/comments?post=1019"}],"wp:featuredmedia":[{"embeddable":true,"href":"https:\/\/nkcosmeticmaroc.com\/ar\/wp-json\/wp\/v2\/media\/1146"}],"wp:attachment":[{"href":"https:\/\/nkcosmeticmaroc.com\/ar\/wp-json\/wp\/v2\/media?parent=1019"}],"wp:term":[{"taxonomy":"product_brand","embeddable":true,"href":"https:\/\/nkcosmeticmaroc.com\/ar\/wp-json\/wp\/v2\/product_brand?post=1019"},{"taxonomy":"product_cat","embeddable":true,"href":"https:\/\/nkcosmeticmaroc.com\/ar\/wp-json\/wp\/v2\/product_cat?post=1019"},{"taxonomy":"product_tag","embeddable":true,"href":"https:\/\/nkcosmeticmaroc.com\/ar\/wp-json\/wp\/v2\/product_tag?post=1019"}],"curies":[{"name":"wp","href":"https:\/\/api.w.org\/{rel}","templated":true}]}}