{"id":1021,"date":"2024-11-11T16:07:50","date_gmt":"2024-11-11T16:07:50","guid":{"rendered":"https:\/\/nkcosmeticmaroc.com\/?post_type=product&#038;p=1021"},"modified":"2024-11-16T18:12:48","modified_gmt":"2024-11-16T18:12:48","slug":"formation-pratique-en-glacage-maitrisez-la-technique-du-glacage-professionnel","status":"publish","type":"product","link":"https:\/\/nkcosmeticmaroc.com\/ar\/product\/formation-pratique-en-glacage-maitrisez-la-technique-du-glacage-professionnel\/","title":{"rendered":"Formation Pratique en Gla\u00e7age : Ma\u00eetrisez la Technique du Gla\u00e7age Professionnel"},"content":{"rendered":"<p>Entrez dans l&rsquo;univers du gla\u00e7age avec une formation totalement pratique d\u00e9di\u00e9e \u00e0 cette technique innovante de beaut\u00e9 des cheveux. Apprenez \u00e0 r\u00e9aliser un gla\u00e7age parfait pour sublimer et r\u00e9parer les cheveux, tout en ma\u00eetrisant toutes les \u00e9tapes pour des r\u00e9sultats exceptionnels.<\/p>\n<p><strong>Ce que vous allez pratiquer :<\/strong><\/p>\n<ul>\n<li><strong>Introduction au Gla\u00e7age Capillaire<\/strong> : Comprenez les bases th\u00e9oriques du gla\u00e7age, ses bienfaits et ses diff\u00e9rences avec d\u2019autres traitements capillaires.<\/li>\n<li><strong>Pr\u00e9paration des Cheveux et S\u00e9lection des Produits<\/strong> : Apprenez \u00e0 choisir et pr\u00e9parer les produits adapt\u00e9s \u00e0 chaque type de cheveux pour un r\u00e9sultat optimal.<\/li>\n<li><strong>Application du Gla\u00e7age<\/strong> : Exercez-vous sur des mod\u00e8les r\u00e9els, apprenant \u00e0 appliquer le gla\u00e7age avec pr\u00e9cision pour nourrir, lisser et faire briller les cheveux.<\/li>\n<li><strong>Techniques de Lissage et Brillance<\/strong> : Pratiquez les techniques pour obtenir des cheveux brillants, lisses, et revitalis\u00e9s, tout en respectant la structure naturelle du cheveu.<\/li>\n<li><strong>Conseils Post-Soins et Entretien<\/strong> : Apprenez \u00e0 conseiller vos clients sur les soins apr\u00e8s le gla\u00e7age pour prolonger ses bienfaits et maintenir des cheveux sains.<\/li>\n<\/ul>\n<p><strong>\u00c0 la fin de la formation<\/strong>, vous serez capable de r\u00e9aliser des services de gla\u00e7age professionnels, adapt\u00e9s \u00e0 chaque client, et offrant des r\u00e9sultats \u00e9poustouflants qui raviront vos clients.<\/p>","protected":false},"excerpt":{"rendered":"<p>Entrez dans l&rsquo;univers du gla\u00e7age avec une formation totalement pratique d\u00e9di\u00e9e \u00e0 cette technique innovante de beaut\u00e9 des cheveux. Apprenez \u00e0 r\u00e9aliser un gla\u00e7age parfait pour sublimer et r\u00e9parer les cheveux, tout en ma\u00eetrisant toutes les \u00e9tapes pour des r\u00e9sultats exceptionnels.<\/p>\n<p><strong>Ce que vous allez pratiquer :<\/strong><\/p>\n<ul>\n<li><strong>Introduction au Gla\u00e7age Capillaire<\/strong> : Comprenez les bases th\u00e9oriques du gla\u00e7age, ses bienfaits et ses diff\u00e9rences avec d\u2019autres traitements capillaires.<\/li>\n<li><strong>Pr\u00e9paration des Cheveux et S\u00e9lection des Produits<\/strong> : Apprenez \u00e0 choisir et pr\u00e9parer les produits adapt\u00e9s \u00e0 chaque type de cheveux pour un r\u00e9sultat optimal.<\/li>\n<li><strong>Application du Gla\u00e7age<\/strong> : Exercez-vous sur des mod\u00e8les r\u00e9els, apprenant \u00e0 appliquer le gla\u00e7age avec pr\u00e9cision pour nourrir, lisser et faire briller les cheveux.<\/li>\n<li><strong>Techniques de Lissage et Brillance<\/strong> : Pratiquez les techniques pour obtenir des cheveux brillants, lisses, et revitalis\u00e9s, tout en respectant la structure naturelle du cheveu.<\/li>\n<li><strong>Conseils Post-Soins et Entretien<\/strong> : Apprenez \u00e0 conseiller vos clients sur les soins apr\u00e8s le gla\u00e7age pour prolonger ses bienfaits et maintenir des cheveux sains.<\/li>\n<\/ul>\n<p><strong>\u00c0 la fin de la formation<\/strong>, vous serez capable de r\u00e9aliser des services de gla\u00e7age professionnels, adapt\u00e9s \u00e0 chaque client, et offrant des r\u00e9sultats \u00e9poustouflants qui raviront vos clients.<\/p>","protected":false},"featured_media":1155,"comment_status":"open","ping_status":"closed","template":"","meta":{"site-sidebar-layout":"default","site-content-layout":"","ast-site-content-layout":"default","site-content-style":"default","site-sidebar-style":"default","ast-global-header-display":"","ast-banner-title-visibility":"","ast-main-header-display":"","ast-hfb-above-header-display":"","ast-hfb-below-header-display":"","ast-hfb-mobile-header-display":"","site-post-title":"","ast-breadcrumbs-content":"","ast-featured-img":"","footer-sml-layout":"","ast-disable-related-posts":"","theme-transparent-header-meta":"default","adv-header-id-meta":"","stick-header-meta":"","header-above-stick-meta":"","header-main-stick-meta":"","header-below-stick-meta":"","astra-migrate-meta-layouts":"set","ast-page-background-enabled":"default","ast-page-background-meta":{"desktop":{"background-color":"var(--ast-global-color-4)","background-image":"","background-repeat":"repeat","background-position":"center center","background-size":"auto","background-attachment":"scroll","background-type":"","background-media":"","overlay-type":"","overlay-color":"","overlay-opacity":"","overlay-gradient":""},"tablet":{"background-color":"","background-image":"","background-repeat":"repeat","background-position":"center center","background-size":"auto","background-attachment":"scroll","background-type":"","background-media":"","overlay-type":"","overlay-color":"","overlay-opacity":"","overlay-gradient":""},"mobile":{"background-color":"","background-image":"","background-repeat":"repeat","background-position":"center center","background-size":"auto","background-attachment":"scroll","background-type":"","background-media":"","overlay-type":"","overlay-color":"","overlay-opacity":"","overlay-gradient":""}},"ast-content-background-meta":{"desktop":{"background-color":"var(--ast-global-color-5)","background-image":"","background-repeat":"repeat","background-position":"center center","background-size":"auto","background-attachment":"scroll","background-type":"","background-media":"","overlay-type":"","overlay-color":"","overlay-opacity":"","overlay-gradient":""},"tablet":{"background-color":"var(--ast-global-color-5)","background-image":"","background-repeat":"repeat","background-position":"center center","background-size":"auto","background-attachment":"scroll","background-type":"","background-media":"","overlay-type":"","overlay-color":"","overlay-opacity":"","overlay-gradient":""},"mobile":{"background-color":"var(--ast-global-color-5)","background-image":"","background-repeat":"repeat","background-position":"center center","background-size":"auto","background-attachment":"scroll","background-type":"","background-media":"","overlay-type":"","overlay-color":"","overlay-opacity":"","overlay-gradient":""}}},"product_brand":[],"product_cat":[50],"product_tag":[],"class_list":{"0":"post-1021","1":"product","2":"type-product","3":"status-publish","4":"has-post-thumbnail","6":"product_cat-formation","7":"desktop-align-center","8":"tablet-align-center","9":"mobile-align-center","11":"first","12":"instock","13":"sale","14":"shipping-taxable","15":"purchasable","16":"product-type-simple"},"yoast_head":"<!-- This site is optimized with the Yoast SEO plugin v27.4 - https:\/\/yoast.com\/product\/yoast-seo-wordpress\/ -->\n<title>Formation Pratique en Gla\u00e7age : Ma\u00eetrisez la Technique du Gla\u00e7age Professionnel -<\/title>\n<meta name=\"robots\" content=\"index, follow, max-snippet:-1, max-image-preview:large, max-video-preview:-1\" \/>\n<link rel=\"canonical\" href=\"https:\/\/nkcosmeticmaroc.com\/ar\/product\/formation-pratique-en-glacage-maitrisez-la-technique-du-glacage-professionnel\/\" \/>\n<meta property=\"og:locale\" content=\"ar_AR\" \/>\n<meta property=\"og:type\" content=\"article\" \/>\n<meta property=\"og:title\" content=\"Formation Pratique en Gla\u00e7age : Ma\u00eetrisez la Technique du Gla\u00e7age Professionnel -\" \/>\n<meta property=\"og:description\" content=\"Entrez dans l&#039;univers du gla\u00e7age avec une formation totalement pratique d\u00e9di\u00e9e \u00e0 cette technique innovante de beaut\u00e9 des cheveux. Apprenez \u00e0 r\u00e9aliser un gla\u00e7age parfait pour sublimer et r\u00e9parer les cheveux, tout en ma\u00eetrisant toutes les \u00e9tapes pour des r\u00e9sultats exceptionnels.  Ce que vous allez pratiquer :   Introduction au Gla\u00e7age Capillaire : Comprenez les bases th\u00e9oriques du gla\u00e7age, ses bienfaits et ses diff\u00e9rences avec d\u2019autres traitements capillaires.  Pr\u00e9paration des Cheveux et S\u00e9lection des Produits : Apprenez \u00e0 choisir et pr\u00e9parer les produits adapt\u00e9s \u00e0 chaque type de cheveux pour un r\u00e9sultat optimal.  Application du Gla\u00e7age : Exercez-vous sur des mod\u00e8les r\u00e9els, apprenant \u00e0 appliquer le gla\u00e7age avec pr\u00e9cision pour nourrir, lisser et faire briller les cheveux.  Techniques de Lissage et Brillance : Pratiquez les techniques pour obtenir des cheveux brillants, lisses, et revitalis\u00e9s, tout en respectant la structure naturelle du cheveu.  Conseils Post-Soins et Entretien : Apprenez \u00e0 conseiller vos clients sur les soins apr\u00e8s le gla\u00e7age pour prolonger ses bienfaits et maintenir des cheveux sains.  \u00c0 la fin de la formation, vous serez capable de r\u00e9aliser des services de gla\u00e7age professionnels, adapt\u00e9s \u00e0 chaque client, et offrant des r\u00e9sultats \u00e9poustouflants qui raviront vos clients.\" \/>\n<meta property=\"og:url\" content=\"https:\/\/nkcosmeticmaroc.com\/ar\/product\/formation-pratique-en-glacage-maitrisez-la-technique-du-glacage-professionnel\/\" \/>\n<meta property=\"article:modified_time\" content=\"2024-11-16T18:12:48+00:00\" \/>\n<meta property=\"og:image\" content=\"https:\/\/nkcosmeticmaroc.com\/wp-content\/uploads\/2024\/11\/IMAGE-2024-11-16-191145.jpg\" \/>\n\t<meta property=\"og:image:width\" content=\"1280\" \/>\n\t<meta property=\"og:image:height\" content=\"1280\" \/>\n\t<meta property=\"og:image:type\" content=\"image\/jpeg\" \/>\n<meta name=\"twitter:card\" content=\"summary_large_image\" \/>\n<meta name=\"twitter:label1\" content=\"Est. reading time\" \/>\n\t<meta name=\"twitter:data1\" content=\"1 minute\" \/>\n<script type=\"application\/ld+json\" class=\"yoast-schema-graph\">{\"@context\":\"https:\\\/\\\/schema.org\",\"@graph\":[{\"@type\":\"WebPage\",\"@id\":\"https:\\\/\\\/nkcosmeticmaroc.com\\\/product\\\/formation-pratique-en-glacage-maitrisez-la-technique-du-glacage-professionnel\\\/\",\"url\":\"https:\\\/\\\/nkcosmeticmaroc.com\\\/product\\\/formation-pratique-en-glacage-maitrisez-la-technique-du-glacage-professionnel\\\/\",\"name\":\"Formation Pratique en Gla\u00e7age : Ma\u00eetrisez la Technique du Gla\u00e7age Professionnel -\",\"isPartOf\":{\"@id\":\"https:\\\/\\\/nkcosmeticmaroc.com\\\/#website\"},\"primaryImageOfPage\":{\"@id\":\"https:\\\/\\\/nkcosmeticmaroc.com\\\/product\\\/formation-pratique-en-glacage-maitrisez-la-technique-du-glacage-professionnel\\\/#primaryimage\"},\"image\":{\"@id\":\"https:\\\/\\\/nkcosmeticmaroc.com\\\/product\\\/formation-pratique-en-glacage-maitrisez-la-technique-du-glacage-professionnel\\\/#primaryimage\"},\"thumbnailUrl\":\"https:\\\/\\\/nkcosmeticmaroc.com\\\/wp-content\\\/uploads\\\/2024\\\/11\\\/IMAGE-2024-11-16-191145.jpg\",\"datePublished\":\"2024-11-11T16:07:50+00:00\",\"dateModified\":\"2024-11-16T18:12:48+00:00\",\"breadcrumb\":{\"@id\":\"https:\\\/\\\/nkcosmeticmaroc.com\\\/product\\\/formation-pratique-en-glacage-maitrisez-la-technique-du-glacage-professionnel\\\/#breadcrumb\"},\"inLanguage\":\"ary\",\"potentialAction\":[{\"@type\":\"ReadAction\",\"target\":[\"https:\\\/\\\/nkcosmeticmaroc.com\\\/product\\\/formation-pratique-en-glacage-maitrisez-la-technique-du-glacage-professionnel\\\/\"]}]},{\"@type\":\"ImageObject\",\"inLanguage\":\"ary\",\"@id\":\"https:\\\/\\\/nkcosmeticmaroc.com\\\/product\\\/formation-pratique-en-glacage-maitrisez-la-technique-du-glacage-professionnel\\\/#primaryimage\",\"url\":\"https:\\\/\\\/nkcosmeticmaroc.com\\\/wp-content\\\/uploads\\\/2024\\\/11\\\/IMAGE-2024-11-16-191145.jpg\",\"contentUrl\":\"https:\\\/\\\/nkcosmeticmaroc.com\\\/wp-content\\\/uploads\\\/2024\\\/11\\\/IMAGE-2024-11-16-191145.jpg\",\"width\":1280,\"height\":1280},{\"@type\":\"BreadcrumbList\",\"@id\":\"https:\\\/\\\/nkcosmeticmaroc.com\\\/product\\\/formation-pratique-en-glacage-maitrisez-la-technique-du-glacage-professionnel\\\/#breadcrumb\",\"itemListElement\":[{\"@type\":\"ListItem\",\"position\":1,\"name\":\"Home\",\"item\":\"https:\\\/\\\/nkcosmeticmaroc.com\\\/\"},{\"@type\":\"ListItem\",\"position\":2,\"name\":\"Boutique\",\"item\":\"https:\\\/\\\/nkcosmeticmaroc.com\\\/ar\\\/shop\\\/\"},{\"@type\":\"ListItem\",\"position\":3,\"name\":\"Formation Pratique en Gla\u00e7age : Ma\u00eetrisez la Technique du Gla\u00e7age Professionnel\"}]},{\"@type\":\"WebSite\",\"@id\":\"https:\\\/\\\/nkcosmeticmaroc.com\\\/#website\",\"url\":\"https:\\\/\\\/nkcosmeticmaroc.com\\\/\",\"name\":\"nkcosmeticmaroc\",\"description\":\"D\u00e9couvrez des Soins de la Peau Uniques Con\u00e7us Juste pour Vous\",\"potentialAction\":[{\"@type\":\"SearchAction\",\"target\":{\"@type\":\"EntryPoint\",\"urlTemplate\":\"https:\\\/\\\/nkcosmeticmaroc.com\\\/?s={search_term_string}\"},\"query-input\":{\"@type\":\"PropertyValueSpecification\",\"valueRequired\":true,\"valueName\":\"search_term_string\"}}],\"inLanguage\":\"ary\"}]}<\/script>\n<!-- \/ Yoast SEO plugin. -->","yoast_head_json":{"title":"Formation Pratique en Gla\u00e7age : Ma\u00eetrisez la Technique du Gla\u00e7age Professionnel -","robots":{"index":"index","follow":"follow","max-snippet":"max-snippet:-1","max-image-preview":"max-image-preview:large","max-video-preview":"max-video-preview:-1"},"canonical":"https:\/\/nkcosmeticmaroc.com\/ar\/product\/formation-pratique-en-glacage-maitrisez-la-technique-du-glacage-professionnel\/","og_locale":"ar_AR","og_type":"article","og_title":"Formation Pratique en Gla\u00e7age : Ma\u00eetrisez la Technique du Gla\u00e7age Professionnel -","og_description":"Entrez dans l'univers du gla\u00e7age avec une formation totalement pratique d\u00e9di\u00e9e \u00e0 cette technique innovante de beaut\u00e9 des cheveux. Apprenez \u00e0 r\u00e9aliser un gla\u00e7age parfait pour sublimer et r\u00e9parer les cheveux, tout en ma\u00eetrisant toutes les \u00e9tapes pour des r\u00e9sultats exceptionnels.  Ce que vous allez pratiquer :   Introduction au Gla\u00e7age Capillaire : Comprenez les bases th\u00e9oriques du gla\u00e7age, ses bienfaits et ses diff\u00e9rences avec d\u2019autres traitements capillaires.  Pr\u00e9paration des Cheveux et S\u00e9lection des Produits : Apprenez \u00e0 choisir et pr\u00e9parer les produits adapt\u00e9s \u00e0 chaque type de cheveux pour un r\u00e9sultat optimal.  Application du Gla\u00e7age : Exercez-vous sur des mod\u00e8les r\u00e9els, apprenant \u00e0 appliquer le gla\u00e7age avec pr\u00e9cision pour nourrir, lisser et faire briller les cheveux.  Techniques de Lissage et Brillance : Pratiquez les techniques pour obtenir des cheveux brillants, lisses, et revitalis\u00e9s, tout en respectant la structure naturelle du cheveu.  Conseils Post-Soins et Entretien : Apprenez \u00e0 conseiller vos clients sur les soins apr\u00e8s le gla\u00e7age pour prolonger ses bienfaits et maintenir des cheveux sains.  \u00c0 la fin de la formation, vous serez capable de r\u00e9aliser des services de gla\u00e7age professionnels, adapt\u00e9s \u00e0 chaque client, et offrant des r\u00e9sultats \u00e9poustouflants qui raviront vos clients.","og_url":"https:\/\/nkcosmeticmaroc.com\/ar\/product\/formation-pratique-en-glacage-maitrisez-la-technique-du-glacage-professionnel\/","article_modified_time":"2024-11-16T18:12:48+00:00","og_image":[{"width":1280,"height":1280,"url":"https:\/\/nkcosmeticmaroc.com\/wp-content\/uploads\/2024\/11\/IMAGE-2024-11-16-191145.jpg","type":"image\/jpeg"}],"twitter_card":"summary_large_image","twitter_misc":{"Est. reading time":"1 minute"},"schema":{"@context":"https:\/\/schema.org","@graph":[{"@type":"WebPage","@id":"https:\/\/nkcosmeticmaroc.com\/product\/formation-pratique-en-glacage-maitrisez-la-technique-du-glacage-professionnel\/","url":"https:\/\/nkcosmeticmaroc.com\/product\/formation-pratique-en-glacage-maitrisez-la-technique-du-glacage-professionnel\/","name":"Formation Pratique en Gla\u00e7age : Ma\u00eetrisez la Technique du Gla\u00e7age Professionnel -","isPartOf":{"@id":"https:\/\/nkcosmeticmaroc.com\/#website"},"primaryImageOfPage":{"@id":"https:\/\/nkcosmeticmaroc.com\/product\/formation-pratique-en-glacage-maitrisez-la-technique-du-glacage-professionnel\/#primaryimage"},"image":{"@id":"https:\/\/nkcosmeticmaroc.com\/product\/formation-pratique-en-glacage-maitrisez-la-technique-du-glacage-professionnel\/#primaryimage"},"thumbnailUrl":"https:\/\/nkcosmeticmaroc.com\/wp-content\/uploads\/2024\/11\/IMAGE-2024-11-16-191145.jpg","datePublished":"2024-11-11T16:07:50+00:00","dateModified":"2024-11-16T18:12:48+00:00","breadcrumb":{"@id":"https:\/\/nkcosmeticmaroc.com\/product\/formation-pratique-en-glacage-maitrisez-la-technique-du-glacage-professionnel\/#breadcrumb"},"inLanguage":"ary","potentialAction":[{"@type":"ReadAction","target":["https:\/\/nkcosmeticmaroc.com\/product\/formation-pratique-en-glacage-maitrisez-la-technique-du-glacage-professionnel\/"]}]},{"@type":"ImageObject","inLanguage":"ary","@id":"https:\/\/nkcosmeticmaroc.com\/product\/formation-pratique-en-glacage-maitrisez-la-technique-du-glacage-professionnel\/#primaryimage","url":"https:\/\/nkcosmeticmaroc.com\/wp-content\/uploads\/2024\/11\/IMAGE-2024-11-16-191145.jpg","contentUrl":"https:\/\/nkcosmeticmaroc.com\/wp-content\/uploads\/2024\/11\/IMAGE-2024-11-16-191145.jpg","width":1280,"height":1280},{"@type":"BreadcrumbList","@id":"https:\/\/nkcosmeticmaroc.com\/product\/formation-pratique-en-glacage-maitrisez-la-technique-du-glacage-professionnel\/#breadcrumb","itemListElement":[{"@type":"ListItem","position":1,"name":"Home","item":"https:\/\/nkcosmeticmaroc.com\/"},{"@type":"ListItem","position":2,"name":"Boutique","item":"https:\/\/nkcosmeticmaroc.com\/ar\/shop\/"},{"@type":"ListItem","position":3,"name":"Formation Pratique en Gla\u00e7age : Ma\u00eetrisez la Technique du Gla\u00e7age Professionnel"}]},{"@type":"WebSite","@id":"https:\/\/nkcosmeticmaroc.com\/#website","url":"https:\/\/nkcosmeticmaroc.com\/","name":"nkcosmeticmaroc","description":"\u0627\u0643\u062a\u0634\u0641\u0648\u0627 \u0623\u0633\u0631\u0627\u0631 \u0627\u0644\u0639\u0646\u0627\u064a\u0629 \u0628\u0627\u0644\u0628\u0634\u0631\u0629 \u0627\u0644\u0645\u0635\u0645\u0645\u0629 \u062e\u0635\u064a\u0635\u064b\u0627 \u0644\u062c\u0645\u0627\u0644\u0643\u0645 \u0627\u0644\u0637\u0628\u064a\u0639\u064a.","potentialAction":[{"@type":"SearchAction","target":{"@type":"EntryPoint","urlTemplate":"https:\/\/nkcosmeticmaroc.com\/?s={search_term_string}"},"query-input":{"@type":"PropertyValueSpecification","valueRequired":true,"valueName":"search_term_string"}}],"inLanguage":"ary"}]}},"_links":{"self":[{"href":"https:\/\/nkcosmeticmaroc.com\/ar\/wp-json\/wp\/v2\/product\/1021","targetHints":{"allow":["GET"]}}],"collection":[{"href":"https:\/\/nkcosmeticmaroc.com\/ar\/wp-json\/wp\/v2\/product"}],"about":[{"href":"https:\/\/nkcosmeticmaroc.com\/ar\/wp-json\/wp\/v2\/types\/product"}],"replies":[{"embeddable":true,"href":"https:\/\/nkcosmeticmaroc.com\/ar\/wp-json\/wp\/v2\/comments?post=1021"}],"wp:featuredmedia":[{"embeddable":true,"href":"https:\/\/nkcosmeticmaroc.com\/ar\/wp-json\/wp\/v2\/media\/1155"}],"wp:attachment":[{"href":"https:\/\/nkcosmeticmaroc.com\/ar\/wp-json\/wp\/v2\/media?parent=1021"}],"wp:term":[{"taxonomy":"product_brand","embeddable":true,"href":"https:\/\/nkcosmeticmaroc.com\/ar\/wp-json\/wp\/v2\/product_brand?post=1021"},{"taxonomy":"product_cat","embeddable":true,"href":"https:\/\/nkcosmeticmaroc.com\/ar\/wp-json\/wp\/v2\/product_cat?post=1021"},{"taxonomy":"product_tag","embeddable":true,"href":"https:\/\/nkcosmeticmaroc.com\/ar\/wp-json\/wp\/v2\/product_tag?post=1021"}],"curies":[{"name":"wp","href":"https:\/\/api.w.org\/{rel}","templated":true}]}}