{"id":1223,"date":"2024-11-18T21:37:43","date_gmt":"2024-11-18T21:37:43","guid":{"rendered":"https:\/\/nkcosmeticmaroc.com\/?post_type=product&#038;p=1223"},"modified":"2025-03-27T09:43:28","modified_gmt":"2025-03-27T09:43:28","slug":"pissette-500-ml","status":"publish","type":"product","link":"https:\/\/nkcosmeticmaroc.com\/ar\/product\/pissette-500-ml\/","title":{"rendered":"Pissette 500 ml"},"content":{"rendered":"<p>La pissette de 500 ml est con\u00e7ue pour les manipulations n\u00e9cessitant des volumes plus importants de liquide. Elle est dot\u00e9e d\u2019un bec fin pour un contr\u00f4le pr\u00e9cis du d\u00e9bit, ce qui la rend id\u00e9ale pour rincer, transf\u00e9rer ou doser des liquides sans \u00e9claboussures. Sa capacit\u00e9 g\u00e9n\u00e9reuse permet de travailler de mani\u00e8re efficace sur des t\u00e2ches plus longues ou complexes au laboratoire.<\/p>","protected":false},"excerpt":{"rendered":"<p>Pissette de 500 ml adapt\u00e9e au dosage et au rin\u00e7age de volumes plus importants, avec pr\u00e9cision et praticit\u00e9.<\/p>","protected":false},"featured_media":1430,"comment_status":"open","ping_status":"closed","template":"","meta":{"site-sidebar-layout":"default","site-content-layout":"","ast-site-content-layout":"default","site-content-style":"default","site-sidebar-style":"default","ast-global-header-display":"","ast-banner-title-visibility":"","ast-main-header-display":"","ast-hfb-above-header-display":"","ast-hfb-below-header-display":"","ast-hfb-mobile-header-display":"","site-post-title":"","ast-breadcrumbs-content":"","ast-featured-img":"","footer-sml-layout":"","ast-disable-related-posts":"","theme-transparent-header-meta":"default","adv-header-id-meta":"","stick-header-meta":"","header-above-stick-meta":"","header-main-stick-meta":"","header-below-stick-meta":"","astra-migrate-meta-layouts":"set","ast-page-background-enabled":"default","ast-page-background-meta":{"desktop":{"background-color":"var(--ast-global-color-4)","background-image":"","background-repeat":"repeat","background-position":"center center","background-size":"auto","background-attachment":"scroll","background-type":"","background-media":"","overlay-type":"","overlay-color":"","overlay-opacity":"","overlay-gradient":""},"tablet":{"background-color":"","background-image":"","background-repeat":"repeat","background-position":"center center","background-size":"auto","background-attachment":"scroll","background-type":"","background-media":"","overlay-type":"","overlay-color":"","overlay-opacity":"","overlay-gradient":""},"mobile":{"background-color":"","background-image":"","background-repeat":"repeat","background-position":"center center","background-size":"auto","background-attachment":"scroll","background-type":"","background-media":"","overlay-type":"","overlay-color":"","overlay-opacity":"","overlay-gradient":""}},"ast-content-background-meta":{"desktop":{"background-color":"var(--ast-global-color-5)","background-image":"","background-repeat":"repeat","background-position":"center center","background-size":"auto","background-attachment":"scroll","background-type":"","background-media":"","overlay-type":"","overlay-color":"","overlay-opacity":"","overlay-gradient":""},"tablet":{"background-color":"var(--ast-global-color-5)","background-image":"","background-repeat":"repeat","background-position":"center center","background-size":"auto","background-attachment":"scroll","background-type":"","background-media":"","overlay-type":"","overlay-color":"","overlay-opacity":"","overlay-gradient":""},"mobile":{"background-color":"var(--ast-global-color-5)","background-image":"","background-repeat":"repeat","background-position":"center center","background-size":"auto","background-attachment":"scroll","background-type":"","background-media":"","overlay-type":"","overlay-color":"","overlay-opacity":"","overlay-gradient":""}}},"product_brand":[],"product_cat":[51,73],"product_tag":[],"class_list":{"0":"post-1223","1":"product","2":"type-product","3":"status-publish","4":"has-post-thumbnail","6":"product_cat-materiel-de-labo","7":"product_cat-plastique","8":"desktop-align-center","9":"tablet-align-center","10":"mobile-align-center","12":"first","13":"instock","14":"shipping-taxable","15":"purchasable","16":"product-type-simple"},"yoast_head":"<!-- This site is optimized with the Yoast SEO plugin v27.4 - https:\/\/yoast.com\/product\/yoast-seo-wordpress\/ -->\n<title>Pissette 500 ml -<\/title>\n<meta name=\"robots\" content=\"index, follow, max-snippet:-1, max-image-preview:large, max-video-preview:-1\" \/>\n<link rel=\"canonical\" href=\"https:\/\/nkcosmeticmaroc.com\/ar\/product\/pissette-500-ml\/\" \/>\n<meta property=\"og:locale\" content=\"ar_AR\" \/>\n<meta property=\"og:type\" content=\"article\" \/>\n<meta property=\"og:title\" content=\"Pissette 500 ml -\" \/>\n<meta property=\"og:description\" content=\"Pissette de 500 ml adapt\u00e9e au dosage et au rin\u00e7age de volumes plus importants, avec pr\u00e9cision et praticit\u00e9.\" \/>\n<meta property=\"og:url\" content=\"https:\/\/nkcosmeticmaroc.com\/ar\/product\/pissette-500-ml\/\" \/>\n<meta property=\"article:modified_time\" content=\"2025-03-27T09:43:28+00:00\" \/>\n<meta property=\"og:image\" content=\"https:\/\/nkcosmeticmaroc.com\/wp-content\/uploads\/2024\/11\/58-58-58-68-scaled.jpg\" \/>\n\t<meta property=\"og:image:width\" content=\"2560\" \/>\n\t<meta property=\"og:image:height\" content=\"2560\" \/>\n\t<meta property=\"og:image:type\" content=\"image\/jpeg\" \/>\n<meta name=\"twitter:card\" content=\"summary_large_image\" \/>\n<script type=\"application\/ld+json\" class=\"yoast-schema-graph\">{\"@context\":\"https:\\\/\\\/schema.org\",\"@graph\":[{\"@type\":\"WebPage\",\"@id\":\"https:\\\/\\\/nkcosmeticmaroc.com\\\/product\\\/pissette-500-ml\\\/\",\"url\":\"https:\\\/\\\/nkcosmeticmaroc.com\\\/product\\\/pissette-500-ml\\\/\",\"name\":\"Pissette 500 ml -\",\"isPartOf\":{\"@id\":\"https:\\\/\\\/nkcosmeticmaroc.com\\\/#website\"},\"primaryImageOfPage\":{\"@id\":\"https:\\\/\\\/nkcosmeticmaroc.com\\\/product\\\/pissette-500-ml\\\/#primaryimage\"},\"image\":{\"@id\":\"https:\\\/\\\/nkcosmeticmaroc.com\\\/product\\\/pissette-500-ml\\\/#primaryimage\"},\"thumbnailUrl\":\"https:\\\/\\\/nkcosmeticmaroc.com\\\/wp-content\\\/uploads\\\/2024\\\/11\\\/58-58-58-68-scaled.jpg\",\"datePublished\":\"2024-11-18T21:37:43+00:00\",\"dateModified\":\"2025-03-27T09:43:28+00:00\",\"breadcrumb\":{\"@id\":\"https:\\\/\\\/nkcosmeticmaroc.com\\\/product\\\/pissette-500-ml\\\/#breadcrumb\"},\"inLanguage\":\"ary\",\"potentialAction\":[{\"@type\":\"ReadAction\",\"target\":[\"https:\\\/\\\/nkcosmeticmaroc.com\\\/product\\\/pissette-500-ml\\\/\"]}]},{\"@type\":\"ImageObject\",\"inLanguage\":\"ary\",\"@id\":\"https:\\\/\\\/nkcosmeticmaroc.com\\\/product\\\/pissette-500-ml\\\/#primaryimage\",\"url\":\"https:\\\/\\\/nkcosmeticmaroc.com\\\/wp-content\\\/uploads\\\/2024\\\/11\\\/58-58-58-68-scaled.jpg\",\"contentUrl\":\"https:\\\/\\\/nkcosmeticmaroc.com\\\/wp-content\\\/uploads\\\/2024\\\/11\\\/58-58-58-68-scaled.jpg\",\"width\":2560,\"height\":2560},{\"@type\":\"BreadcrumbList\",\"@id\":\"https:\\\/\\\/nkcosmeticmaroc.com\\\/product\\\/pissette-500-ml\\\/#breadcrumb\",\"itemListElement\":[{\"@type\":\"ListItem\",\"position\":1,\"name\":\"Home\",\"item\":\"https:\\\/\\\/nkcosmeticmaroc.com\\\/\"},{\"@type\":\"ListItem\",\"position\":2,\"name\":\"Boutique\",\"item\":\"https:\\\/\\\/nkcosmeticmaroc.com\\\/ar\\\/shop\\\/\"},{\"@type\":\"ListItem\",\"position\":3,\"name\":\"Pissette 500 ml\"}]},{\"@type\":\"WebSite\",\"@id\":\"https:\\\/\\\/nkcosmeticmaroc.com\\\/#website\",\"url\":\"https:\\\/\\\/nkcosmeticmaroc.com\\\/\",\"name\":\"nkcosmeticmaroc\",\"description\":\"D\u00e9couvrez des Soins de la Peau Uniques Con\u00e7us Juste pour Vous\",\"potentialAction\":[{\"@type\":\"SearchAction\",\"target\":{\"@type\":\"EntryPoint\",\"urlTemplate\":\"https:\\\/\\\/nkcosmeticmaroc.com\\\/?s={search_term_string}\"},\"query-input\":{\"@type\":\"PropertyValueSpecification\",\"valueRequired\":true,\"valueName\":\"search_term_string\"}}],\"inLanguage\":\"ary\"}]}<\/script>\n<!-- \/ Yoast SEO plugin. -->","yoast_head_json":{"title":"Pissette 500 ml -","robots":{"index":"index","follow":"follow","max-snippet":"max-snippet:-1","max-image-preview":"max-image-preview:large","max-video-preview":"max-video-preview:-1"},"canonical":"https:\/\/nkcosmeticmaroc.com\/ar\/product\/pissette-500-ml\/","og_locale":"ar_AR","og_type":"article","og_title":"Pissette 500 ml -","og_description":"Pissette de 500 ml adapt\u00e9e au dosage et au rin\u00e7age de volumes plus importants, avec pr\u00e9cision et praticit\u00e9.","og_url":"https:\/\/nkcosmeticmaroc.com\/ar\/product\/pissette-500-ml\/","article_modified_time":"2025-03-27T09:43:28+00:00","og_image":[{"width":2560,"height":2560,"url":"https:\/\/nkcosmeticmaroc.com\/wp-content\/uploads\/2024\/11\/58-58-58-68-scaled.jpg","type":"image\/jpeg"}],"twitter_card":"summary_large_image","schema":{"@context":"https:\/\/schema.org","@graph":[{"@type":"WebPage","@id":"https:\/\/nkcosmeticmaroc.com\/product\/pissette-500-ml\/","url":"https:\/\/nkcosmeticmaroc.com\/product\/pissette-500-ml\/","name":"Pissette 500 ml -","isPartOf":{"@id":"https:\/\/nkcosmeticmaroc.com\/#website"},"primaryImageOfPage":{"@id":"https:\/\/nkcosmeticmaroc.com\/product\/pissette-500-ml\/#primaryimage"},"image":{"@id":"https:\/\/nkcosmeticmaroc.com\/product\/pissette-500-ml\/#primaryimage"},"thumbnailUrl":"https:\/\/nkcosmeticmaroc.com\/wp-content\/uploads\/2024\/11\/58-58-58-68-scaled.jpg","datePublished":"2024-11-18T21:37:43+00:00","dateModified":"2025-03-27T09:43:28+00:00","breadcrumb":{"@id":"https:\/\/nkcosmeticmaroc.com\/product\/pissette-500-ml\/#breadcrumb"},"inLanguage":"ary","potentialAction":[{"@type":"ReadAction","target":["https:\/\/nkcosmeticmaroc.com\/product\/pissette-500-ml\/"]}]},{"@type":"ImageObject","inLanguage":"ary","@id":"https:\/\/nkcosmeticmaroc.com\/product\/pissette-500-ml\/#primaryimage","url":"https:\/\/nkcosmeticmaroc.com\/wp-content\/uploads\/2024\/11\/58-58-58-68-scaled.jpg","contentUrl":"https:\/\/nkcosmeticmaroc.com\/wp-content\/uploads\/2024\/11\/58-58-58-68-scaled.jpg","width":2560,"height":2560},{"@type":"BreadcrumbList","@id":"https:\/\/nkcosmeticmaroc.com\/product\/pissette-500-ml\/#breadcrumb","itemListElement":[{"@type":"ListItem","position":1,"name":"Home","item":"https:\/\/nkcosmeticmaroc.com\/"},{"@type":"ListItem","position":2,"name":"Boutique","item":"https:\/\/nkcosmeticmaroc.com\/ar\/shop\/"},{"@type":"ListItem","position":3,"name":"Pissette 500 ml"}]},{"@type":"WebSite","@id":"https:\/\/nkcosmeticmaroc.com\/#website","url":"https:\/\/nkcosmeticmaroc.com\/","name":"nkcosmeticmaroc","description":"\u0627\u0643\u062a\u0634\u0641\u0648\u0627 \u0623\u0633\u0631\u0627\u0631 \u0627\u0644\u0639\u0646\u0627\u064a\u0629 \u0628\u0627\u0644\u0628\u0634\u0631\u0629 \u0627\u0644\u0645\u0635\u0645\u0645\u0629 \u062e\u0635\u064a\u0635\u064b\u0627 \u0644\u062c\u0645\u0627\u0644\u0643\u0645 \u0627\u0644\u0637\u0628\u064a\u0639\u064a.","potentialAction":[{"@type":"SearchAction","target":{"@type":"EntryPoint","urlTemplate":"https:\/\/nkcosmeticmaroc.com\/?s={search_term_string}"},"query-input":{"@type":"PropertyValueSpecification","valueRequired":true,"valueName":"search_term_string"}}],"inLanguage":"ary"}]}},"_links":{"self":[{"href":"https:\/\/nkcosmeticmaroc.com\/ar\/wp-json\/wp\/v2\/product\/1223","targetHints":{"allow":["GET"]}}],"collection":[{"href":"https:\/\/nkcosmeticmaroc.com\/ar\/wp-json\/wp\/v2\/product"}],"about":[{"href":"https:\/\/nkcosmeticmaroc.com\/ar\/wp-json\/wp\/v2\/types\/product"}],"replies":[{"embeddable":true,"href":"https:\/\/nkcosmeticmaroc.com\/ar\/wp-json\/wp\/v2\/comments?post=1223"}],"wp:featuredmedia":[{"embeddable":true,"href":"https:\/\/nkcosmeticmaroc.com\/ar\/wp-json\/wp\/v2\/media\/1430"}],"wp:attachment":[{"href":"https:\/\/nkcosmeticmaroc.com\/ar\/wp-json\/wp\/v2\/media?parent=1223"}],"wp:term":[{"taxonomy":"product_brand","embeddable":true,"href":"https:\/\/nkcosmeticmaroc.com\/ar\/wp-json\/wp\/v2\/product_brand?post=1223"},{"taxonomy":"product_cat","embeddable":true,"href":"https:\/\/nkcosmeticmaroc.com\/ar\/wp-json\/wp\/v2\/product_cat?post=1223"},{"taxonomy":"product_tag","embeddable":true,"href":"https:\/\/nkcosmeticmaroc.com\/ar\/wp-json\/wp\/v2\/product_tag?post=1223"}],"curies":[{"name":"wp","href":"https:\/\/api.w.org\/{rel}","templated":true}]}}