{"id":1441,"date":"2024-12-02T15:09:18","date_gmt":"2024-12-02T15:09:18","guid":{"rendered":"https:\/\/nkcosmeticmaroc.com\/?post_type=product&#038;p=1441"},"modified":"2024-12-09T19:28:31","modified_gmt":"2024-12-09T19:28:31","slug":"balance-numerique-multifonctions","status":"publish","type":"product","link":"https:\/\/nkcosmeticmaroc.com\/ar\/product\/balance-numerique-multifonctions\/","title":{"rendered":"Balance num\u00e9rique multifonctions"},"content":{"rendered":"<p>Haute pr\u00e9cision de mesure et diverses fonctions : 6 unit\u00e9s de mesure entre g, oz, ozt, dwt, gn, ct, fabriqu\u00e9es \u00e0 partir du syst\u00e8me de capteurs tr\u00e8s pr\u00e9cis, les balances de pr\u00e9cision de poche fournissent des r\u00e9sultats instantan\u00e9s et pr\u00e9cis de 0,01 g (0,001 oz) \u00e0 300g<br \/>\nCONCEPTION DE HAUTE QUALIT\u00c9 Cette balance num\u00e9rique d&rsquo;extr\u00eame pr\u00e9cision a \u00e9t\u00e9 d\u00e9velopp\u00e9e \u00e0 partir d&rsquo;une plate-forme en acier inoxydable de haute qualit\u00e9 et d&rsquo;un cadre en plastique de haute qualit\u00e9. Cette balance de cuisine num\u00e9rique est facile \u00e0 nettoyer. Attention : veuillez retirer le capot sup\u00e9rieur lors de l&rsquo;utilisation<br \/>\nGain de place : design minimaliste et \u00e9l\u00e9gant, avec une taille petite et compacte (dimensions du produit : 4,1 pouces x 5 pouces, dimensions de la plate-forme : 4 x 4 pouces). Balance de cuisine num\u00e9rique, elle prend de la place sur votre table. C&rsquo;est pourquoi les balances de cuisine sont faciles \u00e0 transporter<br \/>\nFonction bouton intelligent : avec la fonction \u00ab PCS \u00bb, vous pouvez compter vos pi\u00e8ces telles que les \u00e9pingles, les perles et les vis ; le \u00ab T \u00bb pour la fonction tare ; le \u00ab M \u00bb pour unit\u00e9 de s\u00e9lection ; fonction d&rsquo;arr\u00eat automatique<br \/>\nDiverses fonctions : balance num\u00e9rique \u00e9quip\u00e9e d&rsquo;un r\u00e9tro\u00e9clairage clair de l&rsquo;\u00e9cran LCD et de deux plateaux que vous utilisez comme protecteurs ou plateaux de balance. La balance de pr\u00e9cision convient pour peser des bijoux, des aliments, des comprim\u00e9s, de la poudre, des pierres pr\u00e9cieuses, des pi\u00e8ces de monnaie, de l&rsquo;or, etc. Balance de cuisine num\u00e9rique. 2 piles AAA sont incluses<\/p>\n<p>traduction en arabe stp<\/p>","protected":false},"excerpt":{"rendered":"<p>Balance num\u00e9rique pr\u00e9cise avec 6 unit\u00e9s de mesure et une capacit\u00e9 allant jusqu&rsquo;\u00e0 300 g, id\u00e9ale pour divers usages (bijoux, aliments, poudres). Design compact en acier inoxydable, facile \u00e0 nettoyer et \u00e0 transporter. Fonctions intelligentes (comptage, tare, arr\u00eat automatique) et \u00e9cran LCD r\u00e9tro\u00e9clair\u00e9 pour une utilisation pratique.<\/p>","protected":false},"featured_media":1442,"comment_status":"open","ping_status":"closed","template":"","meta":{"site-sidebar-layout":"default","site-content-layout":"","ast-site-content-layout":"default","site-content-style":"default","site-sidebar-style":"default","ast-global-header-display":"","ast-banner-title-visibility":"","ast-main-header-display":"","ast-hfb-above-header-display":"","ast-hfb-below-header-display":"","ast-hfb-mobile-header-display":"","site-post-title":"","ast-breadcrumbs-content":"","ast-featured-img":"","footer-sml-layout":"","ast-disable-related-posts":"","theme-transparent-header-meta":"default","adv-header-id-meta":"","stick-header-meta":"","header-above-stick-meta":"","header-main-stick-meta":"","header-below-stick-meta":"","astra-migrate-meta-layouts":"set","ast-page-background-enabled":"default","ast-page-background-meta":{"desktop":{"background-color":"var(--ast-global-color-4)","background-image":"","background-repeat":"repeat","background-position":"center center","background-size":"auto","background-attachment":"scroll","background-type":"","background-media":"","overlay-type":"","overlay-color":"","overlay-opacity":"","overlay-gradient":""},"tablet":{"background-color":"","background-image":"","background-repeat":"repeat","background-position":"center center","background-size":"auto","background-attachment":"scroll","background-type":"","background-media":"","overlay-type":"","overlay-color":"","overlay-opacity":"","overlay-gradient":""},"mobile":{"background-color":"","background-image":"","background-repeat":"repeat","background-position":"center center","background-size":"auto","background-attachment":"scroll","background-type":"","background-media":"","overlay-type":"","overlay-color":"","overlay-opacity":"","overlay-gradient":""}},"ast-content-background-meta":{"desktop":{"background-color":"var(--ast-global-color-5)","background-image":"","background-repeat":"repeat","background-position":"center center","background-size":"auto","background-attachment":"scroll","background-type":"","background-media":"","overlay-type":"","overlay-color":"","overlay-opacity":"","overlay-gradient":""},"tablet":{"background-color":"var(--ast-global-color-5)","background-image":"","background-repeat":"repeat","background-position":"center center","background-size":"auto","background-attachment":"scroll","background-type":"","background-media":"","overlay-type":"","overlay-color":"","overlay-opacity":"","overlay-gradient":""},"mobile":{"background-color":"var(--ast-global-color-5)","background-image":"","background-repeat":"repeat","background-position":"center center","background-size":"auto","background-attachment":"scroll","background-type":"","background-media":"","overlay-type":"","overlay-color":"","overlay-opacity":"","overlay-gradient":""}}},"product_brand":[],"product_cat":[63,51],"product_tag":[],"class_list":{"0":"post-1441","1":"product","2":"type-product","3":"status-publish","4":"has-post-thumbnail","6":"product_cat-balance","7":"product_cat-materiel-de-labo","8":"desktop-align-center","9":"tablet-align-center","10":"mobile-align-center","12":"first","13":"instock","14":"shipping-taxable","15":"purchasable","16":"product-type-simple"},"yoast_head":"<!-- This site is optimized with the Yoast SEO plugin v27.4 - https:\/\/yoast.com\/product\/yoast-seo-wordpress\/ -->\n<title>Balance num\u00e9rique multifonctions -<\/title>\n<meta name=\"robots\" content=\"index, follow, max-snippet:-1, max-image-preview:large, max-video-preview:-1\" \/>\n<link rel=\"canonical\" href=\"https:\/\/nkcosmeticmaroc.com\/ar\/product\/balance-numerique-multifonctions\/\" \/>\n<meta property=\"og:locale\" content=\"ar_AR\" \/>\n<meta property=\"og:type\" content=\"article\" \/>\n<meta property=\"og:title\" content=\"Balance num\u00e9rique multifonctions -\" \/>\n<meta property=\"og:description\" content=\"Balance num\u00e9rique pr\u00e9cise avec 6 unit\u00e9s de mesure et une capacit\u00e9 allant jusqu&#039;\u00e0 300 g, id\u00e9ale pour divers usages (bijoux, aliments, poudres). Design compact en acier inoxydable, facile \u00e0 nettoyer et \u00e0 transporter. Fonctions intelligentes (comptage, tare, arr\u00eat automatique) et \u00e9cran LCD r\u00e9tro\u00e9clair\u00e9 pour une utilisation pratique.\" \/>\n<meta property=\"og:url\" content=\"https:\/\/nkcosmeticmaroc.com\/ar\/product\/balance-numerique-multifonctions\/\" \/>\n<meta property=\"article:modified_time\" content=\"2024-12-09T19:28:31+00:00\" \/>\n<meta property=\"og:image\" content=\"https:\/\/nkcosmeticmaroc.com\/wp-content\/uploads\/2024\/12\/MATERIEL-LABO-NK-60-scaled.jpg\" \/>\n\t<meta property=\"og:image:width\" content=\"2560\" \/>\n\t<meta property=\"og:image:height\" content=\"2560\" \/>\n\t<meta property=\"og:image:type\" content=\"image\/jpeg\" \/>\n<meta name=\"twitter:card\" content=\"summary_large_image\" \/>\n<meta name=\"twitter:label1\" content=\"Est. reading time\" \/>\n\t<meta name=\"twitter:data1\" content=\"1 minute\" \/>\n<script type=\"application\/ld+json\" class=\"yoast-schema-graph\">{\"@context\":\"https:\\\/\\\/schema.org\",\"@graph\":[{\"@type\":\"WebPage\",\"@id\":\"https:\\\/\\\/nkcosmeticmaroc.com\\\/product\\\/balance-numerique-multifonctions\\\/\",\"url\":\"https:\\\/\\\/nkcosmeticmaroc.com\\\/product\\\/balance-numerique-multifonctions\\\/\",\"name\":\"Balance num\u00e9rique multifonctions -\",\"isPartOf\":{\"@id\":\"https:\\\/\\\/nkcosmeticmaroc.com\\\/#website\"},\"primaryImageOfPage\":{\"@id\":\"https:\\\/\\\/nkcosmeticmaroc.com\\\/product\\\/balance-numerique-multifonctions\\\/#primaryimage\"},\"image\":{\"@id\":\"https:\\\/\\\/nkcosmeticmaroc.com\\\/product\\\/balance-numerique-multifonctions\\\/#primaryimage\"},\"thumbnailUrl\":\"https:\\\/\\\/nkcosmeticmaroc.com\\\/wp-content\\\/uploads\\\/2024\\\/12\\\/MATERIEL-LABO-NK-60-scaled.jpg\",\"datePublished\":\"2024-12-02T15:09:18+00:00\",\"dateModified\":\"2024-12-09T19:28:31+00:00\",\"breadcrumb\":{\"@id\":\"https:\\\/\\\/nkcosmeticmaroc.com\\\/product\\\/balance-numerique-multifonctions\\\/#breadcrumb\"},\"inLanguage\":\"ary\",\"potentialAction\":[{\"@type\":\"ReadAction\",\"target\":[\"https:\\\/\\\/nkcosmeticmaroc.com\\\/product\\\/balance-numerique-multifonctions\\\/\"]}]},{\"@type\":\"ImageObject\",\"inLanguage\":\"ary\",\"@id\":\"https:\\\/\\\/nkcosmeticmaroc.com\\\/product\\\/balance-numerique-multifonctions\\\/#primaryimage\",\"url\":\"https:\\\/\\\/nkcosmeticmaroc.com\\\/wp-content\\\/uploads\\\/2024\\\/12\\\/MATERIEL-LABO-NK-60-scaled.jpg\",\"contentUrl\":\"https:\\\/\\\/nkcosmeticmaroc.com\\\/wp-content\\\/uploads\\\/2024\\\/12\\\/MATERIEL-LABO-NK-60-scaled.jpg\",\"width\":2560,\"height\":2560},{\"@type\":\"BreadcrumbList\",\"@id\":\"https:\\\/\\\/nkcosmeticmaroc.com\\\/product\\\/balance-numerique-multifonctions\\\/#breadcrumb\",\"itemListElement\":[{\"@type\":\"ListItem\",\"position\":1,\"name\":\"Home\",\"item\":\"https:\\\/\\\/nkcosmeticmaroc.com\\\/\"},{\"@type\":\"ListItem\",\"position\":2,\"name\":\"Boutique\",\"item\":\"https:\\\/\\\/nkcosmeticmaroc.com\\\/ar\\\/shop\\\/\"},{\"@type\":\"ListItem\",\"position\":3,\"name\":\"Balance num\u00e9rique multifonctions\"}]},{\"@type\":\"WebSite\",\"@id\":\"https:\\\/\\\/nkcosmeticmaroc.com\\\/#website\",\"url\":\"https:\\\/\\\/nkcosmeticmaroc.com\\\/\",\"name\":\"nkcosmeticmaroc\",\"description\":\"D\u00e9couvrez des Soins de la Peau Uniques Con\u00e7us Juste pour Vous\",\"potentialAction\":[{\"@type\":\"SearchAction\",\"target\":{\"@type\":\"EntryPoint\",\"urlTemplate\":\"https:\\\/\\\/nkcosmeticmaroc.com\\\/?s={search_term_string}\"},\"query-input\":{\"@type\":\"PropertyValueSpecification\",\"valueRequired\":true,\"valueName\":\"search_term_string\"}}],\"inLanguage\":\"ary\"}]}<\/script>\n<!-- \/ Yoast SEO plugin. -->","yoast_head_json":{"title":"Balance num\u00e9rique multifonctions -","robots":{"index":"index","follow":"follow","max-snippet":"max-snippet:-1","max-image-preview":"max-image-preview:large","max-video-preview":"max-video-preview:-1"},"canonical":"https:\/\/nkcosmeticmaroc.com\/ar\/product\/balance-numerique-multifonctions\/","og_locale":"ar_AR","og_type":"article","og_title":"Balance num\u00e9rique multifonctions -","og_description":"Balance num\u00e9rique pr\u00e9cise avec 6 unit\u00e9s de mesure et une capacit\u00e9 allant jusqu'\u00e0 300 g, id\u00e9ale pour divers usages (bijoux, aliments, poudres). Design compact en acier inoxydable, facile \u00e0 nettoyer et \u00e0 transporter. Fonctions intelligentes (comptage, tare, arr\u00eat automatique) et \u00e9cran LCD r\u00e9tro\u00e9clair\u00e9 pour une utilisation pratique.","og_url":"https:\/\/nkcosmeticmaroc.com\/ar\/product\/balance-numerique-multifonctions\/","article_modified_time":"2024-12-09T19:28:31+00:00","og_image":[{"width":2560,"height":2560,"url":"https:\/\/nkcosmeticmaroc.com\/wp-content\/uploads\/2024\/12\/MATERIEL-LABO-NK-60-scaled.jpg","type":"image\/jpeg"}],"twitter_card":"summary_large_image","twitter_misc":{"Est. reading time":"1 minute"},"schema":{"@context":"https:\/\/schema.org","@graph":[{"@type":"WebPage","@id":"https:\/\/nkcosmeticmaroc.com\/product\/balance-numerique-multifonctions\/","url":"https:\/\/nkcosmeticmaroc.com\/product\/balance-numerique-multifonctions\/","name":"Balance num\u00e9rique multifonctions -","isPartOf":{"@id":"https:\/\/nkcosmeticmaroc.com\/#website"},"primaryImageOfPage":{"@id":"https:\/\/nkcosmeticmaroc.com\/product\/balance-numerique-multifonctions\/#primaryimage"},"image":{"@id":"https:\/\/nkcosmeticmaroc.com\/product\/balance-numerique-multifonctions\/#primaryimage"},"thumbnailUrl":"https:\/\/nkcosmeticmaroc.com\/wp-content\/uploads\/2024\/12\/MATERIEL-LABO-NK-60-scaled.jpg","datePublished":"2024-12-02T15:09:18+00:00","dateModified":"2024-12-09T19:28:31+00:00","breadcrumb":{"@id":"https:\/\/nkcosmeticmaroc.com\/product\/balance-numerique-multifonctions\/#breadcrumb"},"inLanguage":"ary","potentialAction":[{"@type":"ReadAction","target":["https:\/\/nkcosmeticmaroc.com\/product\/balance-numerique-multifonctions\/"]}]},{"@type":"ImageObject","inLanguage":"ary","@id":"https:\/\/nkcosmeticmaroc.com\/product\/balance-numerique-multifonctions\/#primaryimage","url":"https:\/\/nkcosmeticmaroc.com\/wp-content\/uploads\/2024\/12\/MATERIEL-LABO-NK-60-scaled.jpg","contentUrl":"https:\/\/nkcosmeticmaroc.com\/wp-content\/uploads\/2024\/12\/MATERIEL-LABO-NK-60-scaled.jpg","width":2560,"height":2560},{"@type":"BreadcrumbList","@id":"https:\/\/nkcosmeticmaroc.com\/product\/balance-numerique-multifonctions\/#breadcrumb","itemListElement":[{"@type":"ListItem","position":1,"name":"Home","item":"https:\/\/nkcosmeticmaroc.com\/"},{"@type":"ListItem","position":2,"name":"Boutique","item":"https:\/\/nkcosmeticmaroc.com\/ar\/shop\/"},{"@type":"ListItem","position":3,"name":"Balance num\u00e9rique multifonctions"}]},{"@type":"WebSite","@id":"https:\/\/nkcosmeticmaroc.com\/#website","url":"https:\/\/nkcosmeticmaroc.com\/","name":"nkcosmeticmaroc","description":"\u0627\u0643\u062a\u0634\u0641\u0648\u0627 \u0623\u0633\u0631\u0627\u0631 \u0627\u0644\u0639\u0646\u0627\u064a\u0629 \u0628\u0627\u0644\u0628\u0634\u0631\u0629 \u0627\u0644\u0645\u0635\u0645\u0645\u0629 \u062e\u0635\u064a\u0635\u064b\u0627 \u0644\u062c\u0645\u0627\u0644\u0643\u0645 \u0627\u0644\u0637\u0628\u064a\u0639\u064a.","potentialAction":[{"@type":"SearchAction","target":{"@type":"EntryPoint","urlTemplate":"https:\/\/nkcosmeticmaroc.com\/?s={search_term_string}"},"query-input":{"@type":"PropertyValueSpecification","valueRequired":true,"valueName":"search_term_string"}}],"inLanguage":"ary"}]}},"_links":{"self":[{"href":"https:\/\/nkcosmeticmaroc.com\/ar\/wp-json\/wp\/v2\/product\/1441","targetHints":{"allow":["GET"]}}],"collection":[{"href":"https:\/\/nkcosmeticmaroc.com\/ar\/wp-json\/wp\/v2\/product"}],"about":[{"href":"https:\/\/nkcosmeticmaroc.com\/ar\/wp-json\/wp\/v2\/types\/product"}],"replies":[{"embeddable":true,"href":"https:\/\/nkcosmeticmaroc.com\/ar\/wp-json\/wp\/v2\/comments?post=1441"}],"wp:featuredmedia":[{"embeddable":true,"href":"https:\/\/nkcosmeticmaroc.com\/ar\/wp-json\/wp\/v2\/media\/1442"}],"wp:attachment":[{"href":"https:\/\/nkcosmeticmaroc.com\/ar\/wp-json\/wp\/v2\/media?parent=1441"}],"wp:term":[{"taxonomy":"product_brand","embeddable":true,"href":"https:\/\/nkcosmeticmaroc.com\/ar\/wp-json\/wp\/v2\/product_brand?post=1441"},{"taxonomy":"product_cat","embeddable":true,"href":"https:\/\/nkcosmeticmaroc.com\/ar\/wp-json\/wp\/v2\/product_cat?post=1441"},{"taxonomy":"product_tag","embeddable":true,"href":"https:\/\/nkcosmeticmaroc.com\/ar\/wp-json\/wp\/v2\/product_tag?post=1441"}],"curies":[{"name":"wp","href":"https:\/\/api.w.org\/{rel}","templated":true}]}}