{"id":1751,"date":"2025-03-22T11:28:56","date_gmt":"2025-03-22T11:28:56","guid":{"rendered":"https:\/\/nkcosmeticmaroc.com\/?post_type=product&#038;p=1751"},"modified":"2025-03-27T09:35:34","modified_gmt":"2025-03-27T09:35:34","slug":"flacon-en-plastique-carre-a-obturateur-cl-a-vis-blanc-100ml-pl610","status":"publish","type":"product","link":"https:\/\/nkcosmeticmaroc.com\/ar\/product\/flacon-en-plastique-carre-a-obturateur-cl-a-vis-blanc-100ml-pl610\/","title":{"rendered":"Flacon en plastique carr\u00e9 a\/obturateur CL a vis blanc &#8211; 100ml &#8211; pl610"},"content":{"rendered":"<p>Flacon en plastique carr\u00e9 de 100 ml avec obturateur et bouchon \u00e0 vis blanc, con\u00e7u pour le stockage s\u00e9curis\u00e9 de liquides et poudres en laboratoire ou en milieu industriel. Fabriqu\u00e9 en plastique de haute qualit\u00e9, il offre une excellente r\u00e9sistance aux produits chimiques et aux chocs. Sa forme carr\u00e9e optimise l\u2019espace de rangement et assure une meilleure prise en main. L\u2019obturateur garantit une \u00e9tanch\u00e9it\u00e9 parfaite pour \u00e9viter toute fuite ou contamination.<\/p>","protected":false},"excerpt":{"rendered":"<p>Flacon en plastique carr\u00e9 100 ml avec bouchon \u00e0 vis blanc, r\u00e9sistant et herm\u00e9tique, id\u00e9al pour le stockage s\u00e9curis\u00e9 de liquides et poudres.<\/p>","protected":false},"featured_media":1756,"comment_status":"open","ping_status":"closed","template":"","meta":{"site-sidebar-layout":"default","site-content-layout":"","ast-site-content-layout":"default","site-content-style":"default","site-sidebar-style":"default","ast-global-header-display":"","ast-banner-title-visibility":"","ast-main-header-display":"","ast-hfb-above-header-display":"","ast-hfb-below-header-display":"","ast-hfb-mobile-header-display":"","site-post-title":"","ast-breadcrumbs-content":"","ast-featured-img":"","footer-sml-layout":"","ast-disable-related-posts":"","theme-transparent-header-meta":"default","adv-header-id-meta":"","stick-header-meta":"","header-above-stick-meta":"","header-main-stick-meta":"","header-below-stick-meta":"","astra-migrate-meta-layouts":"set","ast-page-background-enabled":"default","ast-page-background-meta":{"desktop":{"background-color":"var(--ast-global-color-4)","background-image":"","background-repeat":"repeat","background-position":"center center","background-size":"auto","background-attachment":"scroll","background-type":"","background-media":"","overlay-type":"","overlay-color":"","overlay-opacity":"","overlay-gradient":""},"tablet":{"background-color":"","background-image":"","background-repeat":"repeat","background-position":"center center","background-size":"auto","background-attachment":"scroll","background-type":"","background-media":"","overlay-type":"","overlay-color":"","overlay-opacity":"","overlay-gradient":""},"mobile":{"background-color":"","background-image":"","background-repeat":"repeat","background-position":"center center","background-size":"auto","background-attachment":"scroll","background-type":"","background-media":"","overlay-type":"","overlay-color":"","overlay-opacity":"","overlay-gradient":""}},"ast-content-background-meta":{"desktop":{"background-color":"var(--ast-global-color-5)","background-image":"","background-repeat":"repeat","background-position":"center center","background-size":"auto","background-attachment":"scroll","background-type":"","background-media":"","overlay-type":"","overlay-color":"","overlay-opacity":"","overlay-gradient":""},"tablet":{"background-color":"var(--ast-global-color-5)","background-image":"","background-repeat":"repeat","background-position":"center center","background-size":"auto","background-attachment":"scroll","background-type":"","background-media":"","overlay-type":"","overlay-color":"","overlay-opacity":"","overlay-gradient":""},"mobile":{"background-color":"var(--ast-global-color-5)","background-image":"","background-repeat":"repeat","background-position":"center center","background-size":"auto","background-attachment":"scroll","background-type":"","background-media":"","overlay-type":"","overlay-color":"","overlay-opacity":"","overlay-gradient":""}}},"product_brand":[],"product_cat":[51,73],"product_tag":[],"class_list":{"0":"post-1751","1":"product","2":"type-product","3":"status-publish","4":"has-post-thumbnail","6":"product_cat-materiel-de-labo","7":"product_cat-plastique","8":"desktop-align-center","9":"tablet-align-center","10":"mobile-align-center","12":"first","13":"instock","14":"shipping-taxable","15":"purchasable","16":"product-type-simple"},"yoast_head":"<!-- This site is optimized with the Yoast SEO plugin v27.4 - https:\/\/yoast.com\/product\/yoast-seo-wordpress\/ -->\n<title>Flacon en plastique carr\u00e9 a\/obturateur CL a vis blanc - 100ml - pl610 -<\/title>\n<meta name=\"robots\" content=\"index, follow, max-snippet:-1, max-image-preview:large, max-video-preview:-1\" \/>\n<link rel=\"canonical\" href=\"https:\/\/nkcosmeticmaroc.com\/ar\/product\/flacon-en-plastique-carre-a-obturateur-cl-a-vis-blanc-100ml-pl610\/\" \/>\n<meta property=\"og:locale\" content=\"ar_AR\" \/>\n<meta property=\"og:type\" content=\"article\" \/>\n<meta property=\"og:title\" content=\"Flacon en plastique carr\u00e9 a\/obturateur CL a vis blanc - 100ml - pl610 -\" \/>\n<meta property=\"og:description\" content=\"Flacon en plastique carr\u00e9 100 ml avec bouchon \u00e0 vis blanc, r\u00e9sistant et herm\u00e9tique, id\u00e9al pour le stockage s\u00e9curis\u00e9 de liquides et poudres.\" \/>\n<meta property=\"og:url\" content=\"https:\/\/nkcosmeticmaroc.com\/ar\/product\/flacon-en-plastique-carre-a-obturateur-cl-a-vis-blanc-100ml-pl610\/\" \/>\n<meta property=\"article:modified_time\" content=\"2025-03-27T09:35:34+00:00\" \/>\n<meta property=\"og:image\" content=\"https:\/\/nkcosmeticmaroc.com\/wp-content\/uploads\/2025\/03\/NK-Products-Website_Plan-de-travail-1.jpg\" \/>\n\t<meta property=\"og:image:width\" content=\"2363\" \/>\n\t<meta property=\"og:image:height\" content=\"2363\" \/>\n\t<meta property=\"og:image:type\" content=\"image\/jpeg\" \/>\n<meta name=\"twitter:card\" content=\"summary_large_image\" \/>\n<script type=\"application\/ld+json\" class=\"yoast-schema-graph\">{\"@context\":\"https:\\\/\\\/schema.org\",\"@graph\":[{\"@type\":\"WebPage\",\"@id\":\"https:\\\/\\\/nkcosmeticmaroc.com\\\/product\\\/flacon-en-plastique-carre-a-obturateur-cl-a-vis-blanc-100ml-pl610\\\/\",\"url\":\"https:\\\/\\\/nkcosmeticmaroc.com\\\/product\\\/flacon-en-plastique-carre-a-obturateur-cl-a-vis-blanc-100ml-pl610\\\/\",\"name\":\"Flacon en plastique carr\u00e9 a\\\/obturateur CL a vis blanc - 100ml - pl610 -\",\"isPartOf\":{\"@id\":\"https:\\\/\\\/nkcosmeticmaroc.com\\\/#website\"},\"primaryImageOfPage\":{\"@id\":\"https:\\\/\\\/nkcosmeticmaroc.com\\\/product\\\/flacon-en-plastique-carre-a-obturateur-cl-a-vis-blanc-100ml-pl610\\\/#primaryimage\"},\"image\":{\"@id\":\"https:\\\/\\\/nkcosmeticmaroc.com\\\/product\\\/flacon-en-plastique-carre-a-obturateur-cl-a-vis-blanc-100ml-pl610\\\/#primaryimage\"},\"thumbnailUrl\":\"https:\\\/\\\/nkcosmeticmaroc.com\\\/wp-content\\\/uploads\\\/2025\\\/03\\\/NK-Products-Website_Plan-de-travail-1.jpg\",\"datePublished\":\"2025-03-22T11:28:56+00:00\",\"dateModified\":\"2025-03-27T09:35:34+00:00\",\"breadcrumb\":{\"@id\":\"https:\\\/\\\/nkcosmeticmaroc.com\\\/product\\\/flacon-en-plastique-carre-a-obturateur-cl-a-vis-blanc-100ml-pl610\\\/#breadcrumb\"},\"inLanguage\":\"ary\",\"potentialAction\":[{\"@type\":\"ReadAction\",\"target\":[\"https:\\\/\\\/nkcosmeticmaroc.com\\\/product\\\/flacon-en-plastique-carre-a-obturateur-cl-a-vis-blanc-100ml-pl610\\\/\"]}]},{\"@type\":\"ImageObject\",\"inLanguage\":\"ary\",\"@id\":\"https:\\\/\\\/nkcosmeticmaroc.com\\\/product\\\/flacon-en-plastique-carre-a-obturateur-cl-a-vis-blanc-100ml-pl610\\\/#primaryimage\",\"url\":\"https:\\\/\\\/nkcosmeticmaroc.com\\\/wp-content\\\/uploads\\\/2025\\\/03\\\/NK-Products-Website_Plan-de-travail-1.jpg\",\"contentUrl\":\"https:\\\/\\\/nkcosmeticmaroc.com\\\/wp-content\\\/uploads\\\/2025\\\/03\\\/NK-Products-Website_Plan-de-travail-1.jpg\",\"width\":2363,\"height\":2363},{\"@type\":\"BreadcrumbList\",\"@id\":\"https:\\\/\\\/nkcosmeticmaroc.com\\\/product\\\/flacon-en-plastique-carre-a-obturateur-cl-a-vis-blanc-100ml-pl610\\\/#breadcrumb\",\"itemListElement\":[{\"@type\":\"ListItem\",\"position\":1,\"name\":\"Home\",\"item\":\"https:\\\/\\\/nkcosmeticmaroc.com\\\/\"},{\"@type\":\"ListItem\",\"position\":2,\"name\":\"Boutique\",\"item\":\"https:\\\/\\\/nkcosmeticmaroc.com\\\/ar\\\/shop\\\/\"},{\"@type\":\"ListItem\",\"position\":3,\"name\":\"Flacon en plastique carr\u00e9 a\\\/obturateur CL a vis blanc &#8211; 100ml &#8211; pl610\"}]},{\"@type\":\"WebSite\",\"@id\":\"https:\\\/\\\/nkcosmeticmaroc.com\\\/#website\",\"url\":\"https:\\\/\\\/nkcosmeticmaroc.com\\\/\",\"name\":\"nkcosmeticmaroc\",\"description\":\"D\u00e9couvrez des Soins de la Peau Uniques Con\u00e7us Juste pour Vous\",\"potentialAction\":[{\"@type\":\"SearchAction\",\"target\":{\"@type\":\"EntryPoint\",\"urlTemplate\":\"https:\\\/\\\/nkcosmeticmaroc.com\\\/?s={search_term_string}\"},\"query-input\":{\"@type\":\"PropertyValueSpecification\",\"valueRequired\":true,\"valueName\":\"search_term_string\"}}],\"inLanguage\":\"ary\"}]}<\/script>\n<!-- \/ Yoast SEO plugin. -->","yoast_head_json":{"title":"Flacon en plastique carr\u00e9 a\/obturateur CL a vis blanc - 100ml - pl610 -","robots":{"index":"index","follow":"follow","max-snippet":"max-snippet:-1","max-image-preview":"max-image-preview:large","max-video-preview":"max-video-preview:-1"},"canonical":"https:\/\/nkcosmeticmaroc.com\/ar\/product\/flacon-en-plastique-carre-a-obturateur-cl-a-vis-blanc-100ml-pl610\/","og_locale":"ar_AR","og_type":"article","og_title":"Flacon en plastique carr\u00e9 a\/obturateur CL a vis blanc - 100ml - pl610 -","og_description":"Flacon en plastique carr\u00e9 100 ml avec bouchon \u00e0 vis blanc, r\u00e9sistant et herm\u00e9tique, id\u00e9al pour le stockage s\u00e9curis\u00e9 de liquides et poudres.","og_url":"https:\/\/nkcosmeticmaroc.com\/ar\/product\/flacon-en-plastique-carre-a-obturateur-cl-a-vis-blanc-100ml-pl610\/","article_modified_time":"2025-03-27T09:35:34+00:00","og_image":[{"width":2363,"height":2363,"url":"https:\/\/nkcosmeticmaroc.com\/wp-content\/uploads\/2025\/03\/NK-Products-Website_Plan-de-travail-1.jpg","type":"image\/jpeg"}],"twitter_card":"summary_large_image","schema":{"@context":"https:\/\/schema.org","@graph":[{"@type":"WebPage","@id":"https:\/\/nkcosmeticmaroc.com\/product\/flacon-en-plastique-carre-a-obturateur-cl-a-vis-blanc-100ml-pl610\/","url":"https:\/\/nkcosmeticmaroc.com\/product\/flacon-en-plastique-carre-a-obturateur-cl-a-vis-blanc-100ml-pl610\/","name":"Flacon en plastique carr\u00e9 a\/obturateur CL a vis blanc - 100ml - pl610 -","isPartOf":{"@id":"https:\/\/nkcosmeticmaroc.com\/#website"},"primaryImageOfPage":{"@id":"https:\/\/nkcosmeticmaroc.com\/product\/flacon-en-plastique-carre-a-obturateur-cl-a-vis-blanc-100ml-pl610\/#primaryimage"},"image":{"@id":"https:\/\/nkcosmeticmaroc.com\/product\/flacon-en-plastique-carre-a-obturateur-cl-a-vis-blanc-100ml-pl610\/#primaryimage"},"thumbnailUrl":"https:\/\/nkcosmeticmaroc.com\/wp-content\/uploads\/2025\/03\/NK-Products-Website_Plan-de-travail-1.jpg","datePublished":"2025-03-22T11:28:56+00:00","dateModified":"2025-03-27T09:35:34+00:00","breadcrumb":{"@id":"https:\/\/nkcosmeticmaroc.com\/product\/flacon-en-plastique-carre-a-obturateur-cl-a-vis-blanc-100ml-pl610\/#breadcrumb"},"inLanguage":"ary","potentialAction":[{"@type":"ReadAction","target":["https:\/\/nkcosmeticmaroc.com\/product\/flacon-en-plastique-carre-a-obturateur-cl-a-vis-blanc-100ml-pl610\/"]}]},{"@type":"ImageObject","inLanguage":"ary","@id":"https:\/\/nkcosmeticmaroc.com\/product\/flacon-en-plastique-carre-a-obturateur-cl-a-vis-blanc-100ml-pl610\/#primaryimage","url":"https:\/\/nkcosmeticmaroc.com\/wp-content\/uploads\/2025\/03\/NK-Products-Website_Plan-de-travail-1.jpg","contentUrl":"https:\/\/nkcosmeticmaroc.com\/wp-content\/uploads\/2025\/03\/NK-Products-Website_Plan-de-travail-1.jpg","width":2363,"height":2363},{"@type":"BreadcrumbList","@id":"https:\/\/nkcosmeticmaroc.com\/product\/flacon-en-plastique-carre-a-obturateur-cl-a-vis-blanc-100ml-pl610\/#breadcrumb","itemListElement":[{"@type":"ListItem","position":1,"name":"Home","item":"https:\/\/nkcosmeticmaroc.com\/"},{"@type":"ListItem","position":2,"name":"Boutique","item":"https:\/\/nkcosmeticmaroc.com\/ar\/shop\/"},{"@type":"ListItem","position":3,"name":"Flacon en plastique carr\u00e9 a\/obturateur CL a vis blanc &#8211; 100ml &#8211; pl610"}]},{"@type":"WebSite","@id":"https:\/\/nkcosmeticmaroc.com\/#website","url":"https:\/\/nkcosmeticmaroc.com\/","name":"nkcosmeticmaroc","description":"\u0627\u0643\u062a\u0634\u0641\u0648\u0627 \u0623\u0633\u0631\u0627\u0631 \u0627\u0644\u0639\u0646\u0627\u064a\u0629 \u0628\u0627\u0644\u0628\u0634\u0631\u0629 \u0627\u0644\u0645\u0635\u0645\u0645\u0629 \u062e\u0635\u064a\u0635\u064b\u0627 \u0644\u062c\u0645\u0627\u0644\u0643\u0645 \u0627\u0644\u0637\u0628\u064a\u0639\u064a.","potentialAction":[{"@type":"SearchAction","target":{"@type":"EntryPoint","urlTemplate":"https:\/\/nkcosmeticmaroc.com\/?s={search_term_string}"},"query-input":{"@type":"PropertyValueSpecification","valueRequired":true,"valueName":"search_term_string"}}],"inLanguage":"ary"}]}},"_links":{"self":[{"href":"https:\/\/nkcosmeticmaroc.com\/ar\/wp-json\/wp\/v2\/product\/1751","targetHints":{"allow":["GET"]}}],"collection":[{"href":"https:\/\/nkcosmeticmaroc.com\/ar\/wp-json\/wp\/v2\/product"}],"about":[{"href":"https:\/\/nkcosmeticmaroc.com\/ar\/wp-json\/wp\/v2\/types\/product"}],"replies":[{"embeddable":true,"href":"https:\/\/nkcosmeticmaroc.com\/ar\/wp-json\/wp\/v2\/comments?post=1751"}],"wp:featuredmedia":[{"embeddable":true,"href":"https:\/\/nkcosmeticmaroc.com\/ar\/wp-json\/wp\/v2\/media\/1756"}],"wp:attachment":[{"href":"https:\/\/nkcosmeticmaroc.com\/ar\/wp-json\/wp\/v2\/media?parent=1751"}],"wp:term":[{"taxonomy":"product_brand","embeddable":true,"href":"https:\/\/nkcosmeticmaroc.com\/ar\/wp-json\/wp\/v2\/product_brand?post=1751"},{"taxonomy":"product_cat","embeddable":true,"href":"https:\/\/nkcosmeticmaroc.com\/ar\/wp-json\/wp\/v2\/product_cat?post=1751"},{"taxonomy":"product_tag","embeddable":true,"href":"https:\/\/nkcosmeticmaroc.com\/ar\/wp-json\/wp\/v2\/product_tag?post=1751"}],"curies":[{"name":"wp","href":"https:\/\/api.w.org\/{rel}","templated":true}]}}