{"id":1906,"date":"2025-06-16T16:15:15","date_gmt":"2025-06-16T16:15:15","guid":{"rendered":"https:\/\/nkcosmeticmaroc.com\/?post_type=product&#038;p=1906"},"modified":"2026-04-13T08:26:51","modified_gmt":"2026-04-13T08:26:51","slug":"fiole-jaugee-en-verre-avec-bouchon-en-verre-500ml","status":"publish","type":"product","link":"https:\/\/nkcosmeticmaroc.com\/ar\/product\/fiole-jaugee-en-verre-avec-bouchon-en-verre-500ml\/","title":{"rendered":"Fiole jaug\u00e9e en verre avec bouchon en verre 500ml\/1000ml (1L)."},"content":{"rendered":"<p data-start=\"32\" data-end=\"431\">Fiole jaug\u00e9e en verre\u00a0 avec bouchon en verre rod\u00e9, con\u00e7ue pour la mesure pr\u00e9cise de volumes en laboratoire. Fabriqu\u00e9e en verre borosilicat\u00e9 r\u00e9sistant aux produits chimiques et \u00e0 la chaleur, elle permet une lecture fiable gr\u00e2ce \u00e0 sa graduation fine. Id\u00e9ale pour la pr\u00e9paration de solutions \u00e9talons ou la dilution de liquides, avec un bouchon assurant une fermeture herm\u00e9tique et s\u00e9curis\u00e9e.<\/p>\n<h3 data-start=\"433\" data-end=\"463\"><\/h3>","protected":false},"excerpt":{"rendered":"<p>Fiole jaug\u00e9e en verre 500 ml avec bouchon rod\u00e9, pr\u00e9cise et r\u00e9sistante, parfaite pour la pr\u00e9paration de solutions en laboratoire.<\/p>","protected":false},"featured_media":1903,"comment_status":"open","ping_status":"closed","template":"","meta":{"site-sidebar-layout":"default","site-content-layout":"","ast-site-content-layout":"default","site-content-style":"default","site-sidebar-style":"default","ast-global-header-display":"","ast-banner-title-visibility":"","ast-main-header-display":"","ast-hfb-above-header-display":"","ast-hfb-below-header-display":"","ast-hfb-mobile-header-display":"","site-post-title":"","ast-breadcrumbs-content":"","ast-featured-img":"","footer-sml-layout":"","ast-disable-related-posts":"","theme-transparent-header-meta":"default","adv-header-id-meta":"","stick-header-meta":"","header-above-stick-meta":"","header-main-stick-meta":"","header-below-stick-meta":"","astra-migrate-meta-layouts":"set","ast-page-background-enabled":"default","ast-page-background-meta":{"desktop":{"background-color":"var(--ast-global-color-4)","background-image":"","background-repeat":"repeat","background-position":"center center","background-size":"auto","background-attachment":"scroll","background-type":"","background-media":"","overlay-type":"","overlay-color":"","overlay-opacity":"","overlay-gradient":""},"tablet":{"background-color":"","background-image":"","background-repeat":"repeat","background-position":"center center","background-size":"auto","background-attachment":"scroll","background-type":"","background-media":"","overlay-type":"","overlay-color":"","overlay-opacity":"","overlay-gradient":""},"mobile":{"background-color":"","background-image":"","background-repeat":"repeat","background-position":"center center","background-size":"auto","background-attachment":"scroll","background-type":"","background-media":"","overlay-type":"","overlay-color":"","overlay-opacity":"","overlay-gradient":""}},"ast-content-background-meta":{"desktop":{"background-color":"var(--ast-global-color-5)","background-image":"","background-repeat":"repeat","background-position":"center center","background-size":"auto","background-attachment":"scroll","background-type":"","background-media":"","overlay-type":"","overlay-color":"","overlay-opacity":"","overlay-gradient":""},"tablet":{"background-color":"var(--ast-global-color-5)","background-image":"","background-repeat":"repeat","background-position":"center center","background-size":"auto","background-attachment":"scroll","background-type":"","background-media":"","overlay-type":"","overlay-color":"","overlay-opacity":"","overlay-gradient":""},"mobile":{"background-color":"var(--ast-global-color-5)","background-image":"","background-repeat":"repeat","background-position":"center center","background-size":"auto","background-attachment":"scroll","background-type":"","background-media":"","overlay-type":"","overlay-color":"","overlay-opacity":"","overlay-gradient":""}}},"product_brand":[],"product_cat":[51,64],"product_tag":[],"class_list":{"0":"post-1906","1":"product","2":"type-product","3":"status-publish","4":"has-post-thumbnail","6":"product_cat-materiel-de-labo","7":"product_cat-verrerie","8":"desktop-align-center","9":"tablet-align-center","10":"mobile-align-center","12":"first","13":"instock","14":"shipping-taxable","15":"purchasable","16":"product-type-variable"},"yoast_head":"<!-- This site is optimized with the Yoast SEO plugin v27.4 - https:\/\/yoast.com\/product\/yoast-seo-wordpress\/ -->\n<title>Fiole jaug\u00e9e en verre avec bouchon en verre 500ml\/1000ml (1L). -<\/title>\n<meta name=\"robots\" content=\"index, follow, max-snippet:-1, max-image-preview:large, max-video-preview:-1\" \/>\n<link rel=\"canonical\" href=\"https:\/\/nkcosmeticmaroc.com\/ar\/product\/fiole-jaugee-en-verre-avec-bouchon-en-verre-500ml\/\" \/>\n<meta property=\"og:locale\" content=\"ar_AR\" \/>\n<meta property=\"og:type\" content=\"article\" \/>\n<meta property=\"og:title\" content=\"Fiole jaug\u00e9e en verre avec bouchon en verre 500ml\/1000ml (1L). -\" \/>\n<meta property=\"og:description\" content=\"Fiole jaug\u00e9e en verre 500 ml avec bouchon rod\u00e9, pr\u00e9cise et r\u00e9sistante, parfaite pour la pr\u00e9paration de solutions en laboratoire.\" \/>\n<meta property=\"og:url\" content=\"https:\/\/nkcosmeticmaroc.com\/ar\/product\/fiole-jaugee-en-verre-avec-bouchon-en-verre-500ml\/\" \/>\n<meta property=\"article:modified_time\" content=\"2026-04-13T08:26:51+00:00\" \/>\n<meta property=\"og:image\" content=\"https:\/\/nkcosmeticmaroc.com\/wp-content\/uploads\/2025\/06\/2-NK-Products-Website-28.jpg\" \/>\n\t<meta property=\"og:image:width\" content=\"2364\" \/>\n\t<meta property=\"og:image:height\" content=\"2363\" \/>\n\t<meta property=\"og:image:type\" content=\"image\/jpeg\" \/>\n<meta name=\"twitter:card\" content=\"summary_large_image\" \/>\n<script type=\"application\/ld+json\" class=\"yoast-schema-graph\">{\"@context\":\"https:\\\/\\\/schema.org\",\"@graph\":[{\"@type\":\"WebPage\",\"@id\":\"https:\\\/\\\/nkcosmeticmaroc.com\\\/product\\\/fiole-jaugee-en-verre-avec-bouchon-en-verre-500ml\\\/\",\"url\":\"https:\\\/\\\/nkcosmeticmaroc.com\\\/product\\\/fiole-jaugee-en-verre-avec-bouchon-en-verre-500ml\\\/\",\"name\":\"Fiole jaug\u00e9e en verre avec bouchon en verre 500ml\\\/1000ml (1L). -\",\"isPartOf\":{\"@id\":\"https:\\\/\\\/nkcosmeticmaroc.com\\\/#website\"},\"primaryImageOfPage\":{\"@id\":\"https:\\\/\\\/nkcosmeticmaroc.com\\\/product\\\/fiole-jaugee-en-verre-avec-bouchon-en-verre-500ml\\\/#primaryimage\"},\"image\":{\"@id\":\"https:\\\/\\\/nkcosmeticmaroc.com\\\/product\\\/fiole-jaugee-en-verre-avec-bouchon-en-verre-500ml\\\/#primaryimage\"},\"thumbnailUrl\":\"https:\\\/\\\/nkcosmeticmaroc.com\\\/wp-content\\\/uploads\\\/2025\\\/06\\\/2-NK-Products-Website-28.jpg\",\"datePublished\":\"2025-06-16T16:15:15+00:00\",\"dateModified\":\"2026-04-13T08:26:51+00:00\",\"breadcrumb\":{\"@id\":\"https:\\\/\\\/nkcosmeticmaroc.com\\\/product\\\/fiole-jaugee-en-verre-avec-bouchon-en-verre-500ml\\\/#breadcrumb\"},\"inLanguage\":\"ary\",\"potentialAction\":[{\"@type\":\"ReadAction\",\"target\":[\"https:\\\/\\\/nkcosmeticmaroc.com\\\/product\\\/fiole-jaugee-en-verre-avec-bouchon-en-verre-500ml\\\/\"]}]},{\"@type\":\"ImageObject\",\"inLanguage\":\"ary\",\"@id\":\"https:\\\/\\\/nkcosmeticmaroc.com\\\/product\\\/fiole-jaugee-en-verre-avec-bouchon-en-verre-500ml\\\/#primaryimage\",\"url\":\"https:\\\/\\\/nkcosmeticmaroc.com\\\/wp-content\\\/uploads\\\/2025\\\/06\\\/2-NK-Products-Website-28.jpg\",\"contentUrl\":\"https:\\\/\\\/nkcosmeticmaroc.com\\\/wp-content\\\/uploads\\\/2025\\\/06\\\/2-NK-Products-Website-28.jpg\",\"width\":2364,\"height\":2363},{\"@type\":\"BreadcrumbList\",\"@id\":\"https:\\\/\\\/nkcosmeticmaroc.com\\\/product\\\/fiole-jaugee-en-verre-avec-bouchon-en-verre-500ml\\\/#breadcrumb\",\"itemListElement\":[{\"@type\":\"ListItem\",\"position\":1,\"name\":\"Home\",\"item\":\"https:\\\/\\\/nkcosmeticmaroc.com\\\/\"},{\"@type\":\"ListItem\",\"position\":2,\"name\":\"Boutique\",\"item\":\"https:\\\/\\\/nkcosmeticmaroc.com\\\/ar\\\/shop\\\/\"},{\"@type\":\"ListItem\",\"position\":3,\"name\":\"Fiole jaug\u00e9e en verre avec bouchon en verre 500ml\\\/1000ml (1L).\"}]},{\"@type\":\"WebSite\",\"@id\":\"https:\\\/\\\/nkcosmeticmaroc.com\\\/#website\",\"url\":\"https:\\\/\\\/nkcosmeticmaroc.com\\\/\",\"name\":\"nkcosmeticmaroc\",\"description\":\"D\u00e9couvrez des Soins de la Peau Uniques Con\u00e7us Juste pour Vous\",\"potentialAction\":[{\"@type\":\"SearchAction\",\"target\":{\"@type\":\"EntryPoint\",\"urlTemplate\":\"https:\\\/\\\/nkcosmeticmaroc.com\\\/?s={search_term_string}\"},\"query-input\":{\"@type\":\"PropertyValueSpecification\",\"valueRequired\":true,\"valueName\":\"search_term_string\"}}],\"inLanguage\":\"ary\"}]}<\/script>\n<!-- \/ Yoast SEO plugin. -->","yoast_head_json":{"title":"Fiole jaug\u00e9e en verre avec bouchon en verre 500ml\/1000ml (1L). -","robots":{"index":"index","follow":"follow","max-snippet":"max-snippet:-1","max-image-preview":"max-image-preview:large","max-video-preview":"max-video-preview:-1"},"canonical":"https:\/\/nkcosmeticmaroc.com\/ar\/product\/fiole-jaugee-en-verre-avec-bouchon-en-verre-500ml\/","og_locale":"ar_AR","og_type":"article","og_title":"Fiole jaug\u00e9e en verre avec bouchon en verre 500ml\/1000ml (1L). -","og_description":"Fiole jaug\u00e9e en verre 500 ml avec bouchon rod\u00e9, pr\u00e9cise et r\u00e9sistante, parfaite pour la pr\u00e9paration de solutions en laboratoire.","og_url":"https:\/\/nkcosmeticmaroc.com\/ar\/product\/fiole-jaugee-en-verre-avec-bouchon-en-verre-500ml\/","article_modified_time":"2026-04-13T08:26:51+00:00","og_image":[{"width":2364,"height":2363,"url":"https:\/\/nkcosmeticmaroc.com\/wp-content\/uploads\/2025\/06\/2-NK-Products-Website-28.jpg","type":"image\/jpeg"}],"twitter_card":"summary_large_image","schema":{"@context":"https:\/\/schema.org","@graph":[{"@type":"WebPage","@id":"https:\/\/nkcosmeticmaroc.com\/product\/fiole-jaugee-en-verre-avec-bouchon-en-verre-500ml\/","url":"https:\/\/nkcosmeticmaroc.com\/product\/fiole-jaugee-en-verre-avec-bouchon-en-verre-500ml\/","name":"Fiole jaug\u00e9e en verre avec bouchon en verre 500ml\/1000ml (1L). -","isPartOf":{"@id":"https:\/\/nkcosmeticmaroc.com\/#website"},"primaryImageOfPage":{"@id":"https:\/\/nkcosmeticmaroc.com\/product\/fiole-jaugee-en-verre-avec-bouchon-en-verre-500ml\/#primaryimage"},"image":{"@id":"https:\/\/nkcosmeticmaroc.com\/product\/fiole-jaugee-en-verre-avec-bouchon-en-verre-500ml\/#primaryimage"},"thumbnailUrl":"https:\/\/nkcosmeticmaroc.com\/wp-content\/uploads\/2025\/06\/2-NK-Products-Website-28.jpg","datePublished":"2025-06-16T16:15:15+00:00","dateModified":"2026-04-13T08:26:51+00:00","breadcrumb":{"@id":"https:\/\/nkcosmeticmaroc.com\/product\/fiole-jaugee-en-verre-avec-bouchon-en-verre-500ml\/#breadcrumb"},"inLanguage":"ary","potentialAction":[{"@type":"ReadAction","target":["https:\/\/nkcosmeticmaroc.com\/product\/fiole-jaugee-en-verre-avec-bouchon-en-verre-500ml\/"]}]},{"@type":"ImageObject","inLanguage":"ary","@id":"https:\/\/nkcosmeticmaroc.com\/product\/fiole-jaugee-en-verre-avec-bouchon-en-verre-500ml\/#primaryimage","url":"https:\/\/nkcosmeticmaroc.com\/wp-content\/uploads\/2025\/06\/2-NK-Products-Website-28.jpg","contentUrl":"https:\/\/nkcosmeticmaroc.com\/wp-content\/uploads\/2025\/06\/2-NK-Products-Website-28.jpg","width":2364,"height":2363},{"@type":"BreadcrumbList","@id":"https:\/\/nkcosmeticmaroc.com\/product\/fiole-jaugee-en-verre-avec-bouchon-en-verre-500ml\/#breadcrumb","itemListElement":[{"@type":"ListItem","position":1,"name":"Home","item":"https:\/\/nkcosmeticmaroc.com\/"},{"@type":"ListItem","position":2,"name":"Boutique","item":"https:\/\/nkcosmeticmaroc.com\/ar\/shop\/"},{"@type":"ListItem","position":3,"name":"Fiole jaug\u00e9e en verre avec bouchon en verre 500ml\/1000ml (1L)."}]},{"@type":"WebSite","@id":"https:\/\/nkcosmeticmaroc.com\/#website","url":"https:\/\/nkcosmeticmaroc.com\/","name":"nkcosmeticmaroc","description":"\u0627\u0643\u062a\u0634\u0641\u0648\u0627 \u0623\u0633\u0631\u0627\u0631 \u0627\u0644\u0639\u0646\u0627\u064a\u0629 \u0628\u0627\u0644\u0628\u0634\u0631\u0629 \u0627\u0644\u0645\u0635\u0645\u0645\u0629 \u062e\u0635\u064a\u0635\u064b\u0627 \u0644\u062c\u0645\u0627\u0644\u0643\u0645 \u0627\u0644\u0637\u0628\u064a\u0639\u064a.","potentialAction":[{"@type":"SearchAction","target":{"@type":"EntryPoint","urlTemplate":"https:\/\/nkcosmeticmaroc.com\/?s={search_term_string}"},"query-input":{"@type":"PropertyValueSpecification","valueRequired":true,"valueName":"search_term_string"}}],"inLanguage":"ary"}]}},"_links":{"self":[{"href":"https:\/\/nkcosmeticmaroc.com\/ar\/wp-json\/wp\/v2\/product\/1906","targetHints":{"allow":["GET"]}}],"collection":[{"href":"https:\/\/nkcosmeticmaroc.com\/ar\/wp-json\/wp\/v2\/product"}],"about":[{"href":"https:\/\/nkcosmeticmaroc.com\/ar\/wp-json\/wp\/v2\/types\/product"}],"replies":[{"embeddable":true,"href":"https:\/\/nkcosmeticmaroc.com\/ar\/wp-json\/wp\/v2\/comments?post=1906"}],"wp:featuredmedia":[{"embeddable":true,"href":"https:\/\/nkcosmeticmaroc.com\/ar\/wp-json\/wp\/v2\/media\/1903"}],"wp:attachment":[{"href":"https:\/\/nkcosmeticmaroc.com\/ar\/wp-json\/wp\/v2\/media?parent=1906"}],"wp:term":[{"taxonomy":"product_brand","embeddable":true,"href":"https:\/\/nkcosmeticmaroc.com\/ar\/wp-json\/wp\/v2\/product_brand?post=1906"},{"taxonomy":"product_cat","embeddable":true,"href":"https:\/\/nkcosmeticmaroc.com\/ar\/wp-json\/wp\/v2\/product_cat?post=1906"},{"taxonomy":"product_tag","embeddable":true,"href":"https:\/\/nkcosmeticmaroc.com\/ar\/wp-json\/wp\/v2\/product_tag?post=1906"}],"curies":[{"name":"wp","href":"https:\/\/api.w.org\/{rel}","templated":true}]}}