{"id":1924,"date":"2025-08-12T17:11:17","date_gmt":"2025-08-12T17:11:17","guid":{"rendered":"https:\/\/nkcosmeticmaroc.com\/?post_type=product&#038;p=1924"},"modified":"2025-12-09T13:04:10","modified_gmt":"2025-12-09T13:04:10","slug":"bouteille-de-reactif-de-laboratoire-en-verre-bouchon-a-vis-bleu-marron","status":"publish","type":"product","link":"https:\/\/nkcosmeticmaroc.com\/ar\/product\/bouteille-de-reactif-de-laboratoire-en-verre-bouchon-a-vis-bleu-marron\/","title":{"rendered":"Bouteille de r\u00e9actif de laboratoire en verre, bouchon \u00e0 vis bleu, marron"},"content":{"rendered":"<p>Bouteille de r\u00e9actif en verre marron\u00a0 avec bouchon \u00e0 vis, bouteille scell\u00e9e,<\/p>","protected":false},"excerpt":{"rendered":"<p>Bouteille de r\u00e9actif de laboratoire en verre, bouchon \u00e0 vis bleu, fournitures m\u00e9dicales, marron, 100ml-1000ml<\/p>","protected":false},"featured_media":1927,"comment_status":"open","ping_status":"closed","template":"","meta":{"site-sidebar-layout":"default","site-content-layout":"","ast-site-content-layout":"default","site-content-style":"default","site-sidebar-style":"default","ast-global-header-display":"","ast-banner-title-visibility":"","ast-main-header-display":"","ast-hfb-above-header-display":"","ast-hfb-below-header-display":"","ast-hfb-mobile-header-display":"","site-post-title":"","ast-breadcrumbs-content":"","ast-featured-img":"","footer-sml-layout":"","ast-disable-related-posts":"","theme-transparent-header-meta":"default","adv-header-id-meta":"","stick-header-meta":"","header-above-stick-meta":"","header-main-stick-meta":"","header-below-stick-meta":"","astra-migrate-meta-layouts":"set","ast-page-background-enabled":"default","ast-page-background-meta":{"desktop":{"background-color":"var(--ast-global-color-4)","background-image":"","background-repeat":"repeat","background-position":"center center","background-size":"auto","background-attachment":"scroll","background-type":"","background-media":"","overlay-type":"","overlay-color":"","overlay-opacity":"","overlay-gradient":""},"tablet":{"background-color":"","background-image":"","background-repeat":"repeat","background-position":"center center","background-size":"auto","background-attachment":"scroll","background-type":"","background-media":"","overlay-type":"","overlay-color":"","overlay-opacity":"","overlay-gradient":""},"mobile":{"background-color":"","background-image":"","background-repeat":"repeat","background-position":"center center","background-size":"auto","background-attachment":"scroll","background-type":"","background-media":"","overlay-type":"","overlay-color":"","overlay-opacity":"","overlay-gradient":""}},"ast-content-background-meta":{"desktop":{"background-color":"var(--ast-global-color-5)","background-image":"","background-repeat":"repeat","background-position":"center center","background-size":"auto","background-attachment":"scroll","background-type":"","background-media":"","overlay-type":"","overlay-color":"","overlay-opacity":"","overlay-gradient":""},"tablet":{"background-color":"var(--ast-global-color-5)","background-image":"","background-repeat":"repeat","background-position":"center center","background-size":"auto","background-attachment":"scroll","background-type":"","background-media":"","overlay-type":"","overlay-color":"","overlay-opacity":"","overlay-gradient":""},"mobile":{"background-color":"var(--ast-global-color-5)","background-image":"","background-repeat":"repeat","background-position":"center center","background-size":"auto","background-attachment":"scroll","background-type":"","background-media":"","overlay-type":"","overlay-color":"","overlay-opacity":"","overlay-gradient":""}}},"product_brand":[],"product_cat":[51,64],"product_tag":[],"class_list":{"0":"post-1924","1":"product","2":"type-product","3":"status-publish","4":"has-post-thumbnail","6":"product_cat-materiel-de-labo","7":"product_cat-verrerie","8":"desktop-align-center","9":"tablet-align-center","10":"mobile-align-center","12":"first","13":"outofstock","14":"shipping-taxable","15":"purchasable","16":"product-type-variable"},"yoast_head":"<!-- This site is optimized with the Yoast SEO plugin v27.4 - https:\/\/yoast.com\/product\/yoast-seo-wordpress\/ -->\n<title>Bouteille de r\u00e9actif de laboratoire en verre, bouchon \u00e0 vis bleu, marron -<\/title>\n<meta name=\"robots\" content=\"index, follow, max-snippet:-1, max-image-preview:large, max-video-preview:-1\" \/>\n<link rel=\"canonical\" href=\"https:\/\/nkcosmeticmaroc.com\/ar\/product\/bouteille-de-reactif-de-laboratoire-en-verre-bouchon-a-vis-bleu-marron\/\" \/>\n<meta property=\"og:locale\" content=\"ar_AR\" \/>\n<meta property=\"og:type\" content=\"article\" \/>\n<meta property=\"og:title\" content=\"Bouteille de r\u00e9actif de laboratoire en verre, bouchon \u00e0 vis bleu, marron -\" \/>\n<meta property=\"og:description\" content=\"Bouteille de r\u00e9actif de laboratoire en verre, bouchon \u00e0 vis bleu, fournitures m\u00e9dicales, marron, 100ml-1000ml\" \/>\n<meta property=\"og:url\" content=\"https:\/\/nkcosmeticmaroc.com\/ar\/product\/bouteille-de-reactif-de-laboratoire-en-verre-bouchon-a-vis-bleu-marron\/\" \/>\n<meta property=\"article:modified_time\" content=\"2025-12-09T13:04:10+00:00\" \/>\n<meta name=\"twitter:card\" content=\"summary_large_image\" \/>\n<script type=\"application\/ld+json\" class=\"yoast-schema-graph\">{\"@context\":\"https:\\\/\\\/schema.org\",\"@graph\":[{\"@type\":\"WebPage\",\"@id\":\"https:\\\/\\\/nkcosmeticmaroc.com\\\/product\\\/bouteille-de-reactif-de-laboratoire-en-verre-bouchon-a-vis-bleu-marron\\\/\",\"url\":\"https:\\\/\\\/nkcosmeticmaroc.com\\\/product\\\/bouteille-de-reactif-de-laboratoire-en-verre-bouchon-a-vis-bleu-marron\\\/\",\"name\":\"Bouteille de r\u00e9actif de laboratoire en verre, bouchon \u00e0 vis bleu, marron -\",\"isPartOf\":{\"@id\":\"https:\\\/\\\/nkcosmeticmaroc.com\\\/#website\"},\"primaryImageOfPage\":{\"@id\":\"https:\\\/\\\/nkcosmeticmaroc.com\\\/product\\\/bouteille-de-reactif-de-laboratoire-en-verre-bouchon-a-vis-bleu-marron\\\/#primaryimage\"},\"image\":{\"@id\":\"https:\\\/\\\/nkcosmeticmaroc.com\\\/product\\\/bouteille-de-reactif-de-laboratoire-en-verre-bouchon-a-vis-bleu-marron\\\/#primaryimage\"},\"thumbnailUrl\":\"https:\\\/\\\/nkcosmeticmaroc.com\\\/wp-content\\\/uploads\\\/2025\\\/08\\\/H5cbf9ea9e1544b979accc6e5d2a14b4f9.jpg_220x220q75.jpg_.avif\",\"datePublished\":\"2025-08-12T17:11:17+00:00\",\"dateModified\":\"2025-12-09T13:04:10+00:00\",\"breadcrumb\":{\"@id\":\"https:\\\/\\\/nkcosmeticmaroc.com\\\/product\\\/bouteille-de-reactif-de-laboratoire-en-verre-bouchon-a-vis-bleu-marron\\\/#breadcrumb\"},\"inLanguage\":\"ary\",\"potentialAction\":[{\"@type\":\"ReadAction\",\"target\":[\"https:\\\/\\\/nkcosmeticmaroc.com\\\/product\\\/bouteille-de-reactif-de-laboratoire-en-verre-bouchon-a-vis-bleu-marron\\\/\"]}]},{\"@type\":\"ImageObject\",\"inLanguage\":\"ary\",\"@id\":\"https:\\\/\\\/nkcosmeticmaroc.com\\\/product\\\/bouteille-de-reactif-de-laboratoire-en-verre-bouchon-a-vis-bleu-marron\\\/#primaryimage\",\"url\":\"https:\\\/\\\/nkcosmeticmaroc.com\\\/wp-content\\\/uploads\\\/2025\\\/08\\\/H5cbf9ea9e1544b979accc6e5d2a14b4f9.jpg_220x220q75.jpg_.avif\",\"contentUrl\":\"https:\\\/\\\/nkcosmeticmaroc.com\\\/wp-content\\\/uploads\\\/2025\\\/08\\\/H5cbf9ea9e1544b979accc6e5d2a14b4f9.jpg_220x220q75.jpg_.avif\",\"width\":220,\"height\":220},{\"@type\":\"BreadcrumbList\",\"@id\":\"https:\\\/\\\/nkcosmeticmaroc.com\\\/product\\\/bouteille-de-reactif-de-laboratoire-en-verre-bouchon-a-vis-bleu-marron\\\/#breadcrumb\",\"itemListElement\":[{\"@type\":\"ListItem\",\"position\":1,\"name\":\"Home\",\"item\":\"https:\\\/\\\/nkcosmeticmaroc.com\\\/\"},{\"@type\":\"ListItem\",\"position\":2,\"name\":\"Boutique\",\"item\":\"https:\\\/\\\/nkcosmeticmaroc.com\\\/ar\\\/shop\\\/\"},{\"@type\":\"ListItem\",\"position\":3,\"name\":\"Bouteille de r\u00e9actif de laboratoire en verre, bouchon \u00e0 vis bleu, marron\"}]},{\"@type\":\"WebSite\",\"@id\":\"https:\\\/\\\/nkcosmeticmaroc.com\\\/#website\",\"url\":\"https:\\\/\\\/nkcosmeticmaroc.com\\\/\",\"name\":\"nkcosmeticmaroc\",\"description\":\"D\u00e9couvrez des Soins de la Peau Uniques Con\u00e7us Juste pour Vous\",\"potentialAction\":[{\"@type\":\"SearchAction\",\"target\":{\"@type\":\"EntryPoint\",\"urlTemplate\":\"https:\\\/\\\/nkcosmeticmaroc.com\\\/?s={search_term_string}\"},\"query-input\":{\"@type\":\"PropertyValueSpecification\",\"valueRequired\":true,\"valueName\":\"search_term_string\"}}],\"inLanguage\":\"ary\"}]}<\/script>\n<!-- \/ Yoast SEO plugin. -->","yoast_head_json":{"title":"Bouteille de r\u00e9actif de laboratoire en verre, bouchon \u00e0 vis bleu, marron -","robots":{"index":"index","follow":"follow","max-snippet":"max-snippet:-1","max-image-preview":"max-image-preview:large","max-video-preview":"max-video-preview:-1"},"canonical":"https:\/\/nkcosmeticmaroc.com\/ar\/product\/bouteille-de-reactif-de-laboratoire-en-verre-bouchon-a-vis-bleu-marron\/","og_locale":"ar_AR","og_type":"article","og_title":"Bouteille de r\u00e9actif de laboratoire en verre, bouchon \u00e0 vis bleu, marron -","og_description":"Bouteille de r\u00e9actif de laboratoire en verre, bouchon \u00e0 vis bleu, fournitures m\u00e9dicales, marron, 100ml-1000ml","og_url":"https:\/\/nkcosmeticmaroc.com\/ar\/product\/bouteille-de-reactif-de-laboratoire-en-verre-bouchon-a-vis-bleu-marron\/","article_modified_time":"2025-12-09T13:04:10+00:00","twitter_card":"summary_large_image","schema":{"@context":"https:\/\/schema.org","@graph":[{"@type":"WebPage","@id":"https:\/\/nkcosmeticmaroc.com\/product\/bouteille-de-reactif-de-laboratoire-en-verre-bouchon-a-vis-bleu-marron\/","url":"https:\/\/nkcosmeticmaroc.com\/product\/bouteille-de-reactif-de-laboratoire-en-verre-bouchon-a-vis-bleu-marron\/","name":"Bouteille de r\u00e9actif de laboratoire en verre, bouchon \u00e0 vis bleu, marron -","isPartOf":{"@id":"https:\/\/nkcosmeticmaroc.com\/#website"},"primaryImageOfPage":{"@id":"https:\/\/nkcosmeticmaroc.com\/product\/bouteille-de-reactif-de-laboratoire-en-verre-bouchon-a-vis-bleu-marron\/#primaryimage"},"image":{"@id":"https:\/\/nkcosmeticmaroc.com\/product\/bouteille-de-reactif-de-laboratoire-en-verre-bouchon-a-vis-bleu-marron\/#primaryimage"},"thumbnailUrl":"https:\/\/nkcosmeticmaroc.com\/wp-content\/uploads\/2025\/08\/H5cbf9ea9e1544b979accc6e5d2a14b4f9.jpg_220x220q75.jpg_.avif","datePublished":"2025-08-12T17:11:17+00:00","dateModified":"2025-12-09T13:04:10+00:00","breadcrumb":{"@id":"https:\/\/nkcosmeticmaroc.com\/product\/bouteille-de-reactif-de-laboratoire-en-verre-bouchon-a-vis-bleu-marron\/#breadcrumb"},"inLanguage":"ary","potentialAction":[{"@type":"ReadAction","target":["https:\/\/nkcosmeticmaroc.com\/product\/bouteille-de-reactif-de-laboratoire-en-verre-bouchon-a-vis-bleu-marron\/"]}]},{"@type":"ImageObject","inLanguage":"ary","@id":"https:\/\/nkcosmeticmaroc.com\/product\/bouteille-de-reactif-de-laboratoire-en-verre-bouchon-a-vis-bleu-marron\/#primaryimage","url":"https:\/\/nkcosmeticmaroc.com\/wp-content\/uploads\/2025\/08\/H5cbf9ea9e1544b979accc6e5d2a14b4f9.jpg_220x220q75.jpg_.avif","contentUrl":"https:\/\/nkcosmeticmaroc.com\/wp-content\/uploads\/2025\/08\/H5cbf9ea9e1544b979accc6e5d2a14b4f9.jpg_220x220q75.jpg_.avif","width":220,"height":220},{"@type":"BreadcrumbList","@id":"https:\/\/nkcosmeticmaroc.com\/product\/bouteille-de-reactif-de-laboratoire-en-verre-bouchon-a-vis-bleu-marron\/#breadcrumb","itemListElement":[{"@type":"ListItem","position":1,"name":"Home","item":"https:\/\/nkcosmeticmaroc.com\/"},{"@type":"ListItem","position":2,"name":"Boutique","item":"https:\/\/nkcosmeticmaroc.com\/ar\/shop\/"},{"@type":"ListItem","position":3,"name":"Bouteille de r\u00e9actif de laboratoire en verre, bouchon \u00e0 vis bleu, marron"}]},{"@type":"WebSite","@id":"https:\/\/nkcosmeticmaroc.com\/#website","url":"https:\/\/nkcosmeticmaroc.com\/","name":"nkcosmeticmaroc","description":"\u0627\u0643\u062a\u0634\u0641\u0648\u0627 \u0623\u0633\u0631\u0627\u0631 \u0627\u0644\u0639\u0646\u0627\u064a\u0629 \u0628\u0627\u0644\u0628\u0634\u0631\u0629 \u0627\u0644\u0645\u0635\u0645\u0645\u0629 \u062e\u0635\u064a\u0635\u064b\u0627 \u0644\u062c\u0645\u0627\u0644\u0643\u0645 \u0627\u0644\u0637\u0628\u064a\u0639\u064a.","potentialAction":[{"@type":"SearchAction","target":{"@type":"EntryPoint","urlTemplate":"https:\/\/nkcosmeticmaroc.com\/?s={search_term_string}"},"query-input":{"@type":"PropertyValueSpecification","valueRequired":true,"valueName":"search_term_string"}}],"inLanguage":"ary"}]}},"_links":{"self":[{"href":"https:\/\/nkcosmeticmaroc.com\/ar\/wp-json\/wp\/v2\/product\/1924","targetHints":{"allow":["GET"]}}],"collection":[{"href":"https:\/\/nkcosmeticmaroc.com\/ar\/wp-json\/wp\/v2\/product"}],"about":[{"href":"https:\/\/nkcosmeticmaroc.com\/ar\/wp-json\/wp\/v2\/types\/product"}],"replies":[{"embeddable":true,"href":"https:\/\/nkcosmeticmaroc.com\/ar\/wp-json\/wp\/v2\/comments?post=1924"}],"wp:featuredmedia":[{"embeddable":true,"href":"https:\/\/nkcosmeticmaroc.com\/ar\/wp-json\/wp\/v2\/media\/1927"}],"wp:attachment":[{"href":"https:\/\/nkcosmeticmaroc.com\/ar\/wp-json\/wp\/v2\/media?parent=1924"}],"wp:term":[{"taxonomy":"product_brand","embeddable":true,"href":"https:\/\/nkcosmeticmaroc.com\/ar\/wp-json\/wp\/v2\/product_brand?post=1924"},{"taxonomy":"product_cat","embeddable":true,"href":"https:\/\/nkcosmeticmaroc.com\/ar\/wp-json\/wp\/v2\/product_cat?post=1924"},{"taxonomy":"product_tag","embeddable":true,"href":"https:\/\/nkcosmeticmaroc.com\/ar\/wp-json\/wp\/v2\/product_tag?post=1924"}],"curies":[{"name":"wp","href":"https:\/\/api.w.org\/{rel}","templated":true}]}}