{"id":2129,"date":"2025-11-12T08:48:04","date_gmt":"2025-11-12T08:48:04","guid":{"rendered":"https:\/\/nkcosmeticmaroc.com\/?post_type=product&#038;p=2129"},"modified":"2025-11-12T08:48:05","modified_gmt":"2025-11-12T08:48:05","slug":"bio-stick-sans-huiles-essentielles-enfants-femmes-enceintes-allaitantes","status":"publish","type":"product","link":"https:\/\/nkcosmeticmaroc.com\/ar\/product\/bio-stick-sans-huiles-essentielles-enfants-femmes-enceintes-allaitantes\/","title":{"rendered":"BIO STICK \u2013 Sans Huiles Essentielles (Enfants, Femmes enceintes &#038; allaitantes)"},"content":{"rendered":"<p>D\u00e9odorant naturel doux, sans huiles essentielles, sp\u00e9cialement adapt\u00e9 aux enfants ainsi qu\u2019aux femmes enceintes ou allaitantes. Sa formule respectueuse pr\u00e9serve la peau d\u00e9licate tout en offrant une protection naturelle et s\u00fbre contre les odeurs.<\/p>","protected":false},"excerpt":{"rendered":"<p data-start=\"1442\" data-end=\"1557\">D\u00e9odorant naturel doux sans huiles essentielles, id\u00e9al pour enfants et futures mamans.<\/p>","protected":false},"featured_media":2125,"comment_status":"open","ping_status":"closed","template":"","meta":{"site-sidebar-layout":"default","site-content-layout":"","ast-site-content-layout":"default","site-content-style":"default","site-sidebar-style":"default","ast-global-header-display":"","ast-banner-title-visibility":"","ast-main-header-display":"","ast-hfb-above-header-display":"","ast-hfb-below-header-display":"","ast-hfb-mobile-header-display":"","site-post-title":"","ast-breadcrumbs-content":"","ast-featured-img":"","footer-sml-layout":"","ast-disable-related-posts":"","theme-transparent-header-meta":"default","adv-header-id-meta":"","stick-header-meta":"","header-above-stick-meta":"","header-main-stick-meta":"","header-below-stick-meta":"","astra-migrate-meta-layouts":"set","ast-page-background-enabled":"default","ast-page-background-meta":{"desktop":{"background-color":"var(--ast-global-color-4)","background-image":"","background-repeat":"repeat","background-position":"center center","background-size":"auto","background-attachment":"scroll","background-type":"","background-media":"","overlay-type":"","overlay-color":"","overlay-opacity":"","overlay-gradient":""},"tablet":{"background-color":"","background-image":"","background-repeat":"repeat","background-position":"center center","background-size":"auto","background-attachment":"scroll","background-type":"","background-media":"","overlay-type":"","overlay-color":"","overlay-opacity":"","overlay-gradient":""},"mobile":{"background-color":"","background-image":"","background-repeat":"repeat","background-position":"center center","background-size":"auto","background-attachment":"scroll","background-type":"","background-media":"","overlay-type":"","overlay-color":"","overlay-opacity":"","overlay-gradient":""}},"ast-content-background-meta":{"desktop":{"background-color":"var(--ast-global-color-5)","background-image":"","background-repeat":"repeat","background-position":"center center","background-size":"auto","background-attachment":"scroll","background-type":"","background-media":"","overlay-type":"","overlay-color":"","overlay-opacity":"","overlay-gradient":""},"tablet":{"background-color":"var(--ast-global-color-5)","background-image":"","background-repeat":"repeat","background-position":"center center","background-size":"auto","background-attachment":"scroll","background-type":"","background-media":"","overlay-type":"","overlay-color":"","overlay-opacity":"","overlay-gradient":""},"mobile":{"background-color":"var(--ast-global-color-5)","background-image":"","background-repeat":"repeat","background-position":"center center","background-size":"auto","background-attachment":"scroll","background-type":"","background-media":"","overlay-type":"","overlay-color":"","overlay-opacity":"","overlay-gradient":""}}},"product_brand":[],"product_cat":[47],"product_tag":[],"class_list":{"0":"post-2129","1":"product","2":"type-product","3":"status-publish","4":"has-post-thumbnail","6":"product_cat-corps","7":"desktop-align-center","8":"tablet-align-center","9":"mobile-align-center","11":"first","12":"instock","13":"shipping-taxable","14":"purchasable","15":"product-type-simple"},"yoast_head":"<!-- This site is optimized with the Yoast SEO plugin v27.4 - https:\/\/yoast.com\/product\/yoast-seo-wordpress\/ -->\n<title>BIO STICK \u2013 Sans Huiles Essentielles (Enfants, Femmes enceintes &amp; allaitantes) -<\/title>\n<meta name=\"robots\" content=\"index, follow, max-snippet:-1, max-image-preview:large, max-video-preview:-1\" \/>\n<link rel=\"canonical\" href=\"https:\/\/nkcosmeticmaroc.com\/ar\/product\/bio-stick-sans-huiles-essentielles-enfants-femmes-enceintes-allaitantes\/\" \/>\n<meta property=\"og:locale\" content=\"ar_AR\" \/>\n<meta property=\"og:type\" content=\"article\" \/>\n<meta property=\"og:title\" content=\"BIO STICK \u2013 Sans Huiles Essentielles (Enfants, Femmes enceintes &amp; allaitantes) -\" \/>\n<meta property=\"og:description\" content=\"D\u00e9odorant naturel doux sans huiles essentielles, id\u00e9al pour enfants et futures mamans.\" \/>\n<meta property=\"og:url\" content=\"https:\/\/nkcosmeticmaroc.com\/ar\/product\/bio-stick-sans-huiles-essentielles-enfants-femmes-enceintes-allaitantes\/\" \/>\n<meta property=\"article:modified_time\" content=\"2025-11-12T08:48:05+00:00\" \/>\n<meta property=\"og:image\" content=\"https:\/\/nkcosmeticmaroc.com\/wp-content\/uploads\/2025\/11\/INSTAGRAM-DEODORNANTS-15.jpg\" \/>\n\t<meta property=\"og:image:width\" content=\"2238\" \/>\n\t<meta property=\"og:image:height\" content=\"2238\" \/>\n\t<meta property=\"og:image:type\" content=\"image\/jpeg\" \/>\n<meta name=\"twitter:card\" content=\"summary_large_image\" \/>\n<script type=\"application\/ld+json\" class=\"yoast-schema-graph\">{\"@context\":\"https:\\\/\\\/schema.org\",\"@graph\":[{\"@type\":\"WebPage\",\"@id\":\"https:\\\/\\\/nkcosmeticmaroc.com\\\/product\\\/bio-stick-sans-huiles-essentielles-enfants-femmes-enceintes-allaitantes\\\/\",\"url\":\"https:\\\/\\\/nkcosmeticmaroc.com\\\/product\\\/bio-stick-sans-huiles-essentielles-enfants-femmes-enceintes-allaitantes\\\/\",\"name\":\"BIO STICK \u2013 Sans Huiles Essentielles (Enfants, Femmes enceintes & allaitantes) -\",\"isPartOf\":{\"@id\":\"https:\\\/\\\/nkcosmeticmaroc.com\\\/#website\"},\"primaryImageOfPage\":{\"@id\":\"https:\\\/\\\/nkcosmeticmaroc.com\\\/product\\\/bio-stick-sans-huiles-essentielles-enfants-femmes-enceintes-allaitantes\\\/#primaryimage\"},\"image\":{\"@id\":\"https:\\\/\\\/nkcosmeticmaroc.com\\\/product\\\/bio-stick-sans-huiles-essentielles-enfants-femmes-enceintes-allaitantes\\\/#primaryimage\"},\"thumbnailUrl\":\"https:\\\/\\\/nkcosmeticmaroc.com\\\/wp-content\\\/uploads\\\/2025\\\/11\\\/INSTAGRAM-DEODORNANTS-15.jpg\",\"datePublished\":\"2025-11-12T08:48:04+00:00\",\"dateModified\":\"2025-11-12T08:48:05+00:00\",\"breadcrumb\":{\"@id\":\"https:\\\/\\\/nkcosmeticmaroc.com\\\/product\\\/bio-stick-sans-huiles-essentielles-enfants-femmes-enceintes-allaitantes\\\/#breadcrumb\"},\"inLanguage\":\"ary\",\"potentialAction\":[{\"@type\":\"ReadAction\",\"target\":[\"https:\\\/\\\/nkcosmeticmaroc.com\\\/product\\\/bio-stick-sans-huiles-essentielles-enfants-femmes-enceintes-allaitantes\\\/\"]}]},{\"@type\":\"ImageObject\",\"inLanguage\":\"ary\",\"@id\":\"https:\\\/\\\/nkcosmeticmaroc.com\\\/product\\\/bio-stick-sans-huiles-essentielles-enfants-femmes-enceintes-allaitantes\\\/#primaryimage\",\"url\":\"https:\\\/\\\/nkcosmeticmaroc.com\\\/wp-content\\\/uploads\\\/2025\\\/11\\\/INSTAGRAM-DEODORNANTS-15.jpg\",\"contentUrl\":\"https:\\\/\\\/nkcosmeticmaroc.com\\\/wp-content\\\/uploads\\\/2025\\\/11\\\/INSTAGRAM-DEODORNANTS-15.jpg\",\"width\":2238,\"height\":2238},{\"@type\":\"BreadcrumbList\",\"@id\":\"https:\\\/\\\/nkcosmeticmaroc.com\\\/product\\\/bio-stick-sans-huiles-essentielles-enfants-femmes-enceintes-allaitantes\\\/#breadcrumb\",\"itemListElement\":[{\"@type\":\"ListItem\",\"position\":1,\"name\":\"Home\",\"item\":\"https:\\\/\\\/nkcosmeticmaroc.com\\\/\"},{\"@type\":\"ListItem\",\"position\":2,\"name\":\"Boutique\",\"item\":\"https:\\\/\\\/nkcosmeticmaroc.com\\\/ar\\\/shop\\\/\"},{\"@type\":\"ListItem\",\"position\":3,\"name\":\"BIO STICK \u2013 Sans Huiles Essentielles (Enfants, Femmes enceintes &#038; allaitantes)\"}]},{\"@type\":\"WebSite\",\"@id\":\"https:\\\/\\\/nkcosmeticmaroc.com\\\/#website\",\"url\":\"https:\\\/\\\/nkcosmeticmaroc.com\\\/\",\"name\":\"nkcosmeticmaroc\",\"description\":\"D\u00e9couvrez des Soins de la Peau Uniques Con\u00e7us Juste pour Vous\",\"potentialAction\":[{\"@type\":\"SearchAction\",\"target\":{\"@type\":\"EntryPoint\",\"urlTemplate\":\"https:\\\/\\\/nkcosmeticmaroc.com\\\/?s={search_term_string}\"},\"query-input\":{\"@type\":\"PropertyValueSpecification\",\"valueRequired\":true,\"valueName\":\"search_term_string\"}}],\"inLanguage\":\"ary\"}]}<\/script>\n<!-- \/ Yoast SEO plugin. -->","yoast_head_json":{"title":"BIO STICK \u2013 Sans Huiles Essentielles (Enfants, Femmes enceintes & allaitantes) -","robots":{"index":"index","follow":"follow","max-snippet":"max-snippet:-1","max-image-preview":"max-image-preview:large","max-video-preview":"max-video-preview:-1"},"canonical":"https:\/\/nkcosmeticmaroc.com\/ar\/product\/bio-stick-sans-huiles-essentielles-enfants-femmes-enceintes-allaitantes\/","og_locale":"ar_AR","og_type":"article","og_title":"BIO STICK \u2013 Sans Huiles Essentielles (Enfants, Femmes enceintes & allaitantes) -","og_description":"D\u00e9odorant naturel doux sans huiles essentielles, id\u00e9al pour enfants et futures mamans.","og_url":"https:\/\/nkcosmeticmaroc.com\/ar\/product\/bio-stick-sans-huiles-essentielles-enfants-femmes-enceintes-allaitantes\/","article_modified_time":"2025-11-12T08:48:05+00:00","og_image":[{"width":2238,"height":2238,"url":"https:\/\/nkcosmeticmaroc.com\/wp-content\/uploads\/2025\/11\/INSTAGRAM-DEODORNANTS-15.jpg","type":"image\/jpeg"}],"twitter_card":"summary_large_image","schema":{"@context":"https:\/\/schema.org","@graph":[{"@type":"WebPage","@id":"https:\/\/nkcosmeticmaroc.com\/product\/bio-stick-sans-huiles-essentielles-enfants-femmes-enceintes-allaitantes\/","url":"https:\/\/nkcosmeticmaroc.com\/product\/bio-stick-sans-huiles-essentielles-enfants-femmes-enceintes-allaitantes\/","name":"BIO STICK \u2013 Sans Huiles Essentielles (Enfants, Femmes enceintes & allaitantes) -","isPartOf":{"@id":"https:\/\/nkcosmeticmaroc.com\/#website"},"primaryImageOfPage":{"@id":"https:\/\/nkcosmeticmaroc.com\/product\/bio-stick-sans-huiles-essentielles-enfants-femmes-enceintes-allaitantes\/#primaryimage"},"image":{"@id":"https:\/\/nkcosmeticmaroc.com\/product\/bio-stick-sans-huiles-essentielles-enfants-femmes-enceintes-allaitantes\/#primaryimage"},"thumbnailUrl":"https:\/\/nkcosmeticmaroc.com\/wp-content\/uploads\/2025\/11\/INSTAGRAM-DEODORNANTS-15.jpg","datePublished":"2025-11-12T08:48:04+00:00","dateModified":"2025-11-12T08:48:05+00:00","breadcrumb":{"@id":"https:\/\/nkcosmeticmaroc.com\/product\/bio-stick-sans-huiles-essentielles-enfants-femmes-enceintes-allaitantes\/#breadcrumb"},"inLanguage":"ary","potentialAction":[{"@type":"ReadAction","target":["https:\/\/nkcosmeticmaroc.com\/product\/bio-stick-sans-huiles-essentielles-enfants-femmes-enceintes-allaitantes\/"]}]},{"@type":"ImageObject","inLanguage":"ary","@id":"https:\/\/nkcosmeticmaroc.com\/product\/bio-stick-sans-huiles-essentielles-enfants-femmes-enceintes-allaitantes\/#primaryimage","url":"https:\/\/nkcosmeticmaroc.com\/wp-content\/uploads\/2025\/11\/INSTAGRAM-DEODORNANTS-15.jpg","contentUrl":"https:\/\/nkcosmeticmaroc.com\/wp-content\/uploads\/2025\/11\/INSTAGRAM-DEODORNANTS-15.jpg","width":2238,"height":2238},{"@type":"BreadcrumbList","@id":"https:\/\/nkcosmeticmaroc.com\/product\/bio-stick-sans-huiles-essentielles-enfants-femmes-enceintes-allaitantes\/#breadcrumb","itemListElement":[{"@type":"ListItem","position":1,"name":"Home","item":"https:\/\/nkcosmeticmaroc.com\/"},{"@type":"ListItem","position":2,"name":"Boutique","item":"https:\/\/nkcosmeticmaroc.com\/ar\/shop\/"},{"@type":"ListItem","position":3,"name":"BIO STICK \u2013 Sans Huiles Essentielles (Enfants, Femmes enceintes &#038; allaitantes)"}]},{"@type":"WebSite","@id":"https:\/\/nkcosmeticmaroc.com\/#website","url":"https:\/\/nkcosmeticmaroc.com\/","name":"nkcosmeticmaroc","description":"\u0627\u0643\u062a\u0634\u0641\u0648\u0627 \u0623\u0633\u0631\u0627\u0631 \u0627\u0644\u0639\u0646\u0627\u064a\u0629 \u0628\u0627\u0644\u0628\u0634\u0631\u0629 \u0627\u0644\u0645\u0635\u0645\u0645\u0629 \u062e\u0635\u064a\u0635\u064b\u0627 \u0644\u062c\u0645\u0627\u0644\u0643\u0645 \u0627\u0644\u0637\u0628\u064a\u0639\u064a.","potentialAction":[{"@type":"SearchAction","target":{"@type":"EntryPoint","urlTemplate":"https:\/\/nkcosmeticmaroc.com\/?s={search_term_string}"},"query-input":{"@type":"PropertyValueSpecification","valueRequired":true,"valueName":"search_term_string"}}],"inLanguage":"ary"}]}},"_links":{"self":[{"href":"https:\/\/nkcosmeticmaroc.com\/ar\/wp-json\/wp\/v2\/product\/2129","targetHints":{"allow":["GET"]}}],"collection":[{"href":"https:\/\/nkcosmeticmaroc.com\/ar\/wp-json\/wp\/v2\/product"}],"about":[{"href":"https:\/\/nkcosmeticmaroc.com\/ar\/wp-json\/wp\/v2\/types\/product"}],"replies":[{"embeddable":true,"href":"https:\/\/nkcosmeticmaroc.com\/ar\/wp-json\/wp\/v2\/comments?post=2129"}],"wp:featuredmedia":[{"embeddable":true,"href":"https:\/\/nkcosmeticmaroc.com\/ar\/wp-json\/wp\/v2\/media\/2125"}],"wp:attachment":[{"href":"https:\/\/nkcosmeticmaroc.com\/ar\/wp-json\/wp\/v2\/media?parent=2129"}],"wp:term":[{"taxonomy":"product_brand","embeddable":true,"href":"https:\/\/nkcosmeticmaroc.com\/ar\/wp-json\/wp\/v2\/product_brand?post=2129"},{"taxonomy":"product_cat","embeddable":true,"href":"https:\/\/nkcosmeticmaroc.com\/ar\/wp-json\/wp\/v2\/product_cat?post=2129"},{"taxonomy":"product_tag","embeddable":true,"href":"https:\/\/nkcosmeticmaroc.com\/ar\/wp-json\/wp\/v2\/product_tag?post=2129"}],"curies":[{"name":"wp","href":"https:\/\/api.w.org\/{rel}","templated":true}]}}