{"id":499,"date":"2024-09-06T18:31:22","date_gmt":"2024-09-06T18:31:22","guid":{"rendered":"https:\/\/nkcosmeticmaroc.com\/?post_type=product&#038;p=499"},"modified":"2025-06-17T11:46:52","modified_gmt":"2025-06-17T11:46:52","slug":"mums-sawalif","status":"publish","type":"product","link":"https:\/\/nkcosmeticmaroc.com\/ar\/product\/mums-sawalif\/","title":{"rendered":"\u0633\u0648\u0627\u0644\u0641 \u0627\u0644\u0623\u0645\u0647\u0627\u062a"},"content":{"rendered":"<p>\u0633\u064a\u0631\u0648\u0645 \u0645\u0636\u0627\u062f \u0644\u062a\u0633\u0627\u0642\u0637 \u0627\u0644\u0634\u0639\u0631 \u0644\u0644\u0646\u0633\u0627\u0621 \u0627\u0644\u062d\u0648\u0627\u0645\u0644 \u0648\u0627\u0644\u0645\u0631\u0636\u0639\u0627\u062a\n\n\u0627\u0643\u062a\u0634\u0641\u064a \u0642\u0648\u0629 \u0627\u0644\u0639\u0646\u0627\u064a\u0629 \u0627\u0644\u0637\u0628\u064a\u0639\u064a\u0629 \u0645\u0639 \u0647\u0630\u0627 \u0627\u0644\u0633\u064a\u0631\u0648\u0645 \u0627\u0644\u0645\u0635\u0645\u0645 \u062e\u0635\u064a\u0635\u064b\u0627 \u0644\u0644\u0646\u0633\u0627\u0621 \u0627\u0644\u062d\u0648\u0627\u0645\u0644 \u0648\u0627\u0644\u0645\u0631\u0636\u0639\u0627\u062a. \u064a\u062d\u062a\u0648\u064a \u0639\u0644\u0649 \u0645\u0643\u0648\u0646\u0627\u062a \u0637\u0628\u064a\u0639\u064a\u0629 \u0622\u0645\u0646\u0629 \u062a\u0639\u0632\u0632 \u0635\u062d\u0629 \u0634\u0639\u0631\u0643\u060c \u062d\u064a\u062b \u064a\u0642\u0648\u064a \u0628\u0644\u0637\u0641 \u0627\u0644\u0634\u0639\u0631 \u0627\u0644\u0636\u0639\u064a\u0641 \u0627\u0644\u0646\u0627\u062a\u062c \u0639\u0646 \u0627\u0644\u062a\u063a\u064a\u0631\u0627\u062a \u0627\u0644\u0647\u0631\u0645\u0648\u0646\u064a\u0629.\n\n\u064a\u0639\u0645\u0644 \u0647\u0630\u0627 \u0627\u0644\u0633\u064a\u0631\u0648\u0645 \u0639\u0644\u0649 \u062a\u062d\u0641\u064a\u0632 \u0646\u0645\u0648 \u0627\u0644\u0634\u0639\u0631 \u0645\u0646 \u062c\u062f\u064a\u062f \u0648\u064a\u0642\u0644\u0644 \u0645\u0646 \u062a\u0633\u0627\u0642\u0637\u0647\u060c \u0645\u0645\u0627 \u064a\u0645\u0646\u062d\u0643 \u0634\u0639\u0648\u0631\u064b\u0627 \u0628\u0627\u0644\u062b\u0642\u0629 \u0648\u0627\u0644\u062c\u0645\u0627\u0644 \u062e\u0644\u0627\u0644 \u0647\u0630\u0647 \u0627\u0644\u0645\u0631\u062d\u0644\u0629 \u0627\u0644\u0645\u0647\u0645\u0629 \u0645\u0646 \u062d\u064a\u0627\u062a\u0643. \u0643\u0645\u0627 \u0623\u0646 \u062a\u0631\u0643\u064a\u0628\u062a\u0647 \u062e\u0627\u0644\u064a\u0629 \u0645\u0646 \u0627\u0644\u0632\u064a\u0648\u062a \u0627\u0644\u0623\u0633\u0627\u0633\u064a\u0629\u060c \u0645\u0645\u0627 \u064a\u062c\u0639\u0644\u0647 \u0645\u0646\u0627\u0633\u0628\u064b\u0627 \u062a\u0645\u0627\u0645\u064b\u0627 \u0644\u0641\u0631\u0648\u0629 \u0627\u0644\u0631\u0623\u0633 \u0627\u0644\u062d\u0633\u0627\u0633\u0629.\n\n\u0645\u0639 \u0643\u0644 \u062a\u0637\u0628\u064a\u0642\u060c \u0633\u062a\u0644\u0627\u062d\u0638\u064a\u0646 \u0643\u064a\u0641 \u064a\u0633\u062a\u0639\u064a\u062f \u0634\u0639\u0631\u0643 \u062d\u064a\u0648\u064a\u062a\u0647 \u0648\u0644\u0645\u0639\u0627\u0646\u0647\u060c \u0645\u0645\u0627 \u064a\u062c\u0639\u0644\u0647 \u0623\u0643\u062b\u0631 \u0643\u062b\u0627\u0641\u0629 \u0648\u0642\u0648\u0629. \u0627\u062e\u062a\u0628\u0631\u064a \u0647\u0630\u0647 \u0627\u0644\u062a\u062c\u0631\u0628\u0629 \u0627\u0644\u0641\u0631\u064a\u062f\u0629 \u0648\u0627\u062d\u0635\u0644\u064a \u0639\u0644\u0649 \u0634\u0639\u0631 \u0635\u062d\u064a \u0648\u062c\u0645\u064a\u0644\u060c \u0645\u0647\u0645\u0627 \u0643\u0627\u0646\u062a \u0627\u0644\u062a\u062d\u062f\u064a\u0627\u062a.<\/p>","protected":false},"excerpt":{"rendered":"<p>\u0633\u064a\u0631\u0648\u0645 \u0645\u0636\u0627\u062f \u0644\u062a\u0633\u0627\u0642\u0637 \u0627\u0644\u0634\u0639\u0631 \u0644\u0644\u0646\u0633\u0627\u0621 \u0627\u0644\u062d\u0648\u0627\u0645\u0644 \u0648\u0627\u0644\u0645\u0631\u0636\u0639\u0627\u062a\n\n\u0627\u0643\u062a\u0634\u0641\u064a \u0642\u0648\u0629 \u0627\u0644\u0639\u0646\u0627\u064a\u0629 \u0627\u0644\u0637\u0628\u064a\u0639\u064a\u0629 \u0645\u0639 \u0647\u0630\u0627 \u0627\u0644\u0633\u064a\u0631\u0648\u0645 \u0627\u0644\u0645\u0635\u0645\u0645 \u062e\u0635\u064a\u0635\u064b\u0627 \u0644\u0644\u0646\u0633\u0627\u0621 \u0627\u0644\u062d\u0648\u0627\u0645\u0644 \u0648\u0627\u0644\u0645\u0631\u0636\u0639\u0627\u062a. \u064a\u062d\u062a\u0648\u064a \u0639\u0644\u0649 \u0645\u0643\u0648\u0646\u0627\u062a \u0637\u0628\u064a\u0639\u064a\u0629 \u0622\u0645\u0646\u0629 \u062a\u0639\u0632\u0632 \u0635\u062d\u0629 \u0634\u0639\u0631\u0643\u060c \u062d\u064a\u062b \u064a\u0642\u0648\u064a \u0628\u0644\u0637\u0641 \u0627\u0644\u0634\u0639\u0631 \u0627\u0644\u0636\u0639\u064a\u0641 \u0627\u0644\u0646\u0627\u062a\u062c \u0639\u0646 \u0627\u0644\u062a\u063a\u064a\u0631\u0627\u062a \u0627\u0644\u0647\u0631\u0645\u0648\u0646\u064a\u0629.\n\n\u064a\u0639\u0645\u0644 \u0647\u0630\u0627 \u0627\u0644\u0633\u064a\u0631\u0648\u0645 \u0639\u0644\u0649 \u062a\u062d\u0641\u064a\u0632 \u0646\u0645\u0648 \u0627\u0644\u0634\u0639\u0631 \u0645\u0646 \u062c\u062f\u064a\u062f \u0648\u064a\u0642\u0644\u0644 \u0645\u0646 \u062a\u0633\u0627\u0642\u0637\u0647\u060c \u0645\u0645\u0627 \u064a\u0645\u0646\u062d\u0643 \u0634\u0639\u0648\u0631\u064b\u0627 \u0628\u0627\u0644\u062b\u0642\u0629 \u0648\u0627\u0644\u062c\u0645\u0627\u0644 \u062e\u0644\u0627\u0644 \u0647\u0630\u0647 \u0627\u0644\u0645\u0631\u062d\u0644\u0629 \u0627\u0644\u0645\u0647\u0645\u0629 \u0645\u0646 \u062d\u064a\u0627\u062a\u0643. \u0643\u0645\u0627 \u0623\u0646 \u062a\u0631\u0643\u064a\u0628\u062a\u0647 \u062e\u0627\u0644\u064a\u0629 \u0645\u0646 \u0627\u0644\u0632\u064a\u0648\u062a \u0627\u0644\u0623\u0633\u0627\u0633\u064a\u0629\u060c \u0645\u0645\u0627 \u064a\u062c\u0639\u0644\u0647 \u0645\u0646\u0627\u0633\u0628\u064b\u0627 \u062a\u0645\u0627\u0645\u064b\u0627 \u0644\u0641\u0631\u0648\u0629 \u0627\u0644\u0631\u0623\u0633 \u0627\u0644\u062d\u0633\u0627\u0633\u0629.\n\n\u0645\u0639 \u0643\u0644 \u062a\u0637\u0628\u064a\u0642\u060c \u0633\u062a\u0644\u0627\u062d\u0638\u064a\u0646 \u0643\u064a\u0641 \u064a\u0633\u062a\u0639\u064a\u062f \u0634\u0639\u0631\u0643 \u062d\u064a\u0648\u064a\u062a\u0647 \u0648\u0644\u0645\u0639\u0627\u0646\u0647\u060c \u0645\u0645\u0627 \u064a\u062c\u0639\u0644\u0647 \u0623\u0643\u062b\u0631 \u0643\u062b\u0627\u0641\u0629 \u0648\u0642\u0648\u0629. \u0627\u062e\u062a\u0628\u0631\u064a \u0647\u0630\u0647 \u0627\u0644\u062a\u062c\u0631\u0628\u0629 \u0627\u0644\u0641\u0631\u064a\u062f\u0629 \u0648\u0627\u062d\u0635\u0644\u064a \u0639\u0644\u0649 \u0634\u0639\u0631 \u0635\u062d\u064a \u0648\u062c\u0645\u064a\u0644\u060c \u0645\u0647\u0645\u0627 \u0643\u0627\u0646\u062a \u0627\u0644\u062a\u062d\u062f\u064a\u0627\u062a.<\/p>","protected":false},"featured_media":985,"comment_status":"open","ping_status":"closed","template":"","meta":{"site-sidebar-layout":"default","site-content-layout":"","ast-site-content-layout":"default","site-content-style":"default","site-sidebar-style":"default","ast-global-header-display":"","ast-banner-title-visibility":"","ast-main-header-display":"","ast-hfb-above-header-display":"","ast-hfb-below-header-display":"","ast-hfb-mobile-header-display":"","site-post-title":"","ast-breadcrumbs-content":"","ast-featured-img":"","footer-sml-layout":"","ast-disable-related-posts":"","theme-transparent-header-meta":"default","adv-header-id-meta":"","stick-header-meta":"","header-above-stick-meta":"","header-main-stick-meta":"","header-below-stick-meta":"","astra-migrate-meta-layouts":"set","ast-page-background-enabled":"default","ast-page-background-meta":{"desktop":{"background-color":"var(--ast-global-color-4)","background-image":"","background-repeat":"repeat","background-position":"center center","background-size":"auto","background-attachment":"scroll","background-type":"","background-media":"","overlay-type":"","overlay-color":"","overlay-opacity":"","overlay-gradient":""},"tablet":{"background-color":"","background-image":"","background-repeat":"repeat","background-position":"center center","background-size":"auto","background-attachment":"scroll","background-type":"","background-media":"","overlay-type":"","overlay-color":"","overlay-opacity":"","overlay-gradient":""},"mobile":{"background-color":"","background-image":"","background-repeat":"repeat","background-position":"center center","background-size":"auto","background-attachment":"scroll","background-type":"","background-media":"","overlay-type":"","overlay-color":"","overlay-opacity":"","overlay-gradient":""}},"ast-content-background-meta":{"desktop":{"background-color":"var(--ast-global-color-5)","background-image":"","background-repeat":"repeat","background-position":"center center","background-size":"auto","background-attachment":"scroll","background-type":"","background-media":"","overlay-type":"","overlay-color":"","overlay-opacity":"","overlay-gradient":""},"tablet":{"background-color":"var(--ast-global-color-5)","background-image":"","background-repeat":"repeat","background-position":"center center","background-size":"auto","background-attachment":"scroll","background-type":"","background-media":"","overlay-type":"","overlay-color":"","overlay-opacity":"","overlay-gradient":""},"mobile":{"background-color":"var(--ast-global-color-5)","background-image":"","background-repeat":"repeat","background-position":"center center","background-size":"auto","background-attachment":"scroll","background-type":"","background-media":"","overlay-type":"","overlay-color":"","overlay-opacity":"","overlay-gradient":""}}},"product_brand":[],"product_cat":[48,46],"product_tag":[],"class_list":{"0":"post-499","1":"product","2":"type-product","3":"status-publish","4":"has-post-thumbnail","6":"product_cat-cheveux","7":"product_cat-maman-et-bebe","8":"desktop-align-center","9":"tablet-align-center","10":"mobile-align-center","12":"first","13":"instock","14":"sale","15":"featured","16":"shipping-taxable","17":"purchasable","18":"product-type-simple"},"yoast_head":"<!-- This site is optimized with the Yoast SEO plugin v27.4 - https:\/\/yoast.com\/product\/yoast-seo-wordpress\/ -->\n<title>Mums Sawalif -<\/title>\n<meta name=\"robots\" content=\"index, follow, max-snippet:-1, max-image-preview:large, max-video-preview:-1\" \/>\n<link rel=\"canonical\" href=\"https:\/\/nkcosmeticmaroc.com\/ar\/product\/mums-sawalif\/\" \/>\n<meta property=\"og:locale\" content=\"ar_AR\" \/>\n<meta property=\"og:type\" content=\"article\" \/>\n<meta property=\"og:title\" content=\"Mums Sawalif -\" \/>\n<meta property=\"og:description\" content=\"S\u00e9rum capillaire anti-chute pour femmes enceintes et allaitantes, formul\u00e9 avec des ingr\u00e9dients naturels s\u00fbrs, fortifie en douceur les cheveux affaiblis par les changements hormonaux, stimule leur croissance et pr\u00e9vient la chute. Ce soin renforce la vitalit\u00e9 des cheveux et est parfaitement adapt\u00e9 \u00e0 cette p\u00e9riode sensible, sans huiles essentielles.\" \/>\n<meta property=\"og:url\" content=\"https:\/\/nkcosmeticmaroc.com\/ar\/product\/mums-sawalif\/\" \/>\n<meta property=\"article:modified_time\" content=\"2025-06-17T11:46:52+00:00\" \/>\n<meta property=\"og:image\" content=\"https:\/\/nkcosmeticmaroc.com\/wp-content\/uploads\/2024\/09\/IMG_BC71F81320EE-12.jpeg\" \/>\n\t<meta property=\"og:image:width\" content=\"1279\" \/>\n\t<meta property=\"og:image:height\" content=\"1280\" \/>\n\t<meta property=\"og:image:type\" content=\"image\/jpeg\" \/>\n<meta name=\"twitter:card\" content=\"summary_large_image\" \/>\n<script type=\"application\/ld+json\" class=\"yoast-schema-graph\">{\"@context\":\"https:\\\/\\\/schema.org\",\"@graph\":[{\"@type\":\"WebPage\",\"@id\":\"https:\\\/\\\/nkcosmeticmaroc.com\\\/product\\\/mums-sawalif\\\/\",\"url\":\"https:\\\/\\\/nkcosmeticmaroc.com\\\/product\\\/mums-sawalif\\\/\",\"name\":\"Mums Sawalif -\",\"isPartOf\":{\"@id\":\"https:\\\/\\\/nkcosmeticmaroc.com\\\/#website\"},\"primaryImageOfPage\":{\"@id\":\"https:\\\/\\\/nkcosmeticmaroc.com\\\/product\\\/mums-sawalif\\\/#primaryimage\"},\"image\":{\"@id\":\"https:\\\/\\\/nkcosmeticmaroc.com\\\/product\\\/mums-sawalif\\\/#primaryimage\"},\"thumbnailUrl\":\"https:\\\/\\\/nkcosmeticmaroc.com\\\/wp-content\\\/uploads\\\/2024\\\/09\\\/IMG_BC71F81320EE-12.jpeg\",\"datePublished\":\"2024-09-06T18:31:22+00:00\",\"dateModified\":\"2025-06-17T11:46:52+00:00\",\"breadcrumb\":{\"@id\":\"https:\\\/\\\/nkcosmeticmaroc.com\\\/product\\\/mums-sawalif\\\/#breadcrumb\"},\"inLanguage\":\"ary\",\"potentialAction\":[{\"@type\":\"ReadAction\",\"target\":[\"https:\\\/\\\/nkcosmeticmaroc.com\\\/product\\\/mums-sawalif\\\/\"]}]},{\"@type\":\"ImageObject\",\"inLanguage\":\"ary\",\"@id\":\"https:\\\/\\\/nkcosmeticmaroc.com\\\/product\\\/mums-sawalif\\\/#primaryimage\",\"url\":\"https:\\\/\\\/nkcosmeticmaroc.com\\\/wp-content\\\/uploads\\\/2024\\\/09\\\/IMG_BC71F81320EE-12.jpeg\",\"contentUrl\":\"https:\\\/\\\/nkcosmeticmaroc.com\\\/wp-content\\\/uploads\\\/2024\\\/09\\\/IMG_BC71F81320EE-12.jpeg\",\"width\":1279,\"height\":1280},{\"@type\":\"BreadcrumbList\",\"@id\":\"https:\\\/\\\/nkcosmeticmaroc.com\\\/product\\\/mums-sawalif\\\/#breadcrumb\",\"itemListElement\":[{\"@type\":\"ListItem\",\"position\":1,\"name\":\"Home\",\"item\":\"https:\\\/\\\/nkcosmeticmaroc.com\\\/\"},{\"@type\":\"ListItem\",\"position\":2,\"name\":\"Boutique\",\"item\":\"https:\\\/\\\/nkcosmeticmaroc.com\\\/ar\\\/shop\\\/\"},{\"@type\":\"ListItem\",\"position\":3,\"name\":\"Mums Sawalif\"}]},{\"@type\":\"WebSite\",\"@id\":\"https:\\\/\\\/nkcosmeticmaroc.com\\\/#website\",\"url\":\"https:\\\/\\\/nkcosmeticmaroc.com\\\/\",\"name\":\"nkcosmeticmaroc\",\"description\":\"D\u00e9couvrez des Soins de la Peau Uniques Con\u00e7us Juste pour Vous\",\"potentialAction\":[{\"@type\":\"SearchAction\",\"target\":{\"@type\":\"EntryPoint\",\"urlTemplate\":\"https:\\\/\\\/nkcosmeticmaroc.com\\\/?s={search_term_string}\"},\"query-input\":{\"@type\":\"PropertyValueSpecification\",\"valueRequired\":true,\"valueName\":\"search_term_string\"}}],\"inLanguage\":\"ary\"}]}<\/script>\n<!-- \/ Yoast SEO plugin. -->","yoast_head_json":{"title":"Mums Sawalif -","robots":{"index":"index","follow":"follow","max-snippet":"max-snippet:-1","max-image-preview":"max-image-preview:large","max-video-preview":"max-video-preview:-1"},"canonical":"https:\/\/nkcosmeticmaroc.com\/ar\/product\/mums-sawalif\/","og_locale":"ar_AR","og_type":"article","og_title":"Mums Sawalif -","og_description":"S\u00e9rum capillaire anti-chute pour femmes enceintes et allaitantes, formul\u00e9 avec des ingr\u00e9dients naturels s\u00fbrs, fortifie en douceur les cheveux affaiblis par les changements hormonaux, stimule leur croissance et pr\u00e9vient la chute. Ce soin renforce la vitalit\u00e9 des cheveux et est parfaitement adapt\u00e9 \u00e0 cette p\u00e9riode sensible, sans huiles essentielles.","og_url":"https:\/\/nkcosmeticmaroc.com\/ar\/product\/mums-sawalif\/","article_modified_time":"2025-06-17T11:46:52+00:00","og_image":[{"width":1279,"height":1280,"url":"https:\/\/nkcosmeticmaroc.com\/wp-content\/uploads\/2024\/09\/IMG_BC71F81320EE-12.jpeg","type":"image\/jpeg"}],"twitter_card":"summary_large_image","schema":{"@context":"https:\/\/schema.org","@graph":[{"@type":"WebPage","@id":"https:\/\/nkcosmeticmaroc.com\/product\/mums-sawalif\/","url":"https:\/\/nkcosmeticmaroc.com\/product\/mums-sawalif\/","name":"Mums Sawalif -","isPartOf":{"@id":"https:\/\/nkcosmeticmaroc.com\/#website"},"primaryImageOfPage":{"@id":"https:\/\/nkcosmeticmaroc.com\/product\/mums-sawalif\/#primaryimage"},"image":{"@id":"https:\/\/nkcosmeticmaroc.com\/product\/mums-sawalif\/#primaryimage"},"thumbnailUrl":"https:\/\/nkcosmeticmaroc.com\/wp-content\/uploads\/2024\/09\/IMG_BC71F81320EE-12.jpeg","datePublished":"2024-09-06T18:31:22+00:00","dateModified":"2025-06-17T11:46:52+00:00","breadcrumb":{"@id":"https:\/\/nkcosmeticmaroc.com\/product\/mums-sawalif\/#breadcrumb"},"inLanguage":"ary","potentialAction":[{"@type":"ReadAction","target":["https:\/\/nkcosmeticmaroc.com\/product\/mums-sawalif\/"]}]},{"@type":"ImageObject","inLanguage":"ary","@id":"https:\/\/nkcosmeticmaroc.com\/product\/mums-sawalif\/#primaryimage","url":"https:\/\/nkcosmeticmaroc.com\/wp-content\/uploads\/2024\/09\/IMG_BC71F81320EE-12.jpeg","contentUrl":"https:\/\/nkcosmeticmaroc.com\/wp-content\/uploads\/2024\/09\/IMG_BC71F81320EE-12.jpeg","width":1279,"height":1280},{"@type":"BreadcrumbList","@id":"https:\/\/nkcosmeticmaroc.com\/product\/mums-sawalif\/#breadcrumb","itemListElement":[{"@type":"ListItem","position":1,"name":"Home","item":"https:\/\/nkcosmeticmaroc.com\/"},{"@type":"ListItem","position":2,"name":"Boutique","item":"https:\/\/nkcosmeticmaroc.com\/ar\/shop\/"},{"@type":"ListItem","position":3,"name":"Mums Sawalif"}]},{"@type":"WebSite","@id":"https:\/\/nkcosmeticmaroc.com\/#website","url":"https:\/\/nkcosmeticmaroc.com\/","name":"nkcosmeticmaroc","description":"\u0627\u0643\u062a\u0634\u0641\u0648\u0627 \u0623\u0633\u0631\u0627\u0631 \u0627\u0644\u0639\u0646\u0627\u064a\u0629 \u0628\u0627\u0644\u0628\u0634\u0631\u0629 \u0627\u0644\u0645\u0635\u0645\u0645\u0629 \u062e\u0635\u064a\u0635\u064b\u0627 \u0644\u062c\u0645\u0627\u0644\u0643\u0645 \u0627\u0644\u0637\u0628\u064a\u0639\u064a.","potentialAction":[{"@type":"SearchAction","target":{"@type":"EntryPoint","urlTemplate":"https:\/\/nkcosmeticmaroc.com\/?s={search_term_string}"},"query-input":{"@type":"PropertyValueSpecification","valueRequired":true,"valueName":"search_term_string"}}],"inLanguage":"ary"}]}},"_links":{"self":[{"href":"https:\/\/nkcosmeticmaroc.com\/ar\/wp-json\/wp\/v2\/product\/499","targetHints":{"allow":["GET"]}}],"collection":[{"href":"https:\/\/nkcosmeticmaroc.com\/ar\/wp-json\/wp\/v2\/product"}],"about":[{"href":"https:\/\/nkcosmeticmaroc.com\/ar\/wp-json\/wp\/v2\/types\/product"}],"replies":[{"embeddable":true,"href":"https:\/\/nkcosmeticmaroc.com\/ar\/wp-json\/wp\/v2\/comments?post=499"}],"wp:featuredmedia":[{"embeddable":true,"href":"https:\/\/nkcosmeticmaroc.com\/ar\/wp-json\/wp\/v2\/media\/985"}],"wp:attachment":[{"href":"https:\/\/nkcosmeticmaroc.com\/ar\/wp-json\/wp\/v2\/media?parent=499"}],"wp:term":[{"taxonomy":"product_brand","embeddable":true,"href":"https:\/\/nkcosmeticmaroc.com\/ar\/wp-json\/wp\/v2\/product_brand?post=499"},{"taxonomy":"product_cat","embeddable":true,"href":"https:\/\/nkcosmeticmaroc.com\/ar\/wp-json\/wp\/v2\/product_cat?post=499"},{"taxonomy":"product_tag","embeddable":true,"href":"https:\/\/nkcosmeticmaroc.com\/ar\/wp-json\/wp\/v2\/product_tag?post=499"}],"curies":[{"name":"wp","href":"https:\/\/api.w.org\/{rel}","templated":true}]}}