{"id":504,"date":"2024-09-06T18:36:54","date_gmt":"2024-09-06T18:36:54","guid":{"rendered":"https:\/\/nkcosmeticmaroc.com\/?post_type=product&#038;p=504"},"modified":"2025-05-20T10:53:12","modified_gmt":"2025-05-20T10:53:12","slug":"blush-fenna-%d9%81%d9%86%d9%87","status":"publish","type":"product","link":"https:\/\/nkcosmeticmaroc.com\/ar\/product\/blush-fenna-%d9%81%d9%86%d9%87\/","title":{"rendered":"Blush fenna \u0641\u0646\u0647"},"content":{"rendered":"<p>Blush fenna \u0641\u0646\u0647 by notre soci\u00e9t\u00e9 @nk_cosmetic_maroc concentr\u00e9 100% naturel \u00e0 base de poudre de coquelicot( Akkar Fassi) vous n\u2019avez pas besoin de maquillage si vous avez notre Blush naturel .Une composition naturelle de coquelicot ( Akkar Fassi), \u00e0 double usage car il donne un aspect naturel, et une douce touche de rose \u00e0 vos joues et l\u00e8vres qui dure toute la journ\u00e9e.<br \/>\n\u062a\u062a\u062c\u0627\u0646\u0633 \u062a\u0631\u0643\u064a\u0628\u0629 \u0647\u0630\u0627 \u0627\u0644\u0645\u0646\u062a\u062c \u0628\u0633\u0644\u0627\u0633\u0629 \u0645\u0639 \u0645\u0643\u064a\u0627\u062c\u0643 \u0627\u0644\u064a\u0648\u0645\u064a\u060c \u0645\u0645\u0627 \u062a\u0645\u0646\u062d\u0643 \u0644\u0645\u0633\u0629 \u0646\u0647\u0627\u0626\u064a\u0629 \u0645\u062b\u0627\u0644\u064a\u0629 \u0648\u0645\u0638\u0647\u0631\u064b\u0627 \u0644\u0627\u0645\u0639\u064b\u0627<\/p>\n<p>\u0634\u0631\u0648\u0637 \u0627\u0644\u062a\u062e\u0632\u064a\u0646:<br \/>\n\u0641\u064a \u0645\u0643\u0627\u0646 \u062c\u0627\u0641\u060c \u0628\u0639\u064a\u062f\u064b\u0627 \u0639\u0646 \u0627\u0644\u062d\u0631\u0627\u0631\u0629 \u0648\u0627\u0644\u0636\u0648\u0621.<\/p>\n<p>\u0623\u0635\u0644 \u0627\u0644\u0645\u0646\u062a\u062c: \u0627\u0644\u0645\u063a\u0631\u0628<\/p>\n<p>\u0637\u0631\u064a\u0642\u0629 \u0627\u0644\u062a\u0639\u0628\u0626\u0629: \u0632\u062c\u0627\u062c\u0629 \u0645\u0632\u0648\u062f\u0629 \u0628\u0642\u0637\u0627\u0631\u0629<\/p>\n<p>\u0627\u0644\u062d\u062c\u0645: 15 \u0645\u0644<\/p>\n<p>SPF : 30\ud83c\udf1e<\/p>","protected":false},"excerpt":{"rendered":"<p>Blush Fenna \u0641\u0646\u0647 \u0645\u0646 \u0634\u0631\u0643\u062a\u0646\u0627 @nk_cosmetic_maroc \u0647\u0648 \u0645\u0646\u062a\u062c \u0645\u0631\u0643\u0632 100% \u0637\u0628\u064a\u0639\u064a \u064a\u0639\u062a\u0645\u062f \u0639\u0644\u0649 \u0645\u0633\u062d\u0648\u0642 \u0627\u0644\u062e\u0634\u062e\u0627\u0634 (\u0623\u0643\u0627\u0631 \u0641\u0627\u0633\u064a).<\/p>\n<p>\u062a\u062a\u062c\u0627\u0646\u0633 \u062a\u0631\u0643\u064a\u0628\u062a\u0647 \u0628\u0633\u0644\u0627\u0633\u0629 \u0645\u0639 \u0645\u0643\u064a\u0627\u062c\u0643 \u0627\u0644\u064a\u0648\u0645\u064a\u060c \u0645\u0645\u0627 \u064a\u0645\u0646\u062d\u0643 \u0644\u0645\u0633\u0629 \u0646\u0647\u0627\u0626\u064a\u0629 \u0645\u062b\u0627\u0644\u064a\u0629 \u0648\u0645\u0638\u0647\u0631\u064b\u0627 \u0645\u0634\u0631\u0642\u064b\u0627.<\/p>\n<p>\u0648\u064a\u062a\u0645\u064a\u0632 \u0628\u0645\u064a\u0632\u0629 \u0627\u0633\u062a\u062e\u062f\u0627\u0645 \u0645\u0632\u062f\u0648\u062c\u0629\u060c \u062d\u064a\u062b \u064a\u0645\u0646\u062d\u0643 \u0645\u0638\u0647\u0631\u064b\u0627 \u0637\u0628\u064a\u0639\u064a\u064b\u0627 \u0648\u0644\u0645\u0633\u0629 \u0631\u0642\u064a\u0642\u0629 \u0645\u0646 \u0627\u0644\u0644\u0648\u0646 \u0627\u0644\u0648\u0631\u062f\u064a \u0639\u0644\u0649 \u062e\u062f\u0648\u062f\u0643 \u0648\u0634\u0641\u0627\u0647\u0643 \u062a\u062f\u0648\u0645 \u0637\u0648\u0627\u0644 \u0627\u0644\u064a\u0648\u0645.<br \/>\n\u062a\u062a\u062c\u0627\u0646\u0633 \u062a\u0631\u0643\u064a\u0628\u0629 \u0647\u0630\u0627 \u0627\u0644\u0645\u0646\u062a\u062c \u0628\u0633\u0644\u0627\u0633\u0629 \u0645\u0639 \u0645\u0643\u064a\u0627\u062c\u0643 \u0627\u0644\u064a\u0648\u0645\u064a\u060c \u0645\u0645\u0627 \u062a\u0645\u0646\u062d\u0643 \u0644\u0645\u0633\u0629 \u0646\u0647\u0627\u0626\u064a\u0629 \u0645\u062b\u0627\u0644\u064a\u0629 \u0648\u0645\u0638\u0647\u0631\u064b\u0627 \u0644\u0627\u0645\u0639\u064b\u0627<\/p>\n<p>\u0634\u0631\u0648\u0637 \u0627\u0644\u062a\u062e\u0632\u064a\u0646:<br \/>\n\u0641\u064a \u0645\u0643\u0627\u0646 \u062c\u0627\u0641\u060c \u0628\u0639\u064a\u062f\u064b\u0627 \u0639\u0646 \u0627\u0644\u062d\u0631\u0627\u0631\u0629 \u0648\u0627\u0644\u0636\u0648\u0621.<\/p>\n<p>\u0623\u0635\u0644 \u0627\u0644\u0645\u0646\u062a\u062c: \u0627\u0644\u0645\u063a\u0631\u0628<\/p>\n<p>\u0637\u0631\u064a\u0642\u0629 \u0627\u0644\u062a\u0639\u0628\u0626\u0629: \u0632\u062c\u0627\u062c\u0629 \u0645\u0632\u0648\u062f\u0629 \u0628\u0642\u0637\u0627\u0631\u0629<\/p>\n<p>\u0627\u0644\u062d\u062c\u0645: 15 \u0645\u0644<\/p>\n<p>SPF : 30\ud83c\udf1e<\/p>","protected":false},"featured_media":978,"comment_status":"open","ping_status":"closed","template":"","meta":{"site-sidebar-layout":"default","site-content-layout":"","ast-site-content-layout":"default","site-content-style":"default","site-sidebar-style":"default","ast-global-header-display":"","ast-banner-title-visibility":"","ast-main-header-display":"","ast-hfb-above-header-display":"","ast-hfb-below-header-display":"","ast-hfb-mobile-header-display":"","site-post-title":"","ast-breadcrumbs-content":"","ast-featured-img":"","footer-sml-layout":"","ast-disable-related-posts":"","theme-transparent-header-meta":"default","adv-header-id-meta":"","stick-header-meta":"","header-above-stick-meta":"","header-main-stick-meta":"","header-below-stick-meta":"","astra-migrate-meta-layouts":"set","ast-page-background-enabled":"default","ast-page-background-meta":{"desktop":{"background-color":"var(--ast-global-color-4)","background-image":"","background-repeat":"repeat","background-position":"center center","background-size":"auto","background-attachment":"scroll","background-type":"","background-media":"","overlay-type":"","overlay-color":"","overlay-opacity":"","overlay-gradient":""},"tablet":{"background-color":"","background-image":"","background-repeat":"repeat","background-position":"center center","background-size":"auto","background-attachment":"scroll","background-type":"","background-media":"","overlay-type":"","overlay-color":"","overlay-opacity":"","overlay-gradient":""},"mobile":{"background-color":"","background-image":"","background-repeat":"repeat","background-position":"center center","background-size":"auto","background-attachment":"scroll","background-type":"","background-media":"","overlay-type":"","overlay-color":"","overlay-opacity":"","overlay-gradient":""}},"ast-content-background-meta":{"desktop":{"background-color":"var(--ast-global-color-5)","background-image":"","background-repeat":"repeat","background-position":"center center","background-size":"auto","background-attachment":"scroll","background-type":"","background-media":"","overlay-type":"","overlay-color":"","overlay-opacity":"","overlay-gradient":""},"tablet":{"background-color":"var(--ast-global-color-5)","background-image":"","background-repeat":"repeat","background-position":"center center","background-size":"auto","background-attachment":"scroll","background-type":"","background-media":"","overlay-type":"","overlay-color":"","overlay-opacity":"","overlay-gradient":""},"mobile":{"background-color":"var(--ast-global-color-5)","background-image":"","background-repeat":"repeat","background-position":"center center","background-size":"auto","background-attachment":"scroll","background-type":"","background-media":"","overlay-type":"","overlay-color":"","overlay-opacity":"","overlay-gradient":""}}},"product_brand":[],"product_cat":[49],"product_tag":[],"class_list":{"0":"post-504","1":"product","2":"type-product","3":"status-publish","4":"has-post-thumbnail","6":"product_cat-visage","7":"desktop-align-center","8":"tablet-align-center","9":"mobile-align-center","11":"first","12":"instock","13":"featured","14":"shipping-taxable","15":"purchasable","16":"product-type-simple"},"yoast_head":"<!-- This site is optimized with the Yoast SEO plugin v27.4 - https:\/\/yoast.com\/product\/yoast-seo-wordpress\/ -->\n<title>Blush fenna \u0641\u0646\u0647 -<\/title>\n<meta name=\"robots\" content=\"index, follow, max-snippet:-1, max-image-preview:large, max-video-preview:-1\" \/>\n<link rel=\"canonical\" href=\"https:\/\/nkcosmeticmaroc.com\/ar\/product\/blush-fenna-\u0641\u0646\u0647\/\" \/>\n<meta property=\"og:locale\" content=\"ar_AR\" \/>\n<meta property=\"og:type\" content=\"article\" \/>\n<meta property=\"og:title\" content=\"Blush fenna \u0641\u0646\u0647 -\" \/>\n<meta property=\"og:description\" content=\"Blush fenna \u0641\u0646\u0647 by notre soci\u00e9t\u00e9 @nk_cosmetic_maroc concentr\u00e9 100% naturel \u00e0 base de poudre de coquelicot( Akkar Fassi)  Vous n\u2019avez pas besoin de maquillage si vous avez notre Blush naturel .  Une composition naturelle de coquelicot ( Akkar Fassi), \u00e0 double usage car il donne un aspect naturel, et une douce touche de rose \u00e0 vos joues et l\u00e8vres qui dure toute la journ\u00e9e. Sa formule se marie parfaitement \u00e0 votre maquillage de tous les jours pour donner une finition impeccable et un look brillant.  Conditions de conservation: Au sec, \u00e0 l\u2019abri de la chaleur et de lumi\u00e8re.  ORIGINE DU PRODUIT: MAROC  PRESENTATION: FLACON EN VERRE PIPETTE  VOLUME : 15 ML  SPF : 30\ud83c\udf1e\" \/>\n<meta property=\"og:url\" content=\"https:\/\/nkcosmeticmaroc.com\/ar\/product\/blush-fenna-\u0641\u0646\u0647\/\" \/>\n<meta property=\"article:modified_time\" content=\"2025-05-20T10:53:12+00:00\" \/>\n<meta property=\"og:image\" content=\"https:\/\/nkcosmeticmaroc.com\/wp-content\/uploads\/2024\/09\/IMG_BC71F81320EE-9.jpeg\" \/>\n\t<meta property=\"og:image:width\" content=\"1279\" \/>\n\t<meta property=\"og:image:height\" content=\"1280\" \/>\n\t<meta property=\"og:image:type\" content=\"image\/jpeg\" \/>\n<meta name=\"twitter:card\" content=\"summary_large_image\" \/>\n<meta name=\"twitter:label1\" content=\"Est. reading time\" \/>\n\t<meta name=\"twitter:data1\" content=\"1 minute\" \/>\n<script type=\"application\/ld+json\" class=\"yoast-schema-graph\">{\"@context\":\"https:\\\/\\\/schema.org\",\"@graph\":[{\"@type\":\"WebPage\",\"@id\":\"https:\\\/\\\/nkcosmeticmaroc.com\\\/product\\\/blush-fenna-%d9%81%d9%86%d9%87\\\/\",\"url\":\"https:\\\/\\\/nkcosmeticmaroc.com\\\/product\\\/blush-fenna-%d9%81%d9%86%d9%87\\\/\",\"name\":\"Blush fenna \u0641\u0646\u0647 -\",\"isPartOf\":{\"@id\":\"https:\\\/\\\/nkcosmeticmaroc.com\\\/#website\"},\"primaryImageOfPage\":{\"@id\":\"https:\\\/\\\/nkcosmeticmaroc.com\\\/product\\\/blush-fenna-%d9%81%d9%86%d9%87\\\/#primaryimage\"},\"image\":{\"@id\":\"https:\\\/\\\/nkcosmeticmaroc.com\\\/product\\\/blush-fenna-%d9%81%d9%86%d9%87\\\/#primaryimage\"},\"thumbnailUrl\":\"https:\\\/\\\/nkcosmeticmaroc.com\\\/wp-content\\\/uploads\\\/2024\\\/09\\\/IMG_BC71F81320EE-9.jpeg\",\"datePublished\":\"2024-09-06T18:36:54+00:00\",\"dateModified\":\"2025-05-20T10:53:12+00:00\",\"breadcrumb\":{\"@id\":\"https:\\\/\\\/nkcosmeticmaroc.com\\\/product\\\/blush-fenna-%d9%81%d9%86%d9%87\\\/#breadcrumb\"},\"inLanguage\":\"ary\",\"potentialAction\":[{\"@type\":\"ReadAction\",\"target\":[\"https:\\\/\\\/nkcosmeticmaroc.com\\\/product\\\/blush-fenna-%d9%81%d9%86%d9%87\\\/\"]}]},{\"@type\":\"ImageObject\",\"inLanguage\":\"ary\",\"@id\":\"https:\\\/\\\/nkcosmeticmaroc.com\\\/product\\\/blush-fenna-%d9%81%d9%86%d9%87\\\/#primaryimage\",\"url\":\"https:\\\/\\\/nkcosmeticmaroc.com\\\/wp-content\\\/uploads\\\/2024\\\/09\\\/IMG_BC71F81320EE-9.jpeg\",\"contentUrl\":\"https:\\\/\\\/nkcosmeticmaroc.com\\\/wp-content\\\/uploads\\\/2024\\\/09\\\/IMG_BC71F81320EE-9.jpeg\",\"width\":1279,\"height\":1280},{\"@type\":\"BreadcrumbList\",\"@id\":\"https:\\\/\\\/nkcosmeticmaroc.com\\\/product\\\/blush-fenna-%d9%81%d9%86%d9%87\\\/#breadcrumb\",\"itemListElement\":[{\"@type\":\"ListItem\",\"position\":1,\"name\":\"Home\",\"item\":\"https:\\\/\\\/nkcosmeticmaroc.com\\\/\"},{\"@type\":\"ListItem\",\"position\":2,\"name\":\"Boutique\",\"item\":\"https:\\\/\\\/nkcosmeticmaroc.com\\\/ar\\\/shop\\\/\"},{\"@type\":\"ListItem\",\"position\":3,\"name\":\"Blush fenna \u0641\u0646\u0647\"}]},{\"@type\":\"WebSite\",\"@id\":\"https:\\\/\\\/nkcosmeticmaroc.com\\\/#website\",\"url\":\"https:\\\/\\\/nkcosmeticmaroc.com\\\/\",\"name\":\"nkcosmeticmaroc\",\"description\":\"D\u00e9couvrez des Soins de la Peau Uniques Con\u00e7us Juste pour Vous\",\"potentialAction\":[{\"@type\":\"SearchAction\",\"target\":{\"@type\":\"EntryPoint\",\"urlTemplate\":\"https:\\\/\\\/nkcosmeticmaroc.com\\\/?s={search_term_string}\"},\"query-input\":{\"@type\":\"PropertyValueSpecification\",\"valueRequired\":true,\"valueName\":\"search_term_string\"}}],\"inLanguage\":\"ary\"}]}<\/script>\n<!-- \/ Yoast SEO plugin. -->","yoast_head_json":{"title":"Blush fenna \u0641\u0646\u0647 -","robots":{"index":"index","follow":"follow","max-snippet":"max-snippet:-1","max-image-preview":"max-image-preview:large","max-video-preview":"max-video-preview:-1"},"canonical":"https:\/\/nkcosmeticmaroc.com\/ar\/product\/blush-fenna-\u0641\u0646\u0647\/","og_locale":"ar_AR","og_type":"article","og_title":"Blush fenna \u0641\u0646\u0647 -","og_description":"Blush fenna \u0641\u0646\u0647 by notre soci\u00e9t\u00e9 @nk_cosmetic_maroc concentr\u00e9 100% naturel \u00e0 base de poudre de coquelicot( Akkar Fassi)  Vous n\u2019avez pas besoin de maquillage si vous avez notre Blush naturel .  Une composition naturelle de coquelicot ( Akkar Fassi), \u00e0 double usage car il donne un aspect naturel, et une douce touche de rose \u00e0 vos joues et l\u00e8vres qui dure toute la journ\u00e9e. Sa formule se marie parfaitement \u00e0 votre maquillage de tous les jours pour donner une finition impeccable et un look brillant.  Conditions de conservation: Au sec, \u00e0 l\u2019abri de la chaleur et de lumi\u00e8re.  ORIGINE DU PRODUIT: MAROC  PRESENTATION: FLACON EN VERRE PIPETTE  VOLUME : 15 ML  SPF : 30\ud83c\udf1e","og_url":"https:\/\/nkcosmeticmaroc.com\/ar\/product\/blush-fenna-\u0641\u0646\u0647\/","article_modified_time":"2025-05-20T10:53:12+00:00","og_image":[{"width":1279,"height":1280,"url":"https:\/\/nkcosmeticmaroc.com\/wp-content\/uploads\/2024\/09\/IMG_BC71F81320EE-9.jpeg","type":"image\/jpeg"}],"twitter_card":"summary_large_image","twitter_misc":{"Est. reading time":"1 minute"},"schema":{"@context":"https:\/\/schema.org","@graph":[{"@type":"WebPage","@id":"https:\/\/nkcosmeticmaroc.com\/product\/blush-fenna-%d9%81%d9%86%d9%87\/","url":"https:\/\/nkcosmeticmaroc.com\/product\/blush-fenna-%d9%81%d9%86%d9%87\/","name":"Blush fenna \u0641\u0646\u0647 -","isPartOf":{"@id":"https:\/\/nkcosmeticmaroc.com\/#website"},"primaryImageOfPage":{"@id":"https:\/\/nkcosmeticmaroc.com\/product\/blush-fenna-%d9%81%d9%86%d9%87\/#primaryimage"},"image":{"@id":"https:\/\/nkcosmeticmaroc.com\/product\/blush-fenna-%d9%81%d9%86%d9%87\/#primaryimage"},"thumbnailUrl":"https:\/\/nkcosmeticmaroc.com\/wp-content\/uploads\/2024\/09\/IMG_BC71F81320EE-9.jpeg","datePublished":"2024-09-06T18:36:54+00:00","dateModified":"2025-05-20T10:53:12+00:00","breadcrumb":{"@id":"https:\/\/nkcosmeticmaroc.com\/product\/blush-fenna-%d9%81%d9%86%d9%87\/#breadcrumb"},"inLanguage":"ary","potentialAction":[{"@type":"ReadAction","target":["https:\/\/nkcosmeticmaroc.com\/product\/blush-fenna-%d9%81%d9%86%d9%87\/"]}]},{"@type":"ImageObject","inLanguage":"ary","@id":"https:\/\/nkcosmeticmaroc.com\/product\/blush-fenna-%d9%81%d9%86%d9%87\/#primaryimage","url":"https:\/\/nkcosmeticmaroc.com\/wp-content\/uploads\/2024\/09\/IMG_BC71F81320EE-9.jpeg","contentUrl":"https:\/\/nkcosmeticmaroc.com\/wp-content\/uploads\/2024\/09\/IMG_BC71F81320EE-9.jpeg","width":1279,"height":1280},{"@type":"BreadcrumbList","@id":"https:\/\/nkcosmeticmaroc.com\/product\/blush-fenna-%d9%81%d9%86%d9%87\/#breadcrumb","itemListElement":[{"@type":"ListItem","position":1,"name":"Home","item":"https:\/\/nkcosmeticmaroc.com\/"},{"@type":"ListItem","position":2,"name":"Boutique","item":"https:\/\/nkcosmeticmaroc.com\/ar\/shop\/"},{"@type":"ListItem","position":3,"name":"Blush fenna \u0641\u0646\u0647"}]},{"@type":"WebSite","@id":"https:\/\/nkcosmeticmaroc.com\/#website","url":"https:\/\/nkcosmeticmaroc.com\/","name":"nkcosmeticmaroc","description":"\u0627\u0643\u062a\u0634\u0641\u0648\u0627 \u0623\u0633\u0631\u0627\u0631 \u0627\u0644\u0639\u0646\u0627\u064a\u0629 \u0628\u0627\u0644\u0628\u0634\u0631\u0629 \u0627\u0644\u0645\u0635\u0645\u0645\u0629 \u062e\u0635\u064a\u0635\u064b\u0627 \u0644\u062c\u0645\u0627\u0644\u0643\u0645 \u0627\u0644\u0637\u0628\u064a\u0639\u064a.","potentialAction":[{"@type":"SearchAction","target":{"@type":"EntryPoint","urlTemplate":"https:\/\/nkcosmeticmaroc.com\/?s={search_term_string}"},"query-input":{"@type":"PropertyValueSpecification","valueRequired":true,"valueName":"search_term_string"}}],"inLanguage":"ary"}]}},"_links":{"self":[{"href":"https:\/\/nkcosmeticmaroc.com\/ar\/wp-json\/wp\/v2\/product\/504","targetHints":{"allow":["GET"]}}],"collection":[{"href":"https:\/\/nkcosmeticmaroc.com\/ar\/wp-json\/wp\/v2\/product"}],"about":[{"href":"https:\/\/nkcosmeticmaroc.com\/ar\/wp-json\/wp\/v2\/types\/product"}],"replies":[{"embeddable":true,"href":"https:\/\/nkcosmeticmaroc.com\/ar\/wp-json\/wp\/v2\/comments?post=504"}],"wp:featuredmedia":[{"embeddable":true,"href":"https:\/\/nkcosmeticmaroc.com\/ar\/wp-json\/wp\/v2\/media\/978"}],"wp:attachment":[{"href":"https:\/\/nkcosmeticmaroc.com\/ar\/wp-json\/wp\/v2\/media?parent=504"}],"wp:term":[{"taxonomy":"product_brand","embeddable":true,"href":"https:\/\/nkcosmeticmaroc.com\/ar\/wp-json\/wp\/v2\/product_brand?post=504"},{"taxonomy":"product_cat","embeddable":true,"href":"https:\/\/nkcosmeticmaroc.com\/ar\/wp-json\/wp\/v2\/product_cat?post=504"},{"taxonomy":"product_tag","embeddable":true,"href":"https:\/\/nkcosmeticmaroc.com\/ar\/wp-json\/wp\/v2\/product_tag?post=504"}],"curies":[{"name":"wp","href":"https:\/\/api.w.org\/{rel}","templated":true}]}}